{"id":2422,"date":"2023-06-19T11:08:17","date_gmt":"2023-06-19T09:08:17","guid":{"rendered":"https:\/\/feinsinn.ukoo.hosting\/?page_id=2422"},"modified":"2024-07-15T09:29:48","modified_gmt":"2024-07-15T07:29:48","slug":"amalgamentfernung","status":"publish","type":"page","link":"https:\/\/www.feinsinn-zahngesundheit.ch\/de\/dentisterie-biologique\/elimination-des-amalgames\/","title":{"rendered":"Amalgamentfernung"},"content":{"rendered":"<div data-elementor-type=\"wp-page\" data-elementor-id=\"2422\" class=\"elementor elementor-2422\" data-elementor-post-type=\"page\">\n\t\t\t\t\t\t<section class=\"elementor-section elementor-top-section elementor-element elementor-element-680557b9 elementor-section-height-min-height elementor-section-boxed elementor-section-height-default elementor-section-items-middle\" data-id=\"680557b9\" data-element_type=\"section\" data-e-type=\"section\" data-settings=\"{&quot;background_background&quot;:&quot;classic&quot;,&quot;jet_parallax_layout_list&quot;:[]}\">\n\t\t\t\t\t\t<div class=\"elementor-container elementor-column-gap-default\">\n\t\t\t\t\t<div class=\"elementor-column elementor-col-100 elementor-top-column elementor-element elementor-element-7ffc3619\" data-id=\"7ffc3619\" data-element_type=\"column\" data-e-type=\"column\">\n\t\t\t<div class=\"elementor-widget-wrap elementor-element-populated\">\n\t\t\t\t\t\t<div class=\"elementor-element elementor-element-5373ff04 elementor-widget elementor-widget-breadcrumbs\" data-id=\"5373ff04\" data-element_type=\"widget\" data-e-type=\"widget\" data-widget_type=\"breadcrumbs.default\">\n\t\t\t\t<div class=\"elementor-widget-container\">\n\t\t\t\t\t<p id=\"breadcrumbs\"><span><span><a href=\"https:\/\/www.feinsinn-zahngesundheit.ch\/de\/\">Home<\/a><\/span><\/span><\/p>\t\t\t\t<\/div>\n\t\t\t\t<\/div>\n\t\t\t\t\t<\/div>\n\t\t<\/div>\n\t\t\t\t\t<\/div>\n\t\t<\/section>\n\t\t\t\t<section class=\"elementor-section elementor-top-section elementor-element elementor-element-7836b01 elementor-reverse-tablet elementor-reverse-mobile elementor-section-boxed elementor-section-height-default elementor-section-height-default\" data-id=\"7836b01\" data-element_type=\"section\" data-e-type=\"section\" data-settings=\"{&quot;jet_parallax_layout_list&quot;:[]}\">\n\t\t\t\t\t\t<div class=\"elementor-container elementor-column-gap-default\">\n\t\t\t\t\t<div class=\"elementor-column elementor-col-50 elementor-top-column elementor-element elementor-element-e968ac5\" data-id=\"e968ac5\" data-element_type=\"column\" data-e-type=\"column\">\n\t\t\t<div class=\"elementor-widget-wrap elementor-element-populated\">\n\t\t\t\t\t\t<div class=\"elementor-element elementor-element-2834f97 elementor-widget elementor-widget-image\" data-id=\"2834f97\" data-element_type=\"widget\" data-e-type=\"widget\" data-widget_type=\"image.default\">\n\t\t\t\t<div class=\"elementor-widget-container\">\n\t\t\t\t\t\t\t\t\t\t\t\t\t\t\t<img fetchpriority=\"high\" decoding=\"async\" width=\"640\" height=\"640\" src=\"https:\/\/www.feinsinn-zahngesundheit.ch\/wp-content\/uploads\/2021\/10\/main-banner-1024x1024.jpg\" class=\"attachment-large size-large wp-image-1201\" alt=\"\" srcset=\"https:\/\/www.feinsinn-zahngesundheit.ch\/wp-content\/uploads\/2021\/10\/main-banner-1024x1024.jpg 1024w, https:\/\/www.feinsinn-zahngesundheit.ch\/wp-content\/uploads\/2021\/10\/main-banner-150x150.jpg 150w, https:\/\/www.feinsinn-zahngesundheit.ch\/wp-content\/uploads\/2021\/10\/main-banner-300x300.jpg 300w, https:\/\/www.feinsinn-zahngesundheit.ch\/wp-content\/uploads\/2021\/10\/main-banner-768x768.jpg 768w, https:\/\/www.feinsinn-zahngesundheit.ch\/wp-content\/uploads\/2021\/10\/main-banner-650x650.jpg 650w, https:\/\/www.feinsinn-zahngesundheit.ch\/wp-content\/uploads\/2021\/10\/main-banner.jpg 1250w\" sizes=\"(max-width: 640px) 100vw, 640px\" \/>\t\t\t\t\t\t\t\t\t\t\t\t\t\t\t<\/div>\n\t\t\t\t<\/div>\n\t\t\t\t\t<\/div>\n\t\t<\/div>\n\t\t\t\t<div class=\"elementor-column elementor-col-50 elementor-top-column elementor-element elementor-element-5c402b3\" data-id=\"5c402b3\" data-element_type=\"column\" data-e-type=\"column\">\n\t\t\t<div class=\"elementor-widget-wrap elementor-element-populated\">\n\t\t\t\t\t\t<div class=\"elementor-element elementor-element-cd37477 elementor-widget elementor-widget-heading\" data-id=\"cd37477\" data-element_type=\"widget\" data-e-type=\"widget\" data-widget_type=\"heading.default\">\n\t\t\t\t<div class=\"elementor-widget-container\">\n\t\t\t\t\t<h2 class=\"elementor-heading-title elementor-size-xl\">Verfahren zur Entfernung von Amalgamf\u00fcllungen<\/h2>\t\t\t\t<\/div>\n\t\t\t\t<\/div>\n\t\t\t\t<div class=\"elementor-element elementor-element-5bf58d9 elementor-widget-divider--view-line elementor-widget elementor-widget-divider\" data-id=\"5bf58d9\" data-element_type=\"widget\" data-e-type=\"widget\" data-widget_type=\"divider.default\">\n\t\t\t\t<div class=\"elementor-widget-container\">\n\t\t\t\t\t\t\t<div class=\"elementor-divider\">\n\t\t\t<span class=\"elementor-divider-separator\">\n\t\t\t\t\t\t<\/span>\n\t\t<\/div>\n\t\t\t\t\t\t<\/div>\n\t\t\t\t<\/div>\n\t\t\t\t<div class=\"elementor-element elementor-element-a14c126 elementor-widget elementor-widget-text-editor\" data-id=\"a14c126\" data-element_type=\"widget\" data-e-type=\"widget\" data-widget_type=\"text-editor.default\">\n\t\t\t\t<div class=\"elementor-widget-container\">\n\t\t\t\t\t\t\t\t\t<p class=\"translation-block\">Aus diesem Grund muss sie unter angemessenen Schutzbedingungen durchgef\u00fchrt werden.<br><strong>In der biologischen Zahnmedizin schenken wir diesem Schutz besondere Aufmerksamkeit, indem wir wie folgt verfahren:<\/strong><\/p>\t\t\t\t\t\t\t\t<\/div>\n\t\t\t\t<\/div>\n\t\t\t\t<div class=\"elementor-element elementor-element-197079c elementor-icon-list--layout-traditional elementor-list-item-link-full_width elementor-widget elementor-widget-icon-list\" data-id=\"197079c\" data-element_type=\"widget\" data-e-type=\"widget\" data-widget_type=\"icon-list.default\">\n\t\t\t\t<div class=\"elementor-widget-container\">\n\t\t\t\t\t\t\t<ul class=\"elementor-icon-list-items\">\n\t\t\t\t\t\t\t<li class=\"elementor-icon-list-item\">\n\t\t\t\t\t\t\t\t\t\t\t<span class=\"elementor-icon-list-icon\">\n\t\t\t\t\t\t\t<i aria-hidden=\"true\" class=\"fas fa-check-circle\"><\/i>\t\t\t\t\t\t<\/span>\n\t\t\t\t\t\t\t\t\t\t<span class=\"elementor-icon-list-text\">Verwendung eines Kofferdams<\/span>\n\t\t\t\t\t\t\t\t\t<\/li>\n\t\t\t\t\t\t\t\t<li class=\"elementor-icon-list-item\">\n\t\t\t\t\t\t\t\t\t\t\t<span class=\"elementor-icon-list-icon\">\n\t\t\t\t\t\t\t<i aria-hidden=\"true\" class=\"fas fa-check-circle\"><\/i>\t\t\t\t\t\t<\/span>\n\t\t\t\t\t\t\t\t\t\t<span class=\"elementor-icon-list-text\">Verwendung einer clean-up\u00ae Saugkan\u00fcle. <\/span>\n\t\t\t\t\t\t\t\t\t<\/li>\n\t\t\t\t\t\t\t\t<li class=\"elementor-icon-list-item\">\n\t\t\t\t\t\t\t\t\t\t\t<span class=\"elementor-icon-list-icon\">\n\t\t\t\t\t\t\t<i aria-hidden=\"true\" class=\"fas fa-check-circle\"><\/i>\t\t\t\t\t\t<\/span>\n\t\t\t\t\t\t\t\t\t\t<span class=\"elementor-icon-list-text\">Verwendung von niedrigen Drehzahlen beim Bohren, um giftige D\u00e4mpfe zu vermeiden.<\/span>\n\t\t\t\t\t\t\t\t\t<\/li>\n\t\t\t\t\t\t\t\t<li class=\"elementor-icon-list-item\">\n\t\t\t\t\t\t\t\t\t\t\t<span class=\"elementor-icon-list-icon\">\n\t\t\t\t\t\t\t<i aria-hidden=\"true\" class=\"fas fa-check-circle\"><\/i>\t\t\t\t\t\t<\/span>\n\t\t\t\t\t\t\t\t\t\t<span class=\"elementor-icon-list-text\">Anlegen einer Schutzmaske auf Goldbasis f\u00fcr den Patienten (Gold bindet Quecksilber).<\/span>\n\t\t\t\t\t\t\t\t\t<\/li>\n\t\t\t\t\t\t\t\t<li class=\"elementor-icon-list-item\">\n\t\t\t\t\t\t\t\t\t\t\t<span class=\"elementor-icon-list-icon\">\n\t\t\t\t\t\t\t<i aria-hidden=\"true\" class=\"fas fa-check-circle\"><\/i>\t\t\t\t\t\t<\/span>\n\t\t\t\t\t\t\t\t\t\t<span class=\"elementor-icon-list-text\"> Verwendung der IQAir\u00ae-Absaugung. \/ Gabe von Chlorella. <\/span>\n\t\t\t\t\t\t\t\t\t<\/li>\n\t\t\t\t\t\t\t\t<li class=\"elementor-icon-list-item\">\n\t\t\t\t\t\t\t\t\t\t\t<span class=\"elementor-icon-list-icon\">\n\t\t\t\t\t\t\t<i aria-hidden=\"true\" class=\"fas fa-check-circle\"><\/i>\t\t\t\t\t\t<\/span>\n\t\t\t\t\t\t\t\t\t\t<span class=\"elementor-icon-list-text\">Je nach Gesundheitszustand des Patienten k\u00f6nnen permanente F\u00fcllungen (Keramik, Komposit) oder provisorischer Zement eingesetzt werden.<\/span>\n\t\t\t\t\t\t\t\t\t<\/li>\n\t\t\t\t\t\t\t\t<li class=\"elementor-icon-list-item\">\n\t\t\t\t\t\t\t\t\t\t\t<span class=\"elementor-icon-list-icon\">\n\t\t\t\t\t\t\t<i aria-hidden=\"true\" class=\"fas fa-check-circle\"><\/i>\t\t\t\t\t\t<\/span>\n\t\t\t\t\t\t\t\t\t\t<span class=\"elementor-icon-list-text\"> Optional Infusionen mit Vitamin C und anderen Spurenelementen<\/span>\n\t\t\t\t\t\t\t\t\t<\/li>\n\t\t\t\t\t\t<\/ul>\n\t\t\t\t\t\t<\/div>\n\t\t\t\t<\/div>\n\t\t\t\t\t<\/div>\n\t\t<\/div>\n\t\t\t\t\t<\/div>\n\t\t<\/section>\n\t\t\t\t<section class=\"elementor-section elementor-top-section elementor-element elementor-element-3907beb elementor-section-boxed elementor-section-height-default elementor-section-height-default\" data-id=\"3907beb\" data-element_type=\"section\" data-e-type=\"section\" data-settings=\"{&quot;jet_parallax_layout_list&quot;:[]}\">\n\t\t\t\t\t\t<div class=\"elementor-container elementor-column-gap-default\">\n\t\t\t\t\t<div class=\"elementor-column elementor-col-50 elementor-top-column elementor-element elementor-element-255fb0b\" data-id=\"255fb0b\" data-element_type=\"column\" data-e-type=\"column\">\n\t\t\t<div class=\"elementor-widget-wrap elementor-element-populated\">\n\t\t\t\t\t\t<div class=\"elementor-element elementor-element-9bb5e3f elementor-widget elementor-widget-heading\" data-id=\"9bb5e3f\" data-element_type=\"widget\" data-e-type=\"widget\" data-widget_type=\"heading.default\">\n\t\t\t\t<div class=\"elementor-widget-container\">\n\t\t\t\t\t<h2 class=\"elementor-heading-title elementor-size-xl\">Schutz des K\u00f6rpers und des Organismus  :<\/h2>\t\t\t\t<\/div>\n\t\t\t\t<\/div>\n\t\t\t\t<div class=\"elementor-element elementor-element-47b923f elementor-widget-divider--view-line elementor-widget elementor-widget-divider\" data-id=\"47b923f\" data-element_type=\"widget\" data-e-type=\"widget\" data-widget_type=\"divider.default\">\n\t\t\t\t<div class=\"elementor-widget-container\">\n\t\t\t\t\t\t\t<div class=\"elementor-divider\">\n\t\t\t<span class=\"elementor-divider-separator\">\n\t\t\t\t\t\t<\/span>\n\t\t<\/div>\n\t\t\t\t\t\t<\/div>\n\t\t\t\t<\/div>\n\t\t\t\t<div class=\"elementor-element elementor-element-1993938 elementor-widget elementor-widget-text-editor\" data-id=\"1993938\" data-element_type=\"widget\" data-e-type=\"widget\" data-widget_type=\"text-editor.default\">\n\t\t\t\t<div class=\"elementor-widget-container\">\n\t\t\t\t\t\t\t\t\t<p class=\"translation-block\">Um Ihren K\u00f6rper richtig auf die Amalgamentfernung vorzubereiten, m\u00fcssen Sie 14 Tage vor dem Termin mit einem Entgiftungsprotokoll beginnen.\nSie k\u00f6nnen zwischen unserem Protokoll (siehe PDF unten) und einem externen Protokoll Ihrer Wahl w\u00e4hlen.\nTrotz aller Vorsichtsma\u00dfnahmen kann sich in Ihrem K\u00f6rper noch eine kleine Menge Quecksilberdampf absetzen.<\/p><p class=\"translation-block\">Das Protokoll, das wir Ihnen vorschlagen, soll Ihren K\u00f6rper bestm\u00f6glich auf die Amalgamausleitung vorbereiten und ihm die M\u00f6glichkeit geben, das giftige Quecksilber besser aufzunehmen und auszuscheiden.\nEs minimiert das Risiko einer erh\u00f6hten Toxizit\u00e4t bei der Amalgamausleitung.\nEs handelt sich dabei keinesfalls um ein Programm zur Chelatbildung von Schwermetallen.\nDieses kann \u00fcbrigens erst nach einer vollst\u00e4ndigen biologischen Sanierung Ihres Mundes (Metalle, St\u00f6rfeld, Nico...) beginnen.<\/p>\t\t\t\t\t\t\t\t<\/div>\n\t\t\t\t<\/div>\n\t\t\t\t\t<\/div>\n\t\t<\/div>\n\t\t\t\t<div class=\"elementor-column elementor-col-50 elementor-top-column elementor-element elementor-element-be8fa5c\" data-id=\"be8fa5c\" data-element_type=\"column\" data-e-type=\"column\">\n\t\t\t<div class=\"elementor-widget-wrap elementor-element-populated\">\n\t\t\t\t\t\t<div class=\"elementor-element elementor-element-efb3ec9 elementor-widget elementor-widget-image\" data-id=\"efb3ec9\" data-element_type=\"widget\" data-e-type=\"widget\" data-widget_type=\"image.default\">\n\t\t\t\t<div class=\"elementor-widget-container\">\n\t\t\t\t\t\t\t\t\t\t\t\t\t\t\t<img decoding=\"async\" width=\"640\" height=\"396\" src=\"https:\/\/www.feinsinn-zahngesundheit.ch\/wp-content\/uploads\/2022\/01\/services-3-1024x634.jpg\" class=\"attachment-large size-large wp-image-1882\" alt=\"\" srcset=\"https:\/\/www.feinsinn-zahngesundheit.ch\/wp-content\/uploads\/2022\/01\/services-3-1024x634.jpg 1024w, https:\/\/www.feinsinn-zahngesundheit.ch\/wp-content\/uploads\/2022\/01\/services-3-300x186.jpg 300w, https:\/\/www.feinsinn-zahngesundheit.ch\/wp-content\/uploads\/2022\/01\/services-3-768x475.jpg 768w, https:\/\/www.feinsinn-zahngesundheit.ch\/wp-content\/uploads\/2022\/01\/services-3.jpg 1050w\" sizes=\"(max-width: 640px) 100vw, 640px\" \/>\t\t\t\t\t\t\t\t\t\t\t\t\t\t\t<\/div>\n\t\t\t\t<\/div>\n\t\t\t\t\t<\/div>\n\t\t<\/div>\n\t\t\t\t\t<\/div>\n\t\t<\/section>\n\t\t\t\t<\/div>","protected":false},"excerpt":{"rendered":"<p>Proc\u00e9dures d&rsquo;\u00e9limination des amalgames Lors de l&rsquo;\u00e9limination des amalgames, de nombreuses erreurs sont souvent commises, en particulier par le chirurgien-dentiste qui ignore les probl\u00e8mes li\u00e9s aux m\u00e9taux lourds et retire les amalgames sans aucune pr\u00e9caution particuli\u00e8re.Or, pendant cet acte, il se produit en bouche une grande quantit\u00e9 de vapeur de mercure, composant hautement toxique.Il est <\/p>","protected":false},"author":1,"featured_media":3125,"parent":2933,"menu_order":0,"comment_status":"closed","ping_status":"closed","template":"elementor_header_footer","meta":{"footnotes":""},"class_list":["post-2422","page","type-page","status-publish","has-post-thumbnail","hentry"],"acf":[],"yoast_head":"<!-- This site is optimized with the Yoast SEO plugin v27.3 - https:\/\/yoast.com\/product\/yoast-seo-wordpress\/ -->\n<title>Elimination des amalgames - Feinsinn<\/title>\n<meta name=\"description\" content=\"L&#039;\u00e9limination des amalgames est un proc\u00e9d\u00e9 d\u00e9licat mais essentiel. D\u00e9couvrez comment notre cabinet soigne avec pr\u00e9caution et efficacit\u00e9 les patients porteurs.\" \/>\n<meta name=\"robots\" content=\"index, follow, max-snippet:-1, max-image-preview:large, max-video-preview:-1\" \/>\n<link rel=\"canonical\" href=\"https:\/\/www.feinsinn-zahngesundheit.ch\/de\/biologische-zahnmedizin\/amalgamentfernung\/\" \/>\n<meta property=\"og:locale\" content=\"de_DE\" \/>\n<meta property=\"og:type\" content=\"article\" \/>\n<meta property=\"og:title\" content=\"Elimination des amalgames - Feinsinn\" \/>\n<meta property=\"og:description\" content=\"L&#039;\u00e9limination des amalgames est un proc\u00e9d\u00e9 d\u00e9licat mais essentiel. D\u00e9couvrez comment notre cabinet soigne avec pr\u00e9caution et efficacit\u00e9 les patients porteurs.\" \/>\n<meta property=\"og:url\" content=\"https:\/\/www.feinsinn-zahngesundheit.ch\/de\/biologische-zahnmedizin\/amalgamentfernung\/\" \/>\n<meta property=\"og:site_name\" content=\"Feinsinn\" \/>\n<meta property=\"article:modified_time\" content=\"2024-07-15T07:29:48+00:00\" \/>\n<meta property=\"og:image\" content=\"https:\/\/www.feinsinn-zahngesundheit.ch\/wp-content\/uploads\/2023\/06\/bandeau-sante.jpg\" \/>\n\t<meta property=\"og:image:width\" content=\"1920\" \/>\n\t<meta property=\"og:image:height\" content=\"300\" \/>\n\t<meta property=\"og:image:type\" content=\"image\/jpeg\" \/>\n<meta name=\"twitter:card\" content=\"summary_large_image\" \/>\n<meta name=\"twitter:label1\" content=\"Gesch\u00e4tzte Lesezeit\" \/>\n\t<meta name=\"twitter:data1\" content=\"3\u00a0Minuten\" \/>\n<script type=\"application\/ld+json\" class=\"yoast-schema-graph\">{\"@context\":\"https:\\\/\\\/schema.org\",\"@graph\":[{\"@type\":\"WebPage\",\"@id\":\"https:\\\/\\\/www.feinsinn-zahngesundheit.ch\\\/dentisterie-biologique\\\/elimination-des-amalgames\\\/\",\"url\":\"https:\\\/\\\/www.feinsinn-zahngesundheit.ch\\\/dentisterie-biologique\\\/elimination-des-amalgames\\\/\",\"name\":\"Elimination des amalgames - Feinsinn\",\"isPartOf\":{\"@id\":\"https:\\\/\\\/www.feinsinn-zahngesundheit.ch\\\/#website\"},\"primaryImageOfPage\":{\"@id\":\"https:\\\/\\\/www.feinsinn-zahngesundheit.ch\\\/dentisterie-biologique\\\/elimination-des-amalgames\\\/#primaryimage\"},\"image\":{\"@id\":\"https:\\\/\\\/www.feinsinn-zahngesundheit.ch\\\/dentisterie-biologique\\\/elimination-des-amalgames\\\/#primaryimage\"},\"thumbnailUrl\":\"https:\\\/\\\/www.feinsinn-zahngesundheit.ch\\\/wp-content\\\/uploads\\\/2023\\\/06\\\/bandeau-sante.jpg\",\"datePublished\":\"2023-06-19T09:08:17+00:00\",\"dateModified\":\"2024-07-15T07:29:48+00:00\",\"description\":\"L'\u00e9limination des amalgames est un proc\u00e9d\u00e9 d\u00e9licat mais essentiel. D\u00e9couvrez comment notre cabinet soigne avec pr\u00e9caution et efficacit\u00e9 les patients porteurs.\",\"breadcrumb\":{\"@id\":\"https:\\\/\\\/www.feinsinn-zahngesundheit.ch\\\/dentisterie-biologique\\\/elimination-des-amalgames\\\/#breadcrumb\"},\"inLanguage\":\"de\",\"potentialAction\":[{\"@type\":\"ReadAction\",\"target\":[\"https:\\\/\\\/www.feinsinn-zahngesundheit.ch\\\/dentisterie-biologique\\\/elimination-des-amalgames\\\/\"]}]},{\"@type\":\"ImageObject\",\"inLanguage\":\"de\",\"@id\":\"https:\\\/\\\/www.feinsinn-zahngesundheit.ch\\\/dentisterie-biologique\\\/elimination-des-amalgames\\\/#primaryimage\",\"url\":\"https:\\\/\\\/www.feinsinn-zahngesundheit.ch\\\/wp-content\\\/uploads\\\/2023\\\/06\\\/bandeau-sante.jpg\",\"contentUrl\":\"https:\\\/\\\/www.feinsinn-zahngesundheit.ch\\\/wp-content\\\/uploads\\\/2023\\\/06\\\/bandeau-sante.jpg\",\"width\":1920,\"height\":300},{\"@type\":\"BreadcrumbList\",\"@id\":\"https:\\\/\\\/www.feinsinn-zahngesundheit.ch\\\/dentisterie-biologique\\\/elimination-des-amalgames\\\/#breadcrumb\",\"itemListElement\":[{\"@type\":\"ListItem\",\"position\":1,\"name\":\"Home\",\"item\":\"https:\\\/\\\/www.feinsinn-zahngesundheit.ch\\\/\"},{\"@type\":\"ListItem\",\"position\":2,\"name\":\"Medecine dentaire biologique int\u00e9grative\",\"item\":\"https:\\\/\\\/www.feinsinn-zahngesundheit.ch\\\/dentisterie-biologique\\\/\"},{\"@type\":\"ListItem\",\"position\":3,\"name\":\"Elimination des amalgames\"}]},{\"@type\":\"WebSite\",\"@id\":\"https:\\\/\\\/www.feinsinn-zahngesundheit.ch\\\/#website\",\"url\":\"https:\\\/\\\/www.feinsinn-zahngesundheit.ch\\\/\",\"name\":\"Feinsinn\",\"description\":\"\",\"publisher\":{\"@id\":\"https:\\\/\\\/www.feinsinn-zahngesundheit.ch\\\/#organization\"},\"potentialAction\":[{\"@type\":\"SearchAction\",\"target\":{\"@type\":\"EntryPoint\",\"urlTemplate\":\"https:\\\/\\\/www.feinsinn-zahngesundheit.ch\\\/?s={search_term_string}\"},\"query-input\":{\"@type\":\"PropertyValueSpecification\",\"valueRequired\":true,\"valueName\":\"search_term_string\"}}],\"inLanguage\":\"de\"},{\"@type\":\"Organization\",\"@id\":\"https:\\\/\\\/www.feinsinn-zahngesundheit.ch\\\/#organization\",\"name\":\"Feinsinn\",\"url\":\"https:\\\/\\\/www.feinsinn-zahngesundheit.ch\\\/\",\"logo\":{\"@type\":\"ImageObject\",\"inLanguage\":\"de\",\"@id\":\"https:\\\/\\\/www.feinsinn-zahngesundheit.ch\\\/#\\\/schema\\\/logo\\\/image\\\/\",\"url\":\"https:\\\/\\\/www.feinsinn-zahngesundheit.ch\\\/wp-content\\\/uploads\\\/2023\\\/06\\\/logo_feinsinn_rvb.png\",\"contentUrl\":\"https:\\\/\\\/www.feinsinn-zahngesundheit.ch\\\/wp-content\\\/uploads\\\/2023\\\/06\\\/logo_feinsinn_rvb.png\",\"width\":1000,\"height\":335,\"caption\":\"Feinsinn\"},\"image\":{\"@id\":\"https:\\\/\\\/www.feinsinn-zahngesundheit.ch\\\/#\\\/schema\\\/logo\\\/image\\\/\"}}]}<\/script>\n<!-- \/ Yoast SEO plugin. -->","yoast_head_json":{"title":"Elimination des amalgames - Feinsinn","description":"L'\u00e9limination des amalgames est un proc\u00e9d\u00e9 d\u00e9licat mais essentiel. D\u00e9couvrez comment notre cabinet soigne avec pr\u00e9caution et efficacit\u00e9 les patients porteurs.","robots":{"index":"index","follow":"follow","max-snippet":"max-snippet:-1","max-image-preview":"max-image-preview:large","max-video-preview":"max-video-preview:-1"},"canonical":"https:\/\/www.feinsinn-zahngesundheit.ch\/de\/biologische-zahnmedizin\/amalgamentfernung\/","og_locale":"de_DE","og_type":"article","og_title":"Elimination des amalgames - Feinsinn","og_description":"L'\u00e9limination des amalgames est un proc\u00e9d\u00e9 d\u00e9licat mais essentiel. D\u00e9couvrez comment notre cabinet soigne avec pr\u00e9caution et efficacit\u00e9 les patients porteurs.","og_url":"https:\/\/www.feinsinn-zahngesundheit.ch\/de\/biologische-zahnmedizin\/amalgamentfernung\/","og_site_name":"Feinsinn","article_modified_time":"2024-07-15T07:29:48+00:00","og_image":[{"width":1920,"height":300,"url":"https:\/\/www.feinsinn-zahngesundheit.ch\/wp-content\/uploads\/2023\/06\/bandeau-sante.jpg","type":"image\/jpeg"}],"twitter_card":"summary_large_image","twitter_misc":{"Gesch\u00e4tzte Lesezeit":"3\u00a0Minuten"},"schema":{"@context":"https:\/\/schema.org","@graph":[{"@type":"WebPage","@id":"https:\/\/www.feinsinn-zahngesundheit.ch\/dentisterie-biologique\/elimination-des-amalgames\/","url":"https:\/\/www.feinsinn-zahngesundheit.ch\/dentisterie-biologique\/elimination-des-amalgames\/","name":"Elimination des amalgames - Feinsinn","isPartOf":{"@id":"https:\/\/www.feinsinn-zahngesundheit.ch\/#website"},"primaryImageOfPage":{"@id":"https:\/\/www.feinsinn-zahngesundheit.ch\/dentisterie-biologique\/elimination-des-amalgames\/#primaryimage"},"image":{"@id":"https:\/\/www.feinsinn-zahngesundheit.ch\/dentisterie-biologique\/elimination-des-amalgames\/#primaryimage"},"thumbnailUrl":"https:\/\/www.feinsinn-zahngesundheit.ch\/wp-content\/uploads\/2023\/06\/bandeau-sante.jpg","datePublished":"2023-06-19T09:08:17+00:00","dateModified":"2024-07-15T07:29:48+00:00","description":"L'\u00e9limination des amalgames est un proc\u00e9d\u00e9 d\u00e9licat mais essentiel. D\u00e9couvrez comment notre cabinet soigne avec pr\u00e9caution et efficacit\u00e9 les patients porteurs.","breadcrumb":{"@id":"https:\/\/www.feinsinn-zahngesundheit.ch\/dentisterie-biologique\/elimination-des-amalgames\/#breadcrumb"},"inLanguage":"de","potentialAction":[{"@type":"ReadAction","target":["https:\/\/www.feinsinn-zahngesundheit.ch\/dentisterie-biologique\/elimination-des-amalgames\/"]}]},{"@type":"ImageObject","inLanguage":"de","@id":"https:\/\/www.feinsinn-zahngesundheit.ch\/dentisterie-biologique\/elimination-des-amalgames\/#primaryimage","url":"https:\/\/www.feinsinn-zahngesundheit.ch\/wp-content\/uploads\/2023\/06\/bandeau-sante.jpg","contentUrl":"https:\/\/www.feinsinn-zahngesundheit.ch\/wp-content\/uploads\/2023\/06\/bandeau-sante.jpg","width":1920,"height":300},{"@type":"BreadcrumbList","@id":"https:\/\/www.feinsinn-zahngesundheit.ch\/dentisterie-biologique\/elimination-des-amalgames\/#breadcrumb","itemListElement":[{"@type":"ListItem","position":1,"name":"Home","item":"https:\/\/www.feinsinn-zahngesundheit.ch\/"},{"@type":"ListItem","position":2,"name":"Medecine dentaire biologique int\u00e9grative","item":"https:\/\/www.feinsinn-zahngesundheit.ch\/dentisterie-biologique\/"},{"@type":"ListItem","position":3,"name":"Elimination des amalgames"}]},{"@type":"WebSite","@id":"https:\/\/www.feinsinn-zahngesundheit.ch\/#website","url":"https:\/\/www.feinsinn-zahngesundheit.ch\/","name":"Feinsinn","description":"","publisher":{"@id":"https:\/\/www.feinsinn-zahngesundheit.ch\/#organization"},"potentialAction":[{"@type":"SearchAction","target":{"@type":"EntryPoint","urlTemplate":"https:\/\/www.feinsinn-zahngesundheit.ch\/?s={search_term_string}"},"query-input":{"@type":"PropertyValueSpecification","valueRequired":true,"valueName":"search_term_string"}}],"inLanguage":"de"},{"@type":"Organization","@id":"https:\/\/www.feinsinn-zahngesundheit.ch\/#organization","name":"Feinsinn","url":"https:\/\/www.feinsinn-zahngesundheit.ch\/","logo":{"@type":"ImageObject","inLanguage":"de","@id":"https:\/\/www.feinsinn-zahngesundheit.ch\/#\/schema\/logo\/image\/","url":"https:\/\/www.feinsinn-zahngesundheit.ch\/wp-content\/uploads\/2023\/06\/logo_feinsinn_rvb.png","contentUrl":"https:\/\/www.feinsinn-zahngesundheit.ch\/wp-content\/uploads\/2023\/06\/logo_feinsinn_rvb.png","width":1000,"height":335,"caption":"Feinsinn"},"image":{"@id":"https:\/\/www.feinsinn-zahngesundheit.ch\/#\/schema\/logo\/image\/"}}]}},"_links":{"self":[{"href":"https:\/\/www.feinsinn-zahngesundheit.ch\/de\/wp-json\/wp\/v2\/pages\/2422","targetHints":{"allow":["GET"]}}],"collection":[{"href":"https:\/\/www.feinsinn-zahngesundheit.ch\/de\/wp-json\/wp\/v2\/pages"}],"about":[{"href":"https:\/\/www.feinsinn-zahngesundheit.ch\/de\/wp-json\/wp\/v2\/types\/page"}],"author":[{"embeddable":true,"href":"https:\/\/www.feinsinn-zahngesundheit.ch\/de\/wp-json\/wp\/v2\/users\/1"}],"replies":[{"embeddable":true,"href":"https:\/\/www.feinsinn-zahngesundheit.ch\/de\/wp-json\/wp\/v2\/comments?post=2422"}],"version-history":[{"count":42,"href":"https:\/\/www.feinsinn-zahngesundheit.ch\/de\/wp-json\/wp\/v2\/pages\/2422\/revisions"}],"predecessor-version":[{"id":4320,"href":"https:\/\/www.feinsinn-zahngesundheit.ch\/de\/wp-json\/wp\/v2\/pages\/2422\/revisions\/4320"}],"up":[{"embeddable":true,"href":"https:\/\/www.feinsinn-zahngesundheit.ch\/de\/wp-json\/wp\/v2\/pages\/2933"}],"wp:featuredmedia":[{"embeddable":true,"href":"https:\/\/www.feinsinn-zahngesundheit.ch\/de\/wp-json\/wp\/v2\/media\/3125"}],"wp:attachment":[{"href":"https:\/\/www.feinsinn-zahngesundheit.ch\/de\/wp-json\/wp\/v2\/media?parent=2422"}],"curies":[{"name":"wp","href":"https:\/\/api.w.org\/{rel}","templated":true}]}}