{"id":4059,"date":"2023-10-12T16:00:56","date_gmt":"2023-10-12T14:00:56","guid":{"rendered":"https:\/\/www.feinsinn-zahngesundheit.ch\/?page_id=4059"},"modified":"2023-10-12T16:07:06","modified_gmt":"2023-10-12T14:07:06","slug":"die-quecksilberhaltigen-amalgamfullungen","status":"publish","type":"page","link":"https:\/\/www.feinsinn-zahngesundheit.ch\/de\/les-champs-perturbateur\/les-amalgames-au-mercure\/","title":{"rendered":"Die quecksilberhaltigen Amalgamf\u00fcllungen"},"content":{"rendered":"<div data-elementor-type=\"wp-page\" data-elementor-id=\"4059\" class=\"elementor elementor-4059\" data-elementor-post-type=\"page\">\n\t\t\t\t\t\t<section class=\"elementor-section elementor-top-section elementor-element elementor-element-7dd31ac7 elementor-section-height-min-height elementor-section-boxed elementor-section-height-default elementor-section-items-middle\" data-id=\"7dd31ac7\" data-element_type=\"section\" data-e-type=\"section\" data-settings=\"{&quot;background_background&quot;:&quot;classic&quot;,&quot;jet_parallax_layout_list&quot;:[]}\">\n\t\t\t\t\t\t<div class=\"elementor-container elementor-column-gap-default\">\n\t\t\t\t\t<div class=\"elementor-column elementor-col-100 elementor-top-column elementor-element elementor-element-71ebc693\" data-id=\"71ebc693\" data-element_type=\"column\" data-e-type=\"column\">\n\t\t\t<div class=\"elementor-widget-wrap elementor-element-populated\">\n\t\t\t\t\t\t<div class=\"elementor-element elementor-element-577e508f elementor-widget elementor-widget-breadcrumbs\" data-id=\"577e508f\" data-element_type=\"widget\" data-e-type=\"widget\" data-widget_type=\"breadcrumbs.default\">\n\t\t\t\t<div class=\"elementor-widget-container\">\n\t\t\t\t\t<p id=\"breadcrumbs\"><span><span><a href=\"https:\/\/www.feinsinn-zahngesundheit.ch\/de\/\">Home<\/a><\/span><\/span><\/p>\t\t\t\t<\/div>\n\t\t\t\t<\/div>\n\t\t\t\t\t<\/div>\n\t\t<\/div>\n\t\t\t\t\t<\/div>\n\t\t<\/section>\n\t\t\t\t<section class=\"elementor-section elementor-top-section elementor-element elementor-element-dedc186 elementor-reverse-tablet elementor-reverse-mobile elementor-section-boxed elementor-section-height-default elementor-section-height-default\" data-id=\"dedc186\" data-element_type=\"section\" data-e-type=\"section\" data-settings=\"{&quot;jet_parallax_layout_list&quot;:[]}\">\n\t\t\t\t\t\t<div class=\"elementor-container elementor-column-gap-default\">\n\t\t\t\t\t<div class=\"elementor-column elementor-col-50 elementor-top-column elementor-element elementor-element-d3859ad\" data-id=\"d3859ad\" data-element_type=\"column\" data-e-type=\"column\">\n\t\t\t<div class=\"elementor-widget-wrap elementor-element-populated\">\n\t\t\t\t\t\t<div class=\"elementor-element elementor-element-d8e09ec elementor-widget elementor-widget-video\" data-id=\"d8e09ec\" data-element_type=\"widget\" data-e-type=\"widget\" data-settings=\"{&quot;youtube_url&quot;:&quot;https:\\\/\\\/www.youtube.com\\\/watch?v=9ylnQ-T7oiA&quot;,&quot;video_type&quot;:&quot;youtube&quot;,&quot;controls&quot;:&quot;yes&quot;}\" data-widget_type=\"video.default\">\n\t\t\t\t<div class=\"elementor-widget-container\">\n\t\t\t\t\t\t\t<div class=\"elementor-wrapper elementor-open-inline\">\n\t\t\t<div class=\"elementor-video\"><\/div>\t\t<\/div>\n\t\t\t\t\t\t<\/div>\n\t\t\t\t<\/div>\n\t\t\t\t<div class=\"elementor-element elementor-element-a286605 elementor-widget elementor-widget-text-editor\" data-id=\"a286605\" data-element_type=\"widget\" data-e-type=\"widget\" data-widget_type=\"text-editor.default\">\n\t\t\t\t<div class=\"elementor-widget-container\">\n\t\t\t\t\t\t\t\t\t<p><strong>Wenn Amalgamf\u00fcllungen neben anderen Metalllegierungen vorkommen, kann es zu einer Blockade von Enzymen kommen, die f\u00fcr die Immunit\u00e4t notwendig sind.<\/strong><\/p>\t\t\t\t\t\t\t\t<\/div>\n\t\t\t\t<\/div>\n\t\t\t\t\t<\/div>\n\t\t<\/div>\n\t\t\t\t<div class=\"elementor-column elementor-col-50 elementor-top-column elementor-element elementor-element-6d5fdb0\" data-id=\"6d5fdb0\" data-element_type=\"column\" data-e-type=\"column\">\n\t\t\t<div class=\"elementor-widget-wrap elementor-element-populated\">\n\t\t\t\t\t\t<div class=\"elementor-element elementor-element-4630542 elementor-widget elementor-widget-heading\" data-id=\"4630542\" data-element_type=\"widget\" data-e-type=\"widget\" data-widget_type=\"heading.default\">\n\t\t\t\t<div class=\"elementor-widget-container\">\n\t\t\t\t\t<h2 class=\"elementor-heading-title elementor-size-xl\">Die Toxizit\u00e4t von Quecksilber<\/h2>\t\t\t\t<\/div>\n\t\t\t\t<\/div>\n\t\t\t\t<div class=\"elementor-element elementor-element-4ba822c elementor-widget-divider--view-line elementor-widget elementor-widget-divider\" data-id=\"4ba822c\" data-element_type=\"widget\" data-e-type=\"widget\" data-widget_type=\"divider.default\">\n\t\t\t\t<div class=\"elementor-widget-container\">\n\t\t\t\t\t\t\t<div class=\"elementor-divider\">\n\t\t\t<span class=\"elementor-divider-separator\">\n\t\t\t\t\t\t<\/span>\n\t\t<\/div>\n\t\t\t\t\t\t<\/div>\n\t\t\t\t<\/div>\n\t\t\t\t<div class=\"elementor-element elementor-element-d1ede3b elementor-widget elementor-widget-text-editor\" data-id=\"d1ede3b\" data-element_type=\"widget\" data-e-type=\"widget\" data-widget_type=\"text-editor.default\">\n\t\t\t\t<div class=\"elementor-widget-container\">\n\t\t\t\t\t\t\t\t\t<p style=\"font-family: var(--headingFontfamily); font-weight: 500; font-size: 1.5rem; margin-top: 0; margin-bottom: 0.5rem; line-height: 1.2;\"><span style=\"font-weight: 400;\">In der Integrativen Biologischen Zahnmedizin sprechen wir \u00fcber die Toxizit\u00e4t von Quecksilber und Metalllegierungen, die zu einem Ionenaustritt neigen. <\/span><\/p>\t\t\t\t\t\t\t\t<\/div>\n\t\t\t\t<\/div>\n\t\t\t\t<div class=\"elementor-element elementor-element-00fd009 elementor-widget elementor-widget-text-editor\" data-id=\"00fd009\" data-element_type=\"widget\" data-e-type=\"widget\" data-widget_type=\"text-editor.default\">\n\t\t\t\t<div class=\"elementor-widget-container\">\n\t\t\t\t\t\t\t\t\t<p>Das Forscherteam der Universit\u00e4t T\u00fcbingen, Deutschland, lie\u00df 1997 den Speichel von 18.000 Personen untersuchen, die im Durchschnitt jeweils 9 Amalgamf\u00fcllungen trugen. In ihrem 77-seitigen Bericht zeigten sie, dass der Speichel nach zehn Minuten Kauen eines Kaugummis durchschnittlich 47 Mikrogramm Quecksilber pro Liter enthielt. Der von der Weltgesundheitsorganisation (WHO) verwendete Standard f\u00fcr Trinkwasser liegt jedoch bei 1 Mikrogramm pro Liter.<\/p>\t\t\t\t\t\t\t\t<\/div>\n\t\t\t\t<\/div>\n\t\t\t\t<div class=\"elementor-element elementor-element-8c2f648 elementor-widget elementor-widget-text-editor\" data-id=\"8c2f648\" data-element_type=\"widget\" data-e-type=\"widget\" data-widget_type=\"text-editor.default\">\n\t\t\t\t<div class=\"elementor-widget-container\">\n\t\t\t\t\t\t\t\t\t<h3><strong>\u00dcberdurchschnittlich hohe Aufnahme<\/strong><\/h3><p>Amalgamtr\u00e4ger nehmen also etwa 47-mal mehr Quecksilber zu sich als die zul\u00e4ssige Norm.<\/p><h3><strong>Lokale Symptome<\/strong><\/h3><p>Andere, die nur wenige F\u00fcllungen tragen, zeigen lokale Symptome, die mit der Quecksilbertoxizit\u00e4t zusammenh\u00e4ngen, wie Mundtrockenheit, Entz\u00fcndungen und Brennen im Mund und auf der Zunge, Aphten, Gingivitis und rissige Lippen.<\/p>\t\t\t\t\t\t\t\t<\/div>\n\t\t\t\t<\/div>\n\t\t\t\t\t<\/div>\n\t\t<\/div>\n\t\t\t\t\t<\/div>\n\t\t<\/section>\n\t\t\t\t<\/div>","protected":false},"excerpt":{"rendered":"<p>https:\/\/www.youtube.com\/watch?v=9ylnQ-T7oiA La pr\u00e9sence d\u2019amalgames \u00e0 c\u00f4t\u00e9 d\u2019autre alliages m\u00e9talliques peut entra\u00eener un blocage d\u2019enzymes n\u00e9cessaires\u00a0 \u00e0 l\u2019immunit\u00e9. La toxicit\u00e9 du mercure Nous parlons en M\u00e9decine Dentaire Biologique int\u00e9grative de la toxicit\u00e9 du mercure et des alliages m\u00e9talliques sujets aux fuites ioniques. L\u2019\u00e9quipe de chercheurs de l\u2019universit\u00e9 de T\u00fcbingen, en Allemagne, a fait analyser, en 1997, <\/p>","protected":false},"author":1,"featured_media":3427,"parent":2480,"menu_order":0,"comment_status":"closed","ping_status":"closed","template":"elementor_header_footer","meta":{"footnotes":""},"class_list":["post-4059","page","type-page","status-publish","has-post-thumbnail","hentry"],"acf":[],"yoast_head":"<!-- This site is optimized with the Yoast SEO plugin v27.3 - https:\/\/yoast.com\/product\/yoast-seo-wordpress\/ -->\n<title>Les amalgames au Mercure - Feinsinn<\/title>\n<meta name=\"description\" content=\"Les maladies parodontales sont un fl\u00e9au qui touche beaucoup de personnes. Elles sont bien souvent la cause de pertes de dents, d\u00e9couvrez ce qu&#039;elles sont.\" \/>\n<meta name=\"robots\" content=\"index, follow, max-snippet:-1, max-image-preview:large, max-video-preview:-1\" \/>\n<link rel=\"canonical\" href=\"https:\/\/www.feinsinn-zahngesundheit.ch\/de\/storfelder\/die-quecksilberhaltigen-amalgamfullungen\/\" \/>\n<meta property=\"og:locale\" content=\"de_DE\" \/>\n<meta property=\"og:type\" content=\"article\" \/>\n<meta property=\"og:title\" content=\"Les amalgames au Mercure - Feinsinn\" \/>\n<meta property=\"og:description\" content=\"Les maladies parodontales sont un fl\u00e9au qui touche beaucoup de personnes. Elles sont bien souvent la cause de pertes de dents, d\u00e9couvrez ce qu&#039;elles sont.\" \/>\n<meta property=\"og:url\" content=\"https:\/\/www.feinsinn-zahngesundheit.ch\/de\/storfelder\/die-quecksilberhaltigen-amalgamfullungen\/\" \/>\n<meta property=\"og:site_name\" content=\"Feinsinn\" \/>\n<meta property=\"article:modified_time\" content=\"2023-10-12T14:07:06+00:00\" \/>\n<meta property=\"og:image\" content=\"https:\/\/www.feinsinn-zahngesundheit.ch\/wp-content\/uploads\/2023\/07\/bandeau-traitements.jpg\" \/>\n\t<meta property=\"og:image:width\" content=\"1920\" \/>\n\t<meta property=\"og:image:height\" content=\"300\" \/>\n\t<meta property=\"og:image:type\" content=\"image\/jpeg\" \/>\n<meta name=\"twitter:card\" content=\"summary_large_image\" \/>\n<meta name=\"twitter:label1\" content=\"Gesch\u00e4tzte Lesezeit\" \/>\n\t<meta name=\"twitter:data1\" content=\"1\u00a0Minute\" \/>\n<script type=\"application\/ld+json\" class=\"yoast-schema-graph\">{\"@context\":\"https:\\\/\\\/schema.org\",\"@graph\":[{\"@type\":\"WebPage\",\"@id\":\"https:\\\/\\\/www.feinsinn-zahngesundheit.ch\\\/fr\\\/les-champs-perturbateur\\\/les-amalgames-au-mercure\\\/\",\"url\":\"https:\\\/\\\/www.feinsinn-zahngesundheit.ch\\\/fr\\\/les-champs-perturbateur\\\/les-amalgames-au-mercure\\\/\",\"name\":\"Les amalgames au Mercure - Feinsinn\",\"isPartOf\":{\"@id\":\"https:\\\/\\\/www.feinsinn-zahngesundheit.ch\\\/#website\"},\"primaryImageOfPage\":{\"@id\":\"https:\\\/\\\/www.feinsinn-zahngesundheit.ch\\\/fr\\\/les-champs-perturbateur\\\/les-amalgames-au-mercure\\\/#primaryimage\"},\"image\":{\"@id\":\"https:\\\/\\\/www.feinsinn-zahngesundheit.ch\\\/fr\\\/les-champs-perturbateur\\\/les-amalgames-au-mercure\\\/#primaryimage\"},\"thumbnailUrl\":\"https:\\\/\\\/www.feinsinn-zahngesundheit.ch\\\/wp-content\\\/uploads\\\/2023\\\/07\\\/bandeau-traitements.jpg\",\"datePublished\":\"2023-10-12T14:00:56+00:00\",\"dateModified\":\"2023-10-12T14:07:06+00:00\",\"description\":\"Les maladies parodontales sont un fl\u00e9au qui touche beaucoup de personnes. Elles sont bien souvent la cause de pertes de dents, d\u00e9couvrez ce qu'elles sont.\",\"breadcrumb\":{\"@id\":\"https:\\\/\\\/www.feinsinn-zahngesundheit.ch\\\/fr\\\/les-champs-perturbateur\\\/les-amalgames-au-mercure\\\/#breadcrumb\"},\"inLanguage\":\"de\",\"potentialAction\":[{\"@type\":\"ReadAction\",\"target\":[\"https:\\\/\\\/www.feinsinn-zahngesundheit.ch\\\/fr\\\/les-champs-perturbateur\\\/les-amalgames-au-mercure\\\/\"]}]},{\"@type\":\"ImageObject\",\"inLanguage\":\"de\",\"@id\":\"https:\\\/\\\/www.feinsinn-zahngesundheit.ch\\\/fr\\\/les-champs-perturbateur\\\/les-amalgames-au-mercure\\\/#primaryimage\",\"url\":\"https:\\\/\\\/www.feinsinn-zahngesundheit.ch\\\/wp-content\\\/uploads\\\/2023\\\/07\\\/bandeau-traitements.jpg\",\"contentUrl\":\"https:\\\/\\\/www.feinsinn-zahngesundheit.ch\\\/wp-content\\\/uploads\\\/2023\\\/07\\\/bandeau-traitements.jpg\",\"width\":1920,\"height\":300},{\"@type\":\"BreadcrumbList\",\"@id\":\"https:\\\/\\\/www.feinsinn-zahngesundheit.ch\\\/fr\\\/les-champs-perturbateur\\\/les-amalgames-au-mercure\\\/#breadcrumb\",\"itemListElement\":[{\"@type\":\"ListItem\",\"position\":1,\"name\":\"Home\",\"item\":\"https:\\\/\\\/www.feinsinn-zahngesundheit.ch\\\/\"},{\"@type\":\"ListItem\",\"position\":2,\"name\":\"Les champs perturbateur\",\"item\":\"https:\\\/\\\/www.feinsinn-zahngesundheit.ch\\\/les-champs-perturbateur\\\/\"},{\"@type\":\"ListItem\",\"position\":3,\"name\":\"Les amalgames au Mercure\"}]},{\"@type\":\"WebSite\",\"@id\":\"https:\\\/\\\/www.feinsinn-zahngesundheit.ch\\\/#website\",\"url\":\"https:\\\/\\\/www.feinsinn-zahngesundheit.ch\\\/\",\"name\":\"Feinsinn\",\"description\":\"\",\"publisher\":{\"@id\":\"https:\\\/\\\/www.feinsinn-zahngesundheit.ch\\\/#organization\"},\"potentialAction\":[{\"@type\":\"SearchAction\",\"target\":{\"@type\":\"EntryPoint\",\"urlTemplate\":\"https:\\\/\\\/www.feinsinn-zahngesundheit.ch\\\/?s={search_term_string}\"},\"query-input\":{\"@type\":\"PropertyValueSpecification\",\"valueRequired\":true,\"valueName\":\"search_term_string\"}}],\"inLanguage\":\"de\"},{\"@type\":\"Organization\",\"@id\":\"https:\\\/\\\/www.feinsinn-zahngesundheit.ch\\\/#organization\",\"name\":\"Feinsinn\",\"url\":\"https:\\\/\\\/www.feinsinn-zahngesundheit.ch\\\/\",\"logo\":{\"@type\":\"ImageObject\",\"inLanguage\":\"de\",\"@id\":\"https:\\\/\\\/www.feinsinn-zahngesundheit.ch\\\/#\\\/schema\\\/logo\\\/image\\\/\",\"url\":\"https:\\\/\\\/www.feinsinn-zahngesundheit.ch\\\/wp-content\\\/uploads\\\/2023\\\/06\\\/logo_feinsinn_rvb.png\",\"contentUrl\":\"https:\\\/\\\/www.feinsinn-zahngesundheit.ch\\\/wp-content\\\/uploads\\\/2023\\\/06\\\/logo_feinsinn_rvb.png\",\"width\":1000,\"height\":335,\"caption\":\"Feinsinn\"},\"image\":{\"@id\":\"https:\\\/\\\/www.feinsinn-zahngesundheit.ch\\\/#\\\/schema\\\/logo\\\/image\\\/\"}}]}<\/script>\n<!-- \/ Yoast SEO plugin. -->","yoast_head_json":{"title":"Les amalgames au Mercure - Feinsinn","description":"Les maladies parodontales sont un fl\u00e9au qui touche beaucoup de personnes. Elles sont bien souvent la cause de pertes de dents, d\u00e9couvrez ce qu'elles sont.","robots":{"index":"index","follow":"follow","max-snippet":"max-snippet:-1","max-image-preview":"max-image-preview:large","max-video-preview":"max-video-preview:-1"},"canonical":"https:\/\/www.feinsinn-zahngesundheit.ch\/de\/storfelder\/die-quecksilberhaltigen-amalgamfullungen\/","og_locale":"de_DE","og_type":"article","og_title":"Les amalgames au Mercure - Feinsinn","og_description":"Les maladies parodontales sont un fl\u00e9au qui touche beaucoup de personnes. Elles sont bien souvent la cause de pertes de dents, d\u00e9couvrez ce qu'elles sont.","og_url":"https:\/\/www.feinsinn-zahngesundheit.ch\/de\/storfelder\/die-quecksilberhaltigen-amalgamfullungen\/","og_site_name":"Feinsinn","article_modified_time":"2023-10-12T14:07:06+00:00","og_image":[{"width":1920,"height":300,"url":"https:\/\/www.feinsinn-zahngesundheit.ch\/wp-content\/uploads\/2023\/07\/bandeau-traitements.jpg","type":"image\/jpeg"}],"twitter_card":"summary_large_image","twitter_misc":{"Gesch\u00e4tzte Lesezeit":"1\u00a0Minute"},"schema":{"@context":"https:\/\/schema.org","@graph":[{"@type":"WebPage","@id":"https:\/\/www.feinsinn-zahngesundheit.ch\/fr\/les-champs-perturbateur\/les-amalgames-au-mercure\/","url":"https:\/\/www.feinsinn-zahngesundheit.ch\/fr\/les-champs-perturbateur\/les-amalgames-au-mercure\/","name":"Les amalgames au Mercure - Feinsinn","isPartOf":{"@id":"https:\/\/www.feinsinn-zahngesundheit.ch\/#website"},"primaryImageOfPage":{"@id":"https:\/\/www.feinsinn-zahngesundheit.ch\/fr\/les-champs-perturbateur\/les-amalgames-au-mercure\/#primaryimage"},"image":{"@id":"https:\/\/www.feinsinn-zahngesundheit.ch\/fr\/les-champs-perturbateur\/les-amalgames-au-mercure\/#primaryimage"},"thumbnailUrl":"https:\/\/www.feinsinn-zahngesundheit.ch\/wp-content\/uploads\/2023\/07\/bandeau-traitements.jpg","datePublished":"2023-10-12T14:00:56+00:00","dateModified":"2023-10-12T14:07:06+00:00","description":"Les maladies parodontales sont un fl\u00e9au qui touche beaucoup de personnes. Elles sont bien souvent la cause de pertes de dents, d\u00e9couvrez ce qu'elles sont.","breadcrumb":{"@id":"https:\/\/www.feinsinn-zahngesundheit.ch\/fr\/les-champs-perturbateur\/les-amalgames-au-mercure\/#breadcrumb"},"inLanguage":"de","potentialAction":[{"@type":"ReadAction","target":["https:\/\/www.feinsinn-zahngesundheit.ch\/fr\/les-champs-perturbateur\/les-amalgames-au-mercure\/"]}]},{"@type":"ImageObject","inLanguage":"de","@id":"https:\/\/www.feinsinn-zahngesundheit.ch\/fr\/les-champs-perturbateur\/les-amalgames-au-mercure\/#primaryimage","url":"https:\/\/www.feinsinn-zahngesundheit.ch\/wp-content\/uploads\/2023\/07\/bandeau-traitements.jpg","contentUrl":"https:\/\/www.feinsinn-zahngesundheit.ch\/wp-content\/uploads\/2023\/07\/bandeau-traitements.jpg","width":1920,"height":300},{"@type":"BreadcrumbList","@id":"https:\/\/www.feinsinn-zahngesundheit.ch\/fr\/les-champs-perturbateur\/les-amalgames-au-mercure\/#breadcrumb","itemListElement":[{"@type":"ListItem","position":1,"name":"Home","item":"https:\/\/www.feinsinn-zahngesundheit.ch\/"},{"@type":"ListItem","position":2,"name":"Les champs perturbateur","item":"https:\/\/www.feinsinn-zahngesundheit.ch\/les-champs-perturbateur\/"},{"@type":"ListItem","position":3,"name":"Les amalgames au Mercure"}]},{"@type":"WebSite","@id":"https:\/\/www.feinsinn-zahngesundheit.ch\/#website","url":"https:\/\/www.feinsinn-zahngesundheit.ch\/","name":"Feinsinn","description":"","publisher":{"@id":"https:\/\/www.feinsinn-zahngesundheit.ch\/#organization"},"potentialAction":[{"@type":"SearchAction","target":{"@type":"EntryPoint","urlTemplate":"https:\/\/www.feinsinn-zahngesundheit.ch\/?s={search_term_string}"},"query-input":{"@type":"PropertyValueSpecification","valueRequired":true,"valueName":"search_term_string"}}],"inLanguage":"de"},{"@type":"Organization","@id":"https:\/\/www.feinsinn-zahngesundheit.ch\/#organization","name":"Feinsinn","url":"https:\/\/www.feinsinn-zahngesundheit.ch\/","logo":{"@type":"ImageObject","inLanguage":"de","@id":"https:\/\/www.feinsinn-zahngesundheit.ch\/#\/schema\/logo\/image\/","url":"https:\/\/www.feinsinn-zahngesundheit.ch\/wp-content\/uploads\/2023\/06\/logo_feinsinn_rvb.png","contentUrl":"https:\/\/www.feinsinn-zahngesundheit.ch\/wp-content\/uploads\/2023\/06\/logo_feinsinn_rvb.png","width":1000,"height":335,"caption":"Feinsinn"},"image":{"@id":"https:\/\/www.feinsinn-zahngesundheit.ch\/#\/schema\/logo\/image\/"}}]}},"_links":{"self":[{"href":"https:\/\/www.feinsinn-zahngesundheit.ch\/de\/wp-json\/wp\/v2\/pages\/4059","targetHints":{"allow":["GET"]}}],"collection":[{"href":"https:\/\/www.feinsinn-zahngesundheit.ch\/de\/wp-json\/wp\/v2\/pages"}],"about":[{"href":"https:\/\/www.feinsinn-zahngesundheit.ch\/de\/wp-json\/wp\/v2\/types\/page"}],"author":[{"embeddable":true,"href":"https:\/\/www.feinsinn-zahngesundheit.ch\/de\/wp-json\/wp\/v2\/users\/1"}],"replies":[{"embeddable":true,"href":"https:\/\/www.feinsinn-zahngesundheit.ch\/de\/wp-json\/wp\/v2\/comments?post=4059"}],"version-history":[{"count":4,"href":"https:\/\/www.feinsinn-zahngesundheit.ch\/de\/wp-json\/wp\/v2\/pages\/4059\/revisions"}],"predecessor-version":[{"id":4064,"href":"https:\/\/www.feinsinn-zahngesundheit.ch\/de\/wp-json\/wp\/v2\/pages\/4059\/revisions\/4064"}],"up":[{"embeddable":true,"href":"https:\/\/www.feinsinn-zahngesundheit.ch\/de\/wp-json\/wp\/v2\/pages\/2480"}],"wp:featuredmedia":[{"embeddable":true,"href":"https:\/\/www.feinsinn-zahngesundheit.ch\/de\/wp-json\/wp\/v2\/media\/3427"}],"wp:attachment":[{"href":"https:\/\/www.feinsinn-zahngesundheit.ch\/de\/wp-json\/wp\/v2\/media?parent=4059"}],"curies":[{"name":"wp","href":"https:\/\/api.w.org\/{rel}","templated":true}]}}