{"id":4199,"date":"2023-11-20T15:46:01","date_gmt":"2023-11-20T14:46:01","guid":{"rendered":"https:\/\/www.feinsinn-zahngesundheit.ch\/?page_id=4199"},"modified":"2024-07-15T09:24:13","modified_gmt":"2024-07-15T07:24:13","slug":"entfernung-von-metallen-def-2","status":"publish","type":"page","link":"https:\/\/www.feinsinn-zahngesundheit.ch\/de\/les-champs-perturbateur\/les-implants-en-titane-def\/","title":{"rendered":"Titanimplante"},"content":{"rendered":"<div data-elementor-type=\"wp-page\" data-elementor-id=\"4199\" class=\"elementor elementor-4199\" data-elementor-post-type=\"page\">\n\t\t\t\t\t\t<section class=\"elementor-section elementor-top-section elementor-element elementor-element-482cd8fe elementor-section-height-min-height elementor-section-boxed elementor-section-height-default elementor-section-items-middle\" data-id=\"482cd8fe\" data-element_type=\"section\" data-e-type=\"section\" data-settings=\"{&quot;background_background&quot;:&quot;classic&quot;,&quot;jet_parallax_layout_list&quot;:[]}\">\n\t\t\t\t\t\t<div class=\"elementor-container elementor-column-gap-default\">\n\t\t\t\t\t<div class=\"elementor-column elementor-col-100 elementor-top-column elementor-element elementor-element-6d9742cb\" data-id=\"6d9742cb\" data-element_type=\"column\" data-e-type=\"column\">\n\t\t\t<div class=\"elementor-widget-wrap elementor-element-populated\">\n\t\t\t\t\t\t<div class=\"elementor-element elementor-element-63ab07f4 elementor-widget elementor-widget-breadcrumbs\" data-id=\"63ab07f4\" data-element_type=\"widget\" data-e-type=\"widget\" data-widget_type=\"breadcrumbs.default\">\n\t\t\t\t<div class=\"elementor-widget-container\">\n\t\t\t\t\t<p id=\"breadcrumbs\"><span><span><a href=\"https:\/\/www.feinsinn-zahngesundheit.ch\/de\/\">Home<\/a><\/span><\/span><\/p>\t\t\t\t<\/div>\n\t\t\t\t<\/div>\n\t\t\t\t\t<\/div>\n\t\t<\/div>\n\t\t\t\t\t<\/div>\n\t\t<\/section>\n\t\t\t\t<section class=\"elementor-section elementor-top-section elementor-element elementor-element-0240f84 elementor-reverse-tablet elementor-section-boxed elementor-section-height-default elementor-section-height-default\" data-id=\"0240f84\" data-element_type=\"section\" data-e-type=\"section\" data-settings=\"{&quot;jet_parallax_layout_list&quot;:[]}\">\n\t\t\t\t\t\t<div class=\"elementor-container elementor-column-gap-default\">\n\t\t\t\t\t<div class=\"elementor-column elementor-col-50 elementor-top-column elementor-element elementor-element-33a185e\" data-id=\"33a185e\" data-element_type=\"column\" data-e-type=\"column\">\n\t\t\t<div class=\"elementor-widget-wrap elementor-element-populated\">\n\t\t\t\t\t\t<div class=\"elementor-element elementor-element-df751dd elementor-widget elementor-widget-image\" data-id=\"df751dd\" data-element_type=\"widget\" data-e-type=\"widget\" data-widget_type=\"image.default\">\n\t\t\t\t<div class=\"elementor-widget-container\">\n\t\t\t\t\t\t\t\t\t\t\t\t\t\t\t<img fetchpriority=\"high\" decoding=\"async\" width=\"640\" height=\"640\" src=\"https:\/\/www.feinsinn-zahngesundheit.ch\/wp-content\/uploads\/2021\/10\/main-banner-1024x1024.jpg\" class=\"attachment-large size-large wp-image-1201\" alt=\"\" srcset=\"https:\/\/www.feinsinn-zahngesundheit.ch\/wp-content\/uploads\/2021\/10\/main-banner-1024x1024.jpg 1024w, https:\/\/www.feinsinn-zahngesundheit.ch\/wp-content\/uploads\/2021\/10\/main-banner-150x150.jpg 150w, https:\/\/www.feinsinn-zahngesundheit.ch\/wp-content\/uploads\/2021\/10\/main-banner-300x300.jpg 300w, https:\/\/www.feinsinn-zahngesundheit.ch\/wp-content\/uploads\/2021\/10\/main-banner-768x768.jpg 768w, https:\/\/www.feinsinn-zahngesundheit.ch\/wp-content\/uploads\/2021\/10\/main-banner-650x650.jpg 650w, https:\/\/www.feinsinn-zahngesundheit.ch\/wp-content\/uploads\/2021\/10\/main-banner.jpg 1250w\" sizes=\"(max-width: 640px) 100vw, 640px\" \/>\t\t\t\t\t\t\t\t\t\t\t\t\t\t\t<\/div>\n\t\t\t\t<\/div>\n\t\t\t\t\t<\/div>\n\t\t<\/div>\n\t\t\t\t<div class=\"elementor-column elementor-col-50 elementor-top-column elementor-element elementor-element-34cd9db\" data-id=\"34cd9db\" data-element_type=\"column\" data-e-type=\"column\">\n\t\t\t<div class=\"elementor-widget-wrap elementor-element-populated\">\n\t\t\t\t\t\t<div class=\"elementor-element elementor-element-ca12e24 elementor-widget elementor-widget-heading\" data-id=\"ca12e24\" data-element_type=\"widget\" data-e-type=\"widget\" data-widget_type=\"heading.default\">\n\t\t\t\t<div class=\"elementor-widget-container\">\n\t\t\t\t\t<h2 class=\"elementor-heading-title elementor-size-xl\">Titaneimplante<\/h2>\t\t\t\t<\/div>\n\t\t\t\t<\/div>\n\t\t\t\t<div class=\"elementor-element elementor-element-508bd35 elementor-widget-divider--view-line elementor-widget elementor-widget-divider\" data-id=\"508bd35\" data-element_type=\"widget\" data-e-type=\"widget\" data-widget_type=\"divider.default\">\n\t\t\t\t<div class=\"elementor-widget-container\">\n\t\t\t\t\t\t\t<div class=\"elementor-divider\">\n\t\t\t<span class=\"elementor-divider-separator\">\n\t\t\t\t\t\t<\/span>\n\t\t<\/div>\n\t\t\t\t\t\t<\/div>\n\t\t\t\t<\/div>\n\t\t\t\t<div class=\"elementor-element elementor-element-662e93f elementor-widget elementor-widget-text-editor\" data-id=\"662e93f\" data-element_type=\"widget\" data-e-type=\"widget\" data-widget_type=\"text-editor.default\">\n\t\t\t\t<div class=\"elementor-widget-container\">\n\t\t\t\t\t\t\t\t\t<p>Titan galt bis vor kurzem als unumg\u00e4nglich bei der Implantatbehandlung. Es wird immer noch als das sogenannte biokompatible Material beschrieben.<\/p><p><span style=\"color: inherit; font-size: var(--fontSize);\">In Wirklichkeit kann der K\u00f6rper das Titan beim Einsetzen des Implantats nicht aussto\u00dfen und isoliert es daher, indem er eine dichtere Knochenschicht um das Implantat herum bildet. Dies wird als Osseointegration bezeichnet.<\/span><\/p><p>In gewisser Weise k\u00f6nnte man den therapeutischen Erfolg auch als Immunversagen bezeichnen.<\/p><p>Titanimplantate werden, je nach Mundmilieu, gut vertragen oder sind im Gegenteil von Periimplantitis betroffen. Sie k\u00f6nnen korrosionsanf\u00e4llig sein und f\u00fcr den K\u00f6rper ungesunde Metallionen freisetzen.<\/p><p>Manche Patienten klagen unmittelbar nach dem Einsetzen von Titanimplantaten \u00fcber Symptome wie \"brain fog\" oder chronische M\u00fcdigkeit.<\/p>\t\t\t\t\t\t\t\t<\/div>\n\t\t\t\t<\/div>\n\t\t\t\t<div class=\"elementor-element elementor-element-afbcbc7 elementor-widget elementor-widget-text-editor\" data-id=\"afbcbc7\" data-element_type=\"widget\" data-e-type=\"widget\" data-widget_type=\"text-editor.default\">\n\t\t\t\t<div class=\"elementor-widget-container\">\n\t\t\t\t\t\t\t\t\t<h3><strong>Titandioxid<\/strong><\/h3><p>Die Korrosionsbest\u00e4ndigkeit von Titan resultiert aus dem Titandioxidfilm, der das Metall vor weiteren Oxidationen sch\u00fctzt. Es ist allgemein anerkannt, dass Titan in vitro eine hohe Stabilit\u00e4t und gute Korrosionsbest\u00e4ndigkeit aufweist, obwohl es Berichte \u00fcber die Ansammlung von Titan im Gewebe neben dem Implantat gab (M.Browne, P.J. Gregson 2000), was eine Freisetzung von Metallionen und eine gewisse Korrosion in vivo bedeutet.<\/p><p class=\"translation-block\">In einem Gutachten vom 6. Mai 2021 vertritt die Europ\u00e4ische Beh\u00f6rde f\u00fcr Lebensmittelsicherheit (EFSA) die Auffassung, dass E171(Titandioxid) als Lebensmittelzusatzstoff nicht mehr als sicher angesehen werden kann, insbesondere <strong> weil genotoxische Effekte, d. h. die F\u00e4higkeit, das genetische Material von Zellen zu sch\u00e4digen<\/strong>, nicht ausgeschlossen werden k\u00f6nnen ...<\/p>\t\t\t\t\t\t\t\t<\/div>\n\t\t\t\t<\/div>\n\t\t\t\t\t<\/div>\n\t\t<\/div>\n\t\t\t\t\t<\/div>\n\t\t<\/section>\n\t\t\t\t<\/div>","protected":false},"excerpt":{"rendered":"<p>Les implants en titante Le Titane a \u00e9t\u00e9 consid\u00e9r\u00e9, jusqu\u2019\u00e0 peu de temps, comme incontournable dans les traitements implantaires. Il est encore d\u00e9crit comme LE mat\u00e9riau dit biocompatible. En r\u00e9alit\u00e9, Lors de la mise en place de l\u2019implants, le corps, n\u2019arrive pas \u00e0 \u00e9jecter le Titane et, donc, il l\u2019isole en cr\u00e9ant une gangue d\u2019os <\/p>","protected":false},"author":1,"featured_media":3125,"parent":2480,"menu_order":0,"comment_status":"closed","ping_status":"closed","template":"elementor_header_footer","meta":{"footnotes":""},"class_list":["post-4199","page","type-page","status-publish","has-post-thumbnail","hentry"],"acf":[],"yoast_head":"<!-- This site is optimized with the Yoast SEO plugin v27.3 - https:\/\/yoast.com\/product\/yoast-seo-wordpress\/ -->\n<title>Les implants en titane dangereux - Feinsinn<\/title>\n<meta name=\"description\" content=\"L&#039;\u00e9limination de m\u00e9taux pr\u00e9sents dans votre bouche peut survenir lors d&#039;une op\u00e9ration d&#039;\u00e9limination d&#039;amalgames. Informez vous des proc\u00e9d\u00e9s utilis\u00e9s par notre cabinet.\" \/>\n<meta name=\"robots\" content=\"index, follow, max-snippet:-1, max-image-preview:large, max-video-preview:-1\" \/>\n<link rel=\"canonical\" href=\"https:\/\/www.feinsinn-zahngesundheit.ch\/de\/storfelder\/entfernung-von-metallen-def-2\/\" \/>\n<meta property=\"og:locale\" content=\"de_DE\" \/>\n<meta property=\"og:type\" content=\"article\" \/>\n<meta property=\"og:title\" content=\"Les implants en titane dangereux - Feinsinn\" \/>\n<meta property=\"og:description\" content=\"L&#039;\u00e9limination de m\u00e9taux pr\u00e9sents dans votre bouche peut survenir lors d&#039;une op\u00e9ration d&#039;\u00e9limination d&#039;amalgames. Informez vous des proc\u00e9d\u00e9s utilis\u00e9s par notre cabinet.\" \/>\n<meta property=\"og:url\" content=\"https:\/\/www.feinsinn-zahngesundheit.ch\/de\/storfelder\/entfernung-von-metallen-def-2\/\" \/>\n<meta property=\"og:site_name\" content=\"Feinsinn\" \/>\n<meta property=\"article:modified_time\" content=\"2024-07-15T07:24:13+00:00\" \/>\n<meta property=\"og:image\" content=\"https:\/\/www.feinsinn-zahngesundheit.ch\/wp-content\/uploads\/2023\/06\/bandeau-sante.jpg\" \/>\n\t<meta property=\"og:image:width\" content=\"1920\" \/>\n\t<meta property=\"og:image:height\" content=\"300\" \/>\n\t<meta property=\"og:image:type\" content=\"image\/jpeg\" \/>\n<meta name=\"twitter:card\" content=\"summary_large_image\" \/>\n<meta name=\"twitter:label1\" content=\"Gesch\u00e4tzte Lesezeit\" \/>\n\t<meta name=\"twitter:data1\" content=\"2\u00a0Minuten\" \/>\n<script type=\"application\/ld+json\" class=\"yoast-schema-graph\">{\"@context\":\"https:\\\/\\\/schema.org\",\"@graph\":[{\"@type\":\"WebPage\",\"@id\":\"https:\\\/\\\/www.feinsinn-zahngesundheit.ch\\\/les-champs-perturbateur\\\/les-implants-en-titane-def\\\/\",\"url\":\"https:\\\/\\\/www.feinsinn-zahngesundheit.ch\\\/les-champs-perturbateur\\\/les-implants-en-titane-def\\\/\",\"name\":\"Les implants en titane dangereux - Feinsinn\",\"isPartOf\":{\"@id\":\"https:\\\/\\\/www.feinsinn-zahngesundheit.ch\\\/#website\"},\"primaryImageOfPage\":{\"@id\":\"https:\\\/\\\/www.feinsinn-zahngesundheit.ch\\\/les-champs-perturbateur\\\/les-implants-en-titane-def\\\/#primaryimage\"},\"image\":{\"@id\":\"https:\\\/\\\/www.feinsinn-zahngesundheit.ch\\\/les-champs-perturbateur\\\/les-implants-en-titane-def\\\/#primaryimage\"},\"thumbnailUrl\":\"https:\\\/\\\/www.feinsinn-zahngesundheit.ch\\\/wp-content\\\/uploads\\\/2023\\\/06\\\/bandeau-sante.jpg\",\"datePublished\":\"2023-11-20T14:46:01+00:00\",\"dateModified\":\"2024-07-15T07:24:13+00:00\",\"description\":\"L'\u00e9limination de m\u00e9taux pr\u00e9sents dans votre bouche peut survenir lors d'une op\u00e9ration d'\u00e9limination d'amalgames. Informez vous des proc\u00e9d\u00e9s utilis\u00e9s par notre cabinet.\",\"breadcrumb\":{\"@id\":\"https:\\\/\\\/www.feinsinn-zahngesundheit.ch\\\/les-champs-perturbateur\\\/les-implants-en-titane-def\\\/#breadcrumb\"},\"inLanguage\":\"de\",\"potentialAction\":[{\"@type\":\"ReadAction\",\"target\":[\"https:\\\/\\\/www.feinsinn-zahngesundheit.ch\\\/les-champs-perturbateur\\\/les-implants-en-titane-def\\\/\"]}]},{\"@type\":\"ImageObject\",\"inLanguage\":\"de\",\"@id\":\"https:\\\/\\\/www.feinsinn-zahngesundheit.ch\\\/les-champs-perturbateur\\\/les-implants-en-titane-def\\\/#primaryimage\",\"url\":\"https:\\\/\\\/www.feinsinn-zahngesundheit.ch\\\/wp-content\\\/uploads\\\/2023\\\/06\\\/bandeau-sante.jpg\",\"contentUrl\":\"https:\\\/\\\/www.feinsinn-zahngesundheit.ch\\\/wp-content\\\/uploads\\\/2023\\\/06\\\/bandeau-sante.jpg\",\"width\":1920,\"height\":300},{\"@type\":\"BreadcrumbList\",\"@id\":\"https:\\\/\\\/www.feinsinn-zahngesundheit.ch\\\/les-champs-perturbateur\\\/les-implants-en-titane-def\\\/#breadcrumb\",\"itemListElement\":[{\"@type\":\"ListItem\",\"position\":1,\"name\":\"Home\",\"item\":\"https:\\\/\\\/www.feinsinn-zahngesundheit.ch\\\/\"},{\"@type\":\"ListItem\",\"position\":2,\"name\":\"Les champs perturbateur\",\"item\":\"https:\\\/\\\/www.feinsinn-zahngesundheit.ch\\\/les-champs-perturbateur\\\/\"},{\"@type\":\"ListItem\",\"position\":3,\"name\":\"Les implants en titane\"}]},{\"@type\":\"WebSite\",\"@id\":\"https:\\\/\\\/www.feinsinn-zahngesundheit.ch\\\/#website\",\"url\":\"https:\\\/\\\/www.feinsinn-zahngesundheit.ch\\\/\",\"name\":\"Feinsinn\",\"description\":\"\",\"publisher\":{\"@id\":\"https:\\\/\\\/www.feinsinn-zahngesundheit.ch\\\/#organization\"},\"potentialAction\":[{\"@type\":\"SearchAction\",\"target\":{\"@type\":\"EntryPoint\",\"urlTemplate\":\"https:\\\/\\\/www.feinsinn-zahngesundheit.ch\\\/?s={search_term_string}\"},\"query-input\":{\"@type\":\"PropertyValueSpecification\",\"valueRequired\":true,\"valueName\":\"search_term_string\"}}],\"inLanguage\":\"de\"},{\"@type\":\"Organization\",\"@id\":\"https:\\\/\\\/www.feinsinn-zahngesundheit.ch\\\/#organization\",\"name\":\"Feinsinn\",\"url\":\"https:\\\/\\\/www.feinsinn-zahngesundheit.ch\\\/\",\"logo\":{\"@type\":\"ImageObject\",\"inLanguage\":\"de\",\"@id\":\"https:\\\/\\\/www.feinsinn-zahngesundheit.ch\\\/#\\\/schema\\\/logo\\\/image\\\/\",\"url\":\"https:\\\/\\\/www.feinsinn-zahngesundheit.ch\\\/wp-content\\\/uploads\\\/2023\\\/06\\\/logo_feinsinn_rvb.png\",\"contentUrl\":\"https:\\\/\\\/www.feinsinn-zahngesundheit.ch\\\/wp-content\\\/uploads\\\/2023\\\/06\\\/logo_feinsinn_rvb.png\",\"width\":1000,\"height\":335,\"caption\":\"Feinsinn\"},\"image\":{\"@id\":\"https:\\\/\\\/www.feinsinn-zahngesundheit.ch\\\/#\\\/schema\\\/logo\\\/image\\\/\"}}]}<\/script>\n<!-- \/ Yoast SEO plugin. -->","yoast_head_json":{"title":"Les implants en titane dangereux - Feinsinn","description":"L'\u00e9limination de m\u00e9taux pr\u00e9sents dans votre bouche peut survenir lors d'une op\u00e9ration d'\u00e9limination d'amalgames. Informez vous des proc\u00e9d\u00e9s utilis\u00e9s par notre cabinet.","robots":{"index":"index","follow":"follow","max-snippet":"max-snippet:-1","max-image-preview":"max-image-preview:large","max-video-preview":"max-video-preview:-1"},"canonical":"https:\/\/www.feinsinn-zahngesundheit.ch\/de\/storfelder\/entfernung-von-metallen-def-2\/","og_locale":"de_DE","og_type":"article","og_title":"Les implants en titane dangereux - Feinsinn","og_description":"L'\u00e9limination de m\u00e9taux pr\u00e9sents dans votre bouche peut survenir lors d'une op\u00e9ration d'\u00e9limination d'amalgames. Informez vous des proc\u00e9d\u00e9s utilis\u00e9s par notre cabinet.","og_url":"https:\/\/www.feinsinn-zahngesundheit.ch\/de\/storfelder\/entfernung-von-metallen-def-2\/","og_site_name":"Feinsinn","article_modified_time":"2024-07-15T07:24:13+00:00","og_image":[{"width":1920,"height":300,"url":"https:\/\/www.feinsinn-zahngesundheit.ch\/wp-content\/uploads\/2023\/06\/bandeau-sante.jpg","type":"image\/jpeg"}],"twitter_card":"summary_large_image","twitter_misc":{"Gesch\u00e4tzte Lesezeit":"2\u00a0Minuten"},"schema":{"@context":"https:\/\/schema.org","@graph":[{"@type":"WebPage","@id":"https:\/\/www.feinsinn-zahngesundheit.ch\/les-champs-perturbateur\/les-implants-en-titane-def\/","url":"https:\/\/www.feinsinn-zahngesundheit.ch\/les-champs-perturbateur\/les-implants-en-titane-def\/","name":"Les implants en titane dangereux - Feinsinn","isPartOf":{"@id":"https:\/\/www.feinsinn-zahngesundheit.ch\/#website"},"primaryImageOfPage":{"@id":"https:\/\/www.feinsinn-zahngesundheit.ch\/les-champs-perturbateur\/les-implants-en-titane-def\/#primaryimage"},"image":{"@id":"https:\/\/www.feinsinn-zahngesundheit.ch\/les-champs-perturbateur\/les-implants-en-titane-def\/#primaryimage"},"thumbnailUrl":"https:\/\/www.feinsinn-zahngesundheit.ch\/wp-content\/uploads\/2023\/06\/bandeau-sante.jpg","datePublished":"2023-11-20T14:46:01+00:00","dateModified":"2024-07-15T07:24:13+00:00","description":"L'\u00e9limination de m\u00e9taux pr\u00e9sents dans votre bouche peut survenir lors d'une op\u00e9ration d'\u00e9limination d'amalgames. Informez vous des proc\u00e9d\u00e9s utilis\u00e9s par notre cabinet.","breadcrumb":{"@id":"https:\/\/www.feinsinn-zahngesundheit.ch\/les-champs-perturbateur\/les-implants-en-titane-def\/#breadcrumb"},"inLanguage":"de","potentialAction":[{"@type":"ReadAction","target":["https:\/\/www.feinsinn-zahngesundheit.ch\/les-champs-perturbateur\/les-implants-en-titane-def\/"]}]},{"@type":"ImageObject","inLanguage":"de","@id":"https:\/\/www.feinsinn-zahngesundheit.ch\/les-champs-perturbateur\/les-implants-en-titane-def\/#primaryimage","url":"https:\/\/www.feinsinn-zahngesundheit.ch\/wp-content\/uploads\/2023\/06\/bandeau-sante.jpg","contentUrl":"https:\/\/www.feinsinn-zahngesundheit.ch\/wp-content\/uploads\/2023\/06\/bandeau-sante.jpg","width":1920,"height":300},{"@type":"BreadcrumbList","@id":"https:\/\/www.feinsinn-zahngesundheit.ch\/les-champs-perturbateur\/les-implants-en-titane-def\/#breadcrumb","itemListElement":[{"@type":"ListItem","position":1,"name":"Home","item":"https:\/\/www.feinsinn-zahngesundheit.ch\/"},{"@type":"ListItem","position":2,"name":"Les champs perturbateur","item":"https:\/\/www.feinsinn-zahngesundheit.ch\/les-champs-perturbateur\/"},{"@type":"ListItem","position":3,"name":"Les implants en titane"}]},{"@type":"WebSite","@id":"https:\/\/www.feinsinn-zahngesundheit.ch\/#website","url":"https:\/\/www.feinsinn-zahngesundheit.ch\/","name":"Feinsinn","description":"","publisher":{"@id":"https:\/\/www.feinsinn-zahngesundheit.ch\/#organization"},"potentialAction":[{"@type":"SearchAction","target":{"@type":"EntryPoint","urlTemplate":"https:\/\/www.feinsinn-zahngesundheit.ch\/?s={search_term_string}"},"query-input":{"@type":"PropertyValueSpecification","valueRequired":true,"valueName":"search_term_string"}}],"inLanguage":"de"},{"@type":"Organization","@id":"https:\/\/www.feinsinn-zahngesundheit.ch\/#organization","name":"Feinsinn","url":"https:\/\/www.feinsinn-zahngesundheit.ch\/","logo":{"@type":"ImageObject","inLanguage":"de","@id":"https:\/\/www.feinsinn-zahngesundheit.ch\/#\/schema\/logo\/image\/","url":"https:\/\/www.feinsinn-zahngesundheit.ch\/wp-content\/uploads\/2023\/06\/logo_feinsinn_rvb.png","contentUrl":"https:\/\/www.feinsinn-zahngesundheit.ch\/wp-content\/uploads\/2023\/06\/logo_feinsinn_rvb.png","width":1000,"height":335,"caption":"Feinsinn"},"image":{"@id":"https:\/\/www.feinsinn-zahngesundheit.ch\/#\/schema\/logo\/image\/"}}]}},"_links":{"self":[{"href":"https:\/\/www.feinsinn-zahngesundheit.ch\/de\/wp-json\/wp\/v2\/pages\/4199","targetHints":{"allow":["GET"]}}],"collection":[{"href":"https:\/\/www.feinsinn-zahngesundheit.ch\/de\/wp-json\/wp\/v2\/pages"}],"about":[{"href":"https:\/\/www.feinsinn-zahngesundheit.ch\/de\/wp-json\/wp\/v2\/types\/page"}],"author":[{"embeddable":true,"href":"https:\/\/www.feinsinn-zahngesundheit.ch\/de\/wp-json\/wp\/v2\/users\/1"}],"replies":[{"embeddable":true,"href":"https:\/\/www.feinsinn-zahngesundheit.ch\/de\/wp-json\/wp\/v2\/comments?post=4199"}],"version-history":[{"count":8,"href":"https:\/\/www.feinsinn-zahngesundheit.ch\/de\/wp-json\/wp\/v2\/pages\/4199\/revisions"}],"predecessor-version":[{"id":4285,"href":"https:\/\/www.feinsinn-zahngesundheit.ch\/de\/wp-json\/wp\/v2\/pages\/4199\/revisions\/4285"}],"up":[{"embeddable":true,"href":"https:\/\/www.feinsinn-zahngesundheit.ch\/de\/wp-json\/wp\/v2\/pages\/2480"}],"wp:featuredmedia":[{"embeddable":true,"href":"https:\/\/www.feinsinn-zahngesundheit.ch\/de\/wp-json\/wp\/v2\/media\/3125"}],"wp:attachment":[{"href":"https:\/\/www.feinsinn-zahngesundheit.ch\/de\/wp-json\/wp\/v2\/media?parent=4199"}],"curies":[{"name":"wp","href":"https:\/\/api.w.org\/{rel}","templated":true}]}}