{"id":2616,"date":"2023-06-19T12:07:23","date_gmt":"2023-06-19T10:07:23","guid":{"rendered":"https:\/\/feinsinn.ukoo.hosting\/?page_id=2616"},"modified":"2024-07-15T09:33:26","modified_gmt":"2024-07-15T07:33:26","slug":"the-dental-office","status":"publish","type":"page","link":"https:\/\/www.feinsinn-zahngesundheit.ch\/en\/notre-philosophie\/le-cabinet\/","title":{"rendered":"The dental office"},"content":{"rendered":"<div data-elementor-type=\"wp-page\" data-elementor-id=\"2616\" class=\"elementor elementor-2616\" data-elementor-post-type=\"page\">\n\t\t\t\t\t\t<section class=\"elementor-section elementor-top-section elementor-element elementor-element-1c731c0a elementor-section-height-min-height elementor-section-boxed elementor-section-height-default elementor-section-items-middle\" data-id=\"1c731c0a\" data-element_type=\"section\" data-e-type=\"section\" data-settings=\"{&quot;background_background&quot;:&quot;classic&quot;,&quot;jet_parallax_layout_list&quot;:[]}\">\n\t\t\t\t\t\t<div class=\"elementor-container elementor-column-gap-default\">\n\t\t\t\t\t<div class=\"elementor-column elementor-col-100 elementor-top-column elementor-element elementor-element-5b067a36\" data-id=\"5b067a36\" data-element_type=\"column\" data-e-type=\"column\">\n\t\t\t<div class=\"elementor-widget-wrap elementor-element-populated\">\n\t\t\t\t\t\t<div class=\"elementor-element elementor-element-8734b22 elementor-widget elementor-widget-breadcrumbs\" data-id=\"8734b22\" data-element_type=\"widget\" data-e-type=\"widget\" data-widget_type=\"breadcrumbs.default\">\n\t\t\t\t<div class=\"elementor-widget-container\">\n\t\t\t\t\t<p id=\"breadcrumbs\"><span><span><a href=\"https:\/\/www.feinsinn-zahngesundheit.ch\/en\/\">Home<\/a><\/span><\/span><\/p>\t\t\t\t<\/div>\n\t\t\t\t<\/div>\n\t\t\t\t\t<\/div>\n\t\t<\/div>\n\t\t\t\t\t<\/div>\n\t\t<\/section>\n\t\t\t\t<section class=\"elementor-section elementor-top-section elementor-element elementor-element-f4a82c7 elementor-section-boxed elementor-section-height-default elementor-section-height-default\" data-id=\"f4a82c7\" data-element_type=\"section\" data-e-type=\"section\" data-settings=\"{&quot;jet_parallax_layout_list&quot;:[]}\">\n\t\t\t\t\t\t<div class=\"elementor-container elementor-column-gap-default\">\n\t\t\t\t\t<div class=\"elementor-column elementor-col-100 elementor-top-column elementor-element elementor-element-4a54bc8\" data-id=\"4a54bc8\" data-element_type=\"column\" data-e-type=\"column\">\n\t\t\t<div class=\"elementor-widget-wrap elementor-element-populated\">\n\t\t\t\t\t\t<div class=\"elementor-element elementor-element-65ad7d4 elementor-widget elementor-widget-heading\" data-id=\"65ad7d4\" data-element_type=\"widget\" data-e-type=\"widget\" data-widget_type=\"heading.default\">\n\t\t\t\t<div class=\"elementor-widget-container\">\n\t\t\t\t\t<h2 class=\"elementor-heading-title elementor-size-default translation-block\">Doctor Bruno Marciano welcomes you to the <b>Feinsinn-Zahngesundheit dental practice<\/b> in Lucerne.<\/h2>\t\t\t\t<\/div>\n\t\t\t\t<\/div>\n\t\t\t\t<div class=\"elementor-element elementor-element-8fe32e8 elementor-widget elementor-widget-text-editor\" data-id=\"8fe32e8\" data-element_type=\"widget\" data-e-type=\"widget\" data-widget_type=\"text-editor.default\">\n\t\t\t\t<div class=\"elementor-widget-container\">\n\t\t\t\t\t\t\t\t\t<p>A graduate of the Faculty of Dental Surgery since 1987, he has never stopped training to constantly be at the cutting edge of medical progress. In particular, he practises Integrative Biological Dental Medicine, which guarantees natural treatment that respects the body.<\/p>\t\t\t\t\t\t\t\t<\/div>\n\t\t\t\t<\/div>\n\t\t\t\t\t<\/div>\n\t\t<\/div>\n\t\t\t\t\t<\/div>\n\t\t<\/section>\n\t\t\t\t<div class=\"elementor-section elementor-top-section elementor-element elementor-element-c556337 elementor-section-full_width doctor-area pt-100 pb-100 elementor-section-height-default elementor-section-height-default\" data-id=\"c556337\" data-element_type=\"section\" data-e-type=\"section\" data-settings=\"{&quot;jet_parallax_layout_list&quot;:[]}\">\n\t\t\t\t\t\t<div class=\"elementor-container elementor-column-gap-no\">\n\t\t\t\t\t<div class=\"elementor-column elementor-col-100 elementor-top-column elementor-element elementor-element-e85dbdd\" data-id=\"e85dbdd\" data-element_type=\"column\" data-e-type=\"column\">\n\t\t\t<div class=\"elementor-widget-wrap elementor-element-populated\">\n\t\t\t\t\t\t<div class=\"elementor-element elementor-element-3a609a2 elementor-widget elementor-widget-Rola_Section\" data-id=\"3a609a2\" data-element_type=\"widget\" data-e-type=\"widget\" id=\"lequipe\" data-widget_type=\"Rola_Section.default\">\n\t\t\t\t<div class=\"elementor-widget-container\">\n\t\t\t\t\t                    <div class=\"container\">\r\n                <div class=\"section-title\">\r\n                                            <span class=\"sub-title\">\r\n                                                         PROFESSIONALS AT YOUR SERVICE                        <\/span>\r\n                                        <h2 class=\"translation-block\"><b>Your dentists and specialists<\/b> in our practice in Lucerne<\/h2>\r\n                    <p><\/p>\r\n                <\/div>\r\n            <\/div>\r\n        \r\n        \t\t\t\t<\/div>\n\t\t\t\t<\/div>\n\t\t\t\t<div class=\"elementor-element elementor-element-864aeaa elementor-widget elementor-widget-Rola_Doctor\" data-id=\"864aeaa\" data-element_type=\"widget\" data-e-type=\"widget\" data-widget_type=\"Rola_Doctor.default\">\n\t\t\t\t<div class=\"elementor-widget-container\">\n\t\t\t\t\t\r\n                    <div class=\"container\">\r\n                <div class=\"doctor-slides owl-carousel owl-theme\">\r\n                                        <div class=\"single-doctor-card\">\r\n                        <div class=\"doctor-image\">\r\n                                                            <a href=\"https:\/\/www.feinsinn-zahngesundheit.ch\/en\/doctor-post\/dr-bruno-marciano\/\">\r\n                                    <img decoding=\"async\" src=\"https:\/\/www.feinsinn-zahngesundheit.ch\/wp-content\/uploads\/2022\/01\/illus-marciano.jpg\" alt=\"image\">\r\n                                <\/a>\r\n                            \r\n                                                    <\/div>\r\n                        <div class=\"doctor-content\">\r\n                            <h3><a href=\"https:\/\/www.feinsinn-zahngesundheit.ch\/en\/doctor-post\/dr-bruno-marciano\/\">Dr. Bruno Marciano<\/a><\/h3>\r\n                            <span>Dentist<\/span>\r\n                        <\/div>\r\n                    <\/div>\r\n                                        <div class=\"single-doctor-card\">\r\n                        <div class=\"doctor-image\">\r\n                                                            <a href=\"https:\/\/www.feinsinn-zahngesundheit.ch\/en\/doctor-post\/dr-biljana-milic\/\">\r\n                                    <img decoding=\"async\" src=\"https:\/\/www.feinsinn-zahngesundheit.ch\/wp-content\/uploads\/2023\/06\/dr-milic_445x490.jpg\" alt=\"image\">\r\n                                <\/a>\r\n                            \r\n                                                    <\/div>\r\n                        <div class=\"doctor-content\">\r\n                            <h3><a href=\"https:\/\/www.feinsinn-zahngesundheit.ch\/en\/doctor-post\/dr-biljana-milic\/\">Dr. Biljana Milic<\/a><\/h3>\r\n                            <span>Dentist<\/span>\r\n                        <\/div>\r\n                    <\/div>\r\n                                        <div class=\"single-doctor-card\">\r\n                        <div class=\"doctor-image\">\r\n                                                            <a href=\"https:\/\/www.feinsinn-zahngesundheit.ch\/en\/doctor-post\/dr-sandrina-reisinger\/\">\r\n                                    <img decoding=\"async\" src=\"https:\/\/www.feinsinn-zahngesundheit.ch\/wp-content\/uploads\/2023\/06\/dr-reisinger_445x490.jpg\" alt=\"image\">\r\n                                <\/a>\r\n                            \r\n                                                    <\/div>\r\n                        <div class=\"doctor-content\">\r\n                            <h3><a href=\"https:\/\/www.feinsinn-zahngesundheit.ch\/en\/doctor-post\/dr-sandrina-reisinger\/\">Dr. Sandrina Reisinger<\/a><\/h3>\r\n                            <span>Dentist<\/span>\r\n                        <\/div>\r\n                    <\/div>\r\n                                    <\/div>\r\n            <\/div>\r\n        \r\n        \t\t\t\t<\/div>\n\t\t\t\t<\/div>\n\t\t\t\t\t<\/div>\n\t\t<\/div>\n\t\t\t\t\t<\/div>\n\t\t<\/div>\n\t\t\t\t<\/div>","protected":false},"excerpt":{"rendered":"<p>Le Docteur Bruno Marciano vous accueille dans le cabinet dentaire Feinsinn-Zahngersundheit \u00e0 Lucerne. Dipl\u00f4m\u00e9 de la facult\u00e9 de chirurgie dentaire depuis 1987, il n&rsquo;a eu de cesse de se former pour toujours \u00eatre \u00e0 la pointe de l&rsquo;avanc\u00e9e m\u00e9dicale. Il pratique notamment la M\u00e9decine Dentaire Biologique Int\u00e9grative qui garantit un soin naturel, respectueux du corps. <\/p>","protected":false},"author":1,"featured_media":2721,"parent":2413,"menu_order":0,"comment_status":"closed","ping_status":"closed","template":"elementor_header_footer","meta":{"footnotes":""},"class_list":["post-2616","page","type-page","status-publish","has-post-thumbnail","hentry"],"acf":[],"yoast_head":"<!-- This site is optimized with the Yoast SEO plugin v27.3 - https:\/\/yoast.com\/product\/yoast-seo-wordpress\/ -->\n<title>Le cabinet - Feinsinn<\/title>\n<meta name=\"description\" content=\"Le cabinet dentaire du docteur Bruno Marciano et son \u00e9quipe vous accueille \u00e0 bras ouverts \u00e0 Lucerne afin de traiter ensemble vos probl\u00e8mes dentaires.\" \/>\n<meta name=\"robots\" content=\"index, follow, max-snippet:-1, max-image-preview:large, max-video-preview:-1\" \/>\n<link rel=\"canonical\" href=\"https:\/\/www.feinsinn-zahngesundheit.ch\/en\/our-philosophy\/the-dental-office\/\" \/>\n<meta property=\"og:locale\" content=\"en_GB\" \/>\n<meta property=\"og:type\" content=\"article\" \/>\n<meta property=\"og:title\" content=\"Le cabinet - Feinsinn\" \/>\n<meta property=\"og:description\" content=\"Le cabinet dentaire du docteur Bruno Marciano et son \u00e9quipe vous accueille \u00e0 bras ouverts \u00e0 Lucerne afin de traiter ensemble vos probl\u00e8mes dentaires.\" \/>\n<meta property=\"og:url\" content=\"https:\/\/www.feinsinn-zahngesundheit.ch\/en\/our-philosophy\/the-dental-office\/\" \/>\n<meta property=\"og:site_name\" content=\"Feinsinn\" \/>\n<meta property=\"article:modified_time\" content=\"2024-07-15T07:33:26+00:00\" \/>\n<meta property=\"og:image\" content=\"https:\/\/www.feinsinn-zahngesundheit.ch\/wp-content\/uploads\/2023\/06\/banner-home.jpg\" \/>\n\t<meta property=\"og:image:width\" content=\"2500\" \/>\n\t<meta property=\"og:image:height\" content=\"1866\" \/>\n\t<meta property=\"og:image:type\" content=\"image\/jpeg\" \/>\n<meta name=\"twitter:card\" content=\"summary_large_image\" \/>\n<meta name=\"twitter:label1\" content=\"Estimated reading time\" \/>\n\t<meta name=\"twitter:data1\" content=\"2 minutes\" \/>\n<script type=\"application\/ld+json\" class=\"yoast-schema-graph\">{\"@context\":\"https:\\\/\\\/schema.org\",\"@graph\":[{\"@type\":\"WebPage\",\"@id\":\"https:\\\/\\\/www.feinsinn-zahngesundheit.ch\\\/notre-philosophie\\\/le-cabinet\\\/\",\"url\":\"https:\\\/\\\/www.feinsinn-zahngesundheit.ch\\\/notre-philosophie\\\/le-cabinet\\\/\",\"name\":\"Le cabinet - Feinsinn\",\"isPartOf\":{\"@id\":\"https:\\\/\\\/www.feinsinn-zahngesundheit.ch\\\/#website\"},\"primaryImageOfPage\":{\"@id\":\"https:\\\/\\\/www.feinsinn-zahngesundheit.ch\\\/notre-philosophie\\\/le-cabinet\\\/#primaryimage\"},\"image\":{\"@id\":\"https:\\\/\\\/www.feinsinn-zahngesundheit.ch\\\/notre-philosophie\\\/le-cabinet\\\/#primaryimage\"},\"thumbnailUrl\":\"https:\\\/\\\/www.feinsinn-zahngesundheit.ch\\\/wp-content\\\/uploads\\\/2023\\\/06\\\/banner-home.jpg\",\"datePublished\":\"2023-06-19T10:07:23+00:00\",\"dateModified\":\"2024-07-15T07:33:26+00:00\",\"description\":\"Le cabinet dentaire du docteur Bruno Marciano et son \u00e9quipe vous accueille \u00e0 bras ouverts \u00e0 Lucerne afin de traiter ensemble vos probl\u00e8mes dentaires.\",\"breadcrumb\":{\"@id\":\"https:\\\/\\\/www.feinsinn-zahngesundheit.ch\\\/notre-philosophie\\\/le-cabinet\\\/#breadcrumb\"},\"inLanguage\":\"en-GB\",\"potentialAction\":[{\"@type\":\"ReadAction\",\"target\":[\"https:\\\/\\\/www.feinsinn-zahngesundheit.ch\\\/notre-philosophie\\\/le-cabinet\\\/\"]}]},{\"@type\":\"ImageObject\",\"inLanguage\":\"en-GB\",\"@id\":\"https:\\\/\\\/www.feinsinn-zahngesundheit.ch\\\/notre-philosophie\\\/le-cabinet\\\/#primaryimage\",\"url\":\"https:\\\/\\\/www.feinsinn-zahngesundheit.ch\\\/wp-content\\\/uploads\\\/2023\\\/06\\\/banner-home.jpg\",\"contentUrl\":\"https:\\\/\\\/www.feinsinn-zahngesundheit.ch\\\/wp-content\\\/uploads\\\/2023\\\/06\\\/banner-home.jpg\",\"width\":2500,\"height\":1866},{\"@type\":\"BreadcrumbList\",\"@id\":\"https:\\\/\\\/www.feinsinn-zahngesundheit.ch\\\/notre-philosophie\\\/le-cabinet\\\/#breadcrumb\",\"itemListElement\":[{\"@type\":\"ListItem\",\"position\":1,\"name\":\"Home\",\"item\":\"https:\\\/\\\/www.feinsinn-zahngesundheit.ch\\\/\"},{\"@type\":\"ListItem\",\"position\":2,\"name\":\"Notre philosophie\",\"item\":\"https:\\\/\\\/www.feinsinn-zahngesundheit.ch\\\/notre-philosophie\\\/\"},{\"@type\":\"ListItem\",\"position\":3,\"name\":\"Le cabinet\"}]},{\"@type\":\"WebSite\",\"@id\":\"https:\\\/\\\/www.feinsinn-zahngesundheit.ch\\\/#website\",\"url\":\"https:\\\/\\\/www.feinsinn-zahngesundheit.ch\\\/\",\"name\":\"Feinsinn\",\"description\":\"\",\"publisher\":{\"@id\":\"https:\\\/\\\/www.feinsinn-zahngesundheit.ch\\\/#organization\"},\"potentialAction\":[{\"@type\":\"SearchAction\",\"target\":{\"@type\":\"EntryPoint\",\"urlTemplate\":\"https:\\\/\\\/www.feinsinn-zahngesundheit.ch\\\/?s={search_term_string}\"},\"query-input\":{\"@type\":\"PropertyValueSpecification\",\"valueRequired\":true,\"valueName\":\"search_term_string\"}}],\"inLanguage\":\"en-GB\"},{\"@type\":\"Organization\",\"@id\":\"https:\\\/\\\/www.feinsinn-zahngesundheit.ch\\\/#organization\",\"name\":\"Feinsinn\",\"url\":\"https:\\\/\\\/www.feinsinn-zahngesundheit.ch\\\/\",\"logo\":{\"@type\":\"ImageObject\",\"inLanguage\":\"en-GB\",\"@id\":\"https:\\\/\\\/www.feinsinn-zahngesundheit.ch\\\/#\\\/schema\\\/logo\\\/image\\\/\",\"url\":\"https:\\\/\\\/www.feinsinn-zahngesundheit.ch\\\/wp-content\\\/uploads\\\/2023\\\/06\\\/logo_feinsinn_rvb.png\",\"contentUrl\":\"https:\\\/\\\/www.feinsinn-zahngesundheit.ch\\\/wp-content\\\/uploads\\\/2023\\\/06\\\/logo_feinsinn_rvb.png\",\"width\":1000,\"height\":335,\"caption\":\"Feinsinn\"},\"image\":{\"@id\":\"https:\\\/\\\/www.feinsinn-zahngesundheit.ch\\\/#\\\/schema\\\/logo\\\/image\\\/\"}}]}<\/script>\n<!-- \/ Yoast SEO plugin. -->","yoast_head_json":{"title":"Le cabinet - Feinsinn","description":"Le cabinet dentaire du docteur Bruno Marciano et son \u00e9quipe vous accueille \u00e0 bras ouverts \u00e0 Lucerne afin de traiter ensemble vos probl\u00e8mes dentaires.","robots":{"index":"index","follow":"follow","max-snippet":"max-snippet:-1","max-image-preview":"max-image-preview:large","max-video-preview":"max-video-preview:-1"},"canonical":"https:\/\/www.feinsinn-zahngesundheit.ch\/en\/our-philosophy\/the-dental-office\/","og_locale":"en_GB","og_type":"article","og_title":"Le cabinet - Feinsinn","og_description":"Le cabinet dentaire du docteur Bruno Marciano et son \u00e9quipe vous accueille \u00e0 bras ouverts \u00e0 Lucerne afin de traiter ensemble vos probl\u00e8mes dentaires.","og_url":"https:\/\/www.feinsinn-zahngesundheit.ch\/en\/our-philosophy\/the-dental-office\/","og_site_name":"Feinsinn","article_modified_time":"2024-07-15T07:33:26+00:00","og_image":[{"width":2500,"height":1866,"url":"https:\/\/www.feinsinn-zahngesundheit.ch\/wp-content\/uploads\/2023\/06\/banner-home.jpg","type":"image\/jpeg"}],"twitter_card":"summary_large_image","twitter_misc":{"Estimated reading time":"2 minutes"},"schema":{"@context":"https:\/\/schema.org","@graph":[{"@type":"WebPage","@id":"https:\/\/www.feinsinn-zahngesundheit.ch\/notre-philosophie\/le-cabinet\/","url":"https:\/\/www.feinsinn-zahngesundheit.ch\/notre-philosophie\/le-cabinet\/","name":"Le cabinet - Feinsinn","isPartOf":{"@id":"https:\/\/www.feinsinn-zahngesundheit.ch\/#website"},"primaryImageOfPage":{"@id":"https:\/\/www.feinsinn-zahngesundheit.ch\/notre-philosophie\/le-cabinet\/#primaryimage"},"image":{"@id":"https:\/\/www.feinsinn-zahngesundheit.ch\/notre-philosophie\/le-cabinet\/#primaryimage"},"thumbnailUrl":"https:\/\/www.feinsinn-zahngesundheit.ch\/wp-content\/uploads\/2023\/06\/banner-home.jpg","datePublished":"2023-06-19T10:07:23+00:00","dateModified":"2024-07-15T07:33:26+00:00","description":"Le cabinet dentaire du docteur Bruno Marciano et son \u00e9quipe vous accueille \u00e0 bras ouverts \u00e0 Lucerne afin de traiter ensemble vos probl\u00e8mes dentaires.","breadcrumb":{"@id":"https:\/\/www.feinsinn-zahngesundheit.ch\/notre-philosophie\/le-cabinet\/#breadcrumb"},"inLanguage":"en-GB","potentialAction":[{"@type":"ReadAction","target":["https:\/\/www.feinsinn-zahngesundheit.ch\/notre-philosophie\/le-cabinet\/"]}]},{"@type":"ImageObject","inLanguage":"en-GB","@id":"https:\/\/www.feinsinn-zahngesundheit.ch\/notre-philosophie\/le-cabinet\/#primaryimage","url":"https:\/\/www.feinsinn-zahngesundheit.ch\/wp-content\/uploads\/2023\/06\/banner-home.jpg","contentUrl":"https:\/\/www.feinsinn-zahngesundheit.ch\/wp-content\/uploads\/2023\/06\/banner-home.jpg","width":2500,"height":1866},{"@type":"BreadcrumbList","@id":"https:\/\/www.feinsinn-zahngesundheit.ch\/notre-philosophie\/le-cabinet\/#breadcrumb","itemListElement":[{"@type":"ListItem","position":1,"name":"Home","item":"https:\/\/www.feinsinn-zahngesundheit.ch\/"},{"@type":"ListItem","position":2,"name":"Notre philosophie","item":"https:\/\/www.feinsinn-zahngesundheit.ch\/notre-philosophie\/"},{"@type":"ListItem","position":3,"name":"Le cabinet"}]},{"@type":"WebSite","@id":"https:\/\/www.feinsinn-zahngesundheit.ch\/#website","url":"https:\/\/www.feinsinn-zahngesundheit.ch\/","name":"Feinsinn","description":"","publisher":{"@id":"https:\/\/www.feinsinn-zahngesundheit.ch\/#organization"},"potentialAction":[{"@type":"SearchAction","target":{"@type":"EntryPoint","urlTemplate":"https:\/\/www.feinsinn-zahngesundheit.ch\/?s={search_term_string}"},"query-input":{"@type":"PropertyValueSpecification","valueRequired":true,"valueName":"search_term_string"}}],"inLanguage":"en-GB"},{"@type":"Organization","@id":"https:\/\/www.feinsinn-zahngesundheit.ch\/#organization","name":"Feinsinn","url":"https:\/\/www.feinsinn-zahngesundheit.ch\/","logo":{"@type":"ImageObject","inLanguage":"en-GB","@id":"https:\/\/www.feinsinn-zahngesundheit.ch\/#\/schema\/logo\/image\/","url":"https:\/\/www.feinsinn-zahngesundheit.ch\/wp-content\/uploads\/2023\/06\/logo_feinsinn_rvb.png","contentUrl":"https:\/\/www.feinsinn-zahngesundheit.ch\/wp-content\/uploads\/2023\/06\/logo_feinsinn_rvb.png","width":1000,"height":335,"caption":"Feinsinn"},"image":{"@id":"https:\/\/www.feinsinn-zahngesundheit.ch\/#\/schema\/logo\/image\/"}}]}},"_links":{"self":[{"href":"https:\/\/www.feinsinn-zahngesundheit.ch\/en\/wp-json\/wp\/v2\/pages\/2616","targetHints":{"allow":["GET"]}}],"collection":[{"href":"https:\/\/www.feinsinn-zahngesundheit.ch\/en\/wp-json\/wp\/v2\/pages"}],"about":[{"href":"https:\/\/www.feinsinn-zahngesundheit.ch\/en\/wp-json\/wp\/v2\/types\/page"}],"author":[{"embeddable":true,"href":"https:\/\/www.feinsinn-zahngesundheit.ch\/en\/wp-json\/wp\/v2\/users\/1"}],"replies":[{"embeddable":true,"href":"https:\/\/www.feinsinn-zahngesundheit.ch\/en\/wp-json\/wp\/v2\/comments?post=2616"}],"version-history":[{"count":52,"href":"https:\/\/www.feinsinn-zahngesundheit.ch\/en\/wp-json\/wp\/v2\/pages\/2616\/revisions"}],"predecessor-version":[{"id":4359,"href":"https:\/\/www.feinsinn-zahngesundheit.ch\/en\/wp-json\/wp\/v2\/pages\/2616\/revisions\/4359"}],"up":[{"embeddable":true,"href":"https:\/\/www.feinsinn-zahngesundheit.ch\/en\/wp-json\/wp\/v2\/pages\/2413"}],"wp:featuredmedia":[{"embeddable":true,"href":"https:\/\/www.feinsinn-zahngesundheit.ch\/en\/wp-json\/wp\/v2\/media\/2721"}],"wp:attachment":[{"href":"https:\/\/www.feinsinn-zahngesundheit.ch\/en\/wp-json\/wp\/v2\/media?parent=2616"}],"curies":[{"name":"wp","href":"https:\/\/api.w.org\/{rel}","templated":true}]}}