{"id":2631,"date":"2023-06-19T12:14:32","date_gmt":"2023-06-19T10:14:32","guid":{"rendered":"https:\/\/feinsinn.ukoo.hosting\/?page_id=2631"},"modified":"2024-07-15T09:34:22","modified_gmt":"2024-07-15T07:34:22","slug":"privacy-policy","status":"publish","type":"page","link":"https:\/\/www.feinsinn-zahngesundheit.ch\/en\/politique-de-confidentialite\/","title":{"rendered":"Privacy policy"},"content":{"rendered":"<div data-elementor-type=\"wp-page\" data-elementor-id=\"2631\" class=\"elementor elementor-2631\" data-elementor-post-type=\"page\">\n\t\t\t\t\t\t<section class=\"elementor-section elementor-top-section elementor-element elementor-element-12a56cda elementor-section-height-min-height elementor-section-boxed elementor-section-height-default elementor-section-items-middle\" data-id=\"12a56cda\" data-element_type=\"section\" data-e-type=\"section\" data-settings=\"{&quot;background_background&quot;:&quot;classic&quot;,&quot;jet_parallax_layout_list&quot;:[]}\">\n\t\t\t\t\t\t<div class=\"elementor-container elementor-column-gap-default\">\n\t\t\t\t\t<div class=\"elementor-column elementor-col-100 elementor-top-column elementor-element elementor-element-23c5a6a9\" data-id=\"23c5a6a9\" data-element_type=\"column\" data-e-type=\"column\">\n\t\t\t<div class=\"elementor-widget-wrap elementor-element-populated\">\n\t\t\t\t\t\t<div class=\"elementor-element elementor-element-696398b6 elementor-widget elementor-widget-breadcrumbs\" data-id=\"696398b6\" data-element_type=\"widget\" data-e-type=\"widget\" data-widget_type=\"breadcrumbs.default\">\n\t\t\t\t<div class=\"elementor-widget-container\">\n\t\t\t\t\t<p id=\"breadcrumbs\"><span><span><a href=\"https:\/\/www.feinsinn-zahngesundheit.ch\/en\/\">Home<\/a><\/span><\/span><\/p>\t\t\t\t<\/div>\n\t\t\t\t<\/div>\n\t\t\t\t\t<\/div>\n\t\t<\/div>\n\t\t\t\t\t<\/div>\n\t\t<\/section>\n\t\t\t\t<section class=\"elementor-section elementor-top-section elementor-element elementor-element-48eb4e4 elementor-section-boxed elementor-section-height-default elementor-section-height-default\" data-id=\"48eb4e4\" data-element_type=\"section\" data-e-type=\"section\" data-settings=\"{&quot;jet_parallax_layout_list&quot;:[]}\">\n\t\t\t\t\t\t<div class=\"elementor-container elementor-column-gap-default\">\n\t\t\t\t\t<div class=\"elementor-column elementor-col-100 elementor-top-column elementor-element elementor-element-037a1c3\" data-id=\"037a1c3\" data-element_type=\"column\" data-e-type=\"column\">\n\t\t\t<div class=\"elementor-widget-wrap elementor-element-populated\">\n\t\t\t\t\t\t<div class=\"elementor-element elementor-element-8ff92c1 elementor-widget elementor-widget-text-editor\" data-id=\"8ff92c1\" data-element_type=\"widget\" data-e-type=\"widget\" data-widget_type=\"text-editor.default\">\n\t\t\t\t<div class=\"elementor-widget-container\">\n\t\t\t\t\t\t\t\t\t<p class=\"lead\">Feinsinn Zahngesundheit attaches particular importance to the privacy rights of Internet users and undertakes to protect their personal data in accordance with French and European legislation in force. No personal data is requested from visitors to enable them to consult the website www.feinsinn-zahngesundheit.ch.<\/p><p>This Privacy Policy, hereinafter referred to as the Policy, outlines our practices regarding information that we may collect on the website and their use.<\/p><h2>IDENTITY OF THE DATA CONTROLLER<\/h2><p>The company Feinsinn Zahngesundheit, , as identified below, acts as the Data Controller in respect of the personal data collected on the Website in its English version:<\/p><ul><li>Feinsinn Zahngesundheit<\/li><li>Headquarters: Pilatusstrasse 60, 6003 Luzern, Suisse<\/li><\/ul><h2>SCOPE AND ACCEPTANCE OF THIS CURRENT POLICY<\/h2><p>This current Policy only applies to information collected from our Website and does not apply to information collected from other sources, especially, but not limited to, Facebook\u00ae, Twitter\u00ae, YouTube\u00ae or any other Website or third party social networks.<\/p><p>By using our Website, you agree to the terms of this current Policy. If you refuse the terms of this current Policy, we invite you not to use our Website or to not provide us with any personal information.<\/p><h2>DATA COLLECTED ON OUR WEBSITE<\/h2><p>We collect and store some personal data about you (that is, information that allows to identify you directly or indirectly) hereafter Personal Data, and this, only when you voluntarily communicate on our Website.<\/p><p>In particular, we treat your surname, first name, email address, IP address, etc.<\/p><p>We may ask you to provide us with Personal Data, particularly in the following cases:<\/p><ul><li>when you fill out forms to create an account or to access our services<\/li><li>when you would share us your comments or send us your questions<\/li><li>when you would receive information about our products or services<\/li><li>when you participate in our promotional actions, such as games and contests<\/li><li>when you would contact our Customer Service<\/li><li>when you would access other sections or features of the Website<\/li><\/ul><p>When you browse on our Website, Feinsinn Zahngesundheit will only collect Personal Data that you voluntarily provide to us, except for some items of Personal Data collected automatically by the information systems and programs used for the operation of the Website, and whose transmission is inherent in the use of the internet.<\/p><p>We will only ask you the information strictly necessary for your participation in the activities of our Website. For this purpose, the optional or mandatory nature of the Personal Data requested is indicated by an asterisk or any other means.<\/p><h2>PURPOSES OF THE COLLECTION OF PERSONAL DATA<\/h2><p>Each form on the site restricts to the strictest necessary the collection of personal data and indicates systematically:<\/p><ul><li>the purposes of the collection of personal data<\/li><li>the mandatory or optional nature of the data<\/li><\/ul><p>In any case, Feinsinn Zahngesundheit may not use this personal data for a purpose other than that explicitly announced on the form and accepted by the user. Likewise, this personal data may not be transmitted or transferred to third parties without an explicit mention of this possibility on the form.<\/p><h2>RECIPIENT OF PERSONAL DATA<\/h2><p>Personal data collected on our Site is for Feinsinn Zahngesundheit.<\/p><p>If applicable, your Personal Data may be communicated to our business partners for their own activities in accordance with the applicable legal bases.<\/p><p>Finally, Feinsinn Zahngesundheit may disclose Personal Data to judicial authorities, law enforcement or any other authority where required by law.<\/p><h2>RETENTION TIME<\/h2><p>Feinsinn Zahngesundheit will retain your Personal Data during the period necessary or for the duration required by applicable law.<\/p><h2>YOUR RIGHTS<\/h2><p>In accordance with the law Informatique et Libert\u00e9s of January 6, 1978 (Article 34), you have a right to access, modify, rectify and delete data concerning you. To exercise this right, you can contact the service of Feinsinn Zahngesundheit by email at the address info@zahnarzt-marciano.ch or by post to the following address:<\/p><p>Pilatusstrasse 60, 6003 Luzern, Suisse<\/p><p>In accordance with the applicable regulations, your request must be signed and accompanied by a photocopy of an identity card bearing your signature and specify the address to which the reply must be sent. An answer will be sent to you within 2 months of receiving the request.<\/p><h2>SECURITY<\/h2><p>The security of your Personal Data is very important to us. The personal data collected on the Website www.feinsinn-zahngesundheit.ch are treated according to secure protocols which considerably limit the risks of interception or recovery by third parties.<\/p><p>However, due to the open nature of the internet, we can not exclude acts of hacking, or unauthorized access by third parties. By continuing to use our Website, you accept these risks.<\/p><p>In the limit of what is authorized by the applicable laws, we disclaim any responsibility in case of direct or indirect damage, losses, costs, whether contractual, delictual, including negligence, that you could suffer in case of unauthorized access, loss or alteration of your personal data.<\/p>\t\t\t\t\t\t\t\t<\/div>\n\t\t\t\t<\/div>\n\t\t\t\t\t<\/div>\n\t\t<\/div>\n\t\t\t\t\t<\/div>\n\t\t<\/section>\n\t\t\t\t<\/div>","protected":false},"excerpt":{"rendered":"<p>Feinsinn Zahngesundheit accorde une importance toute particuli\u00e8re au droit \u00e0 la vie priv\u00e9e des internautes et s\u2019engage \u00e0 prot\u00e9ger leurs donn\u00e9es personnelles selon la l\u00e9gislation fran\u00e7aise et europ\u00e9enne en vigueur. Aucune donn\u00e9e personnelle n\u2019est demand\u00e9e aux visiteurs pour leur permettre de consulter le site Internet www.feinsinn-zahngesundheit.ch. La pr\u00e9sente politique de confidentialit\u00e9, d\u00e9sign\u00e9e ci-apr\u00e8s la \u00ab <\/p>","protected":false},"author":1,"featured_media":2693,"parent":0,"menu_order":0,"comment_status":"closed","ping_status":"closed","template":"elementor_header_footer","meta":{"footnotes":""},"class_list":["post-2631","page","type-page","status-publish","has-post-thumbnail","hentry"],"acf":[],"yoast_head":"<!-- This site is optimized with the Yoast SEO plugin v27.3 - https:\/\/yoast.com\/product\/yoast-seo-wordpress\/ -->\n<title>Politique de confidentialit\u00e9 - Feinsinn<\/title>\n<meta name=\"robots\" content=\"index, follow, max-snippet:-1, max-image-preview:large, max-video-preview:-1\" \/>\n<link rel=\"canonical\" href=\"https:\/\/www.feinsinn-zahngesundheit.ch\/en\/privacy-policy\/\" \/>\n<meta property=\"og:locale\" content=\"en_GB\" \/>\n<meta property=\"og:type\" content=\"article\" \/>\n<meta property=\"og:title\" content=\"Politique de confidentialit\u00e9 - Feinsinn\" \/>\n<meta property=\"og:description\" content=\"Feinsinn Zahngesundheit accorde une importance toute particuli\u00e8re au droit \u00e0 la vie priv\u00e9e des internautes et s\u2019engage \u00e0 prot\u00e9ger leurs donn\u00e9es personnelles selon la l\u00e9gislation fran\u00e7aise et europ\u00e9enne en vigueur. Aucune donn\u00e9e personnelle n\u2019est demand\u00e9e aux visiteurs pour leur permettre de consulter le site Internet www.feinsinn-zahngesundheit.ch. La pr\u00e9sente politique de confidentialit\u00e9, d\u00e9sign\u00e9e ci-apr\u00e8s la \u00ab\" \/>\n<meta property=\"og:url\" content=\"https:\/\/www.feinsinn-zahngesundheit.ch\/en\/privacy-policy\/\" \/>\n<meta property=\"og:site_name\" content=\"Feinsinn\" \/>\n<meta property=\"article:modified_time\" content=\"2024-07-15T07:34:22+00:00\" \/>\n<meta property=\"og:image\" content=\"https:\/\/www.feinsinn-zahngesundheit.ch\/wp-content\/uploads\/2023\/06\/slide.jpg\" \/>\n\t<meta property=\"og:image:width\" content=\"1920\" \/>\n\t<meta property=\"og:image:height\" content=\"500\" \/>\n\t<meta property=\"og:image:type\" content=\"image\/jpeg\" \/>\n<meta name=\"twitter:card\" content=\"summary_large_image\" \/>\n<meta name=\"twitter:label1\" content=\"Estimated reading time\" \/>\n\t<meta name=\"twitter:data1\" content=\"5 minutes\" \/>\n<script type=\"application\/ld+json\" class=\"yoast-schema-graph\">{\"@context\":\"https:\\\/\\\/schema.org\",\"@graph\":[{\"@type\":\"WebPage\",\"@id\":\"https:\\\/\\\/www.feinsinn-zahngesundheit.ch\\\/politique-de-confidentialite\\\/\",\"url\":\"https:\\\/\\\/www.feinsinn-zahngesundheit.ch\\\/politique-de-confidentialite\\\/\",\"name\":\"Politique de confidentialit\u00e9 - Feinsinn\",\"isPartOf\":{\"@id\":\"https:\\\/\\\/www.feinsinn-zahngesundheit.ch\\\/#website\"},\"primaryImageOfPage\":{\"@id\":\"https:\\\/\\\/www.feinsinn-zahngesundheit.ch\\\/politique-de-confidentialite\\\/#primaryimage\"},\"image\":{\"@id\":\"https:\\\/\\\/www.feinsinn-zahngesundheit.ch\\\/politique-de-confidentialite\\\/#primaryimage\"},\"thumbnailUrl\":\"https:\\\/\\\/www.feinsinn-zahngesundheit.ch\\\/wp-content\\\/uploads\\\/2023\\\/06\\\/slide.jpg\",\"datePublished\":\"2023-06-19T10:14:32+00:00\",\"dateModified\":\"2024-07-15T07:34:22+00:00\",\"breadcrumb\":{\"@id\":\"https:\\\/\\\/www.feinsinn-zahngesundheit.ch\\\/politique-de-confidentialite\\\/#breadcrumb\"},\"inLanguage\":\"en-GB\",\"potentialAction\":[{\"@type\":\"ReadAction\",\"target\":[\"https:\\\/\\\/www.feinsinn-zahngesundheit.ch\\\/politique-de-confidentialite\\\/\"]}]},{\"@type\":\"ImageObject\",\"inLanguage\":\"en-GB\",\"@id\":\"https:\\\/\\\/www.feinsinn-zahngesundheit.ch\\\/politique-de-confidentialite\\\/#primaryimage\",\"url\":\"https:\\\/\\\/www.feinsinn-zahngesundheit.ch\\\/wp-content\\\/uploads\\\/2023\\\/06\\\/slide.jpg\",\"contentUrl\":\"https:\\\/\\\/www.feinsinn-zahngesundheit.ch\\\/wp-content\\\/uploads\\\/2023\\\/06\\\/slide.jpg\",\"width\":1920,\"height\":500},{\"@type\":\"BreadcrumbList\",\"@id\":\"https:\\\/\\\/www.feinsinn-zahngesundheit.ch\\\/politique-de-confidentialite\\\/#breadcrumb\",\"itemListElement\":[{\"@type\":\"ListItem\",\"position\":1,\"name\":\"Home\",\"item\":\"https:\\\/\\\/www.feinsinn-zahngesundheit.ch\\\/\"},{\"@type\":\"ListItem\",\"position\":2,\"name\":\"Politique de confidentialit\u00e9\"}]},{\"@type\":\"WebSite\",\"@id\":\"https:\\\/\\\/www.feinsinn-zahngesundheit.ch\\\/#website\",\"url\":\"https:\\\/\\\/www.feinsinn-zahngesundheit.ch\\\/\",\"name\":\"Feinsinn\",\"description\":\"\",\"publisher\":{\"@id\":\"https:\\\/\\\/www.feinsinn-zahngesundheit.ch\\\/#organization\"},\"potentialAction\":[{\"@type\":\"SearchAction\",\"target\":{\"@type\":\"EntryPoint\",\"urlTemplate\":\"https:\\\/\\\/www.feinsinn-zahngesundheit.ch\\\/?s={search_term_string}\"},\"query-input\":{\"@type\":\"PropertyValueSpecification\",\"valueRequired\":true,\"valueName\":\"search_term_string\"}}],\"inLanguage\":\"en-GB\"},{\"@type\":\"Organization\",\"@id\":\"https:\\\/\\\/www.feinsinn-zahngesundheit.ch\\\/#organization\",\"name\":\"Feinsinn\",\"url\":\"https:\\\/\\\/www.feinsinn-zahngesundheit.ch\\\/\",\"logo\":{\"@type\":\"ImageObject\",\"inLanguage\":\"en-GB\",\"@id\":\"https:\\\/\\\/www.feinsinn-zahngesundheit.ch\\\/#\\\/schema\\\/logo\\\/image\\\/\",\"url\":\"https:\\\/\\\/www.feinsinn-zahngesundheit.ch\\\/wp-content\\\/uploads\\\/2023\\\/06\\\/logo_feinsinn_rvb.png\",\"contentUrl\":\"https:\\\/\\\/www.feinsinn-zahngesundheit.ch\\\/wp-content\\\/uploads\\\/2023\\\/06\\\/logo_feinsinn_rvb.png\",\"width\":1000,\"height\":335,\"caption\":\"Feinsinn\"},\"image\":{\"@id\":\"https:\\\/\\\/www.feinsinn-zahngesundheit.ch\\\/#\\\/schema\\\/logo\\\/image\\\/\"}}]}<\/script>\n<!-- \/ Yoast SEO plugin. -->","yoast_head_json":{"title":"Politique de confidentialit\u00e9 - Feinsinn","robots":{"index":"index","follow":"follow","max-snippet":"max-snippet:-1","max-image-preview":"max-image-preview:large","max-video-preview":"max-video-preview:-1"},"canonical":"https:\/\/www.feinsinn-zahngesundheit.ch\/en\/privacy-policy\/","og_locale":"en_GB","og_type":"article","og_title":"Politique de confidentialit\u00e9 - Feinsinn","og_description":"Feinsinn Zahngesundheit accorde une importance toute particuli\u00e8re au droit \u00e0 la vie priv\u00e9e des internautes et s\u2019engage \u00e0 prot\u00e9ger leurs donn\u00e9es personnelles selon la l\u00e9gislation fran\u00e7aise et europ\u00e9enne en vigueur. Aucune donn\u00e9e personnelle n\u2019est demand\u00e9e aux visiteurs pour leur permettre de consulter le site Internet www.feinsinn-zahngesundheit.ch. La pr\u00e9sente politique de confidentialit\u00e9, d\u00e9sign\u00e9e ci-apr\u00e8s la \u00ab","og_url":"https:\/\/www.feinsinn-zahngesundheit.ch\/en\/privacy-policy\/","og_site_name":"Feinsinn","article_modified_time":"2024-07-15T07:34:22+00:00","og_image":[{"width":1920,"height":500,"url":"https:\/\/www.feinsinn-zahngesundheit.ch\/wp-content\/uploads\/2023\/06\/slide.jpg","type":"image\/jpeg"}],"twitter_card":"summary_large_image","twitter_misc":{"Estimated reading time":"5 minutes"},"schema":{"@context":"https:\/\/schema.org","@graph":[{"@type":"WebPage","@id":"https:\/\/www.feinsinn-zahngesundheit.ch\/politique-de-confidentialite\/","url":"https:\/\/www.feinsinn-zahngesundheit.ch\/politique-de-confidentialite\/","name":"Politique de confidentialit\u00e9 - Feinsinn","isPartOf":{"@id":"https:\/\/www.feinsinn-zahngesundheit.ch\/#website"},"primaryImageOfPage":{"@id":"https:\/\/www.feinsinn-zahngesundheit.ch\/politique-de-confidentialite\/#primaryimage"},"image":{"@id":"https:\/\/www.feinsinn-zahngesundheit.ch\/politique-de-confidentialite\/#primaryimage"},"thumbnailUrl":"https:\/\/www.feinsinn-zahngesundheit.ch\/wp-content\/uploads\/2023\/06\/slide.jpg","datePublished":"2023-06-19T10:14:32+00:00","dateModified":"2024-07-15T07:34:22+00:00","breadcrumb":{"@id":"https:\/\/www.feinsinn-zahngesundheit.ch\/politique-de-confidentialite\/#breadcrumb"},"inLanguage":"en-GB","potentialAction":[{"@type":"ReadAction","target":["https:\/\/www.feinsinn-zahngesundheit.ch\/politique-de-confidentialite\/"]}]},{"@type":"ImageObject","inLanguage":"en-GB","@id":"https:\/\/www.feinsinn-zahngesundheit.ch\/politique-de-confidentialite\/#primaryimage","url":"https:\/\/www.feinsinn-zahngesundheit.ch\/wp-content\/uploads\/2023\/06\/slide.jpg","contentUrl":"https:\/\/www.feinsinn-zahngesundheit.ch\/wp-content\/uploads\/2023\/06\/slide.jpg","width":1920,"height":500},{"@type":"BreadcrumbList","@id":"https:\/\/www.feinsinn-zahngesundheit.ch\/politique-de-confidentialite\/#breadcrumb","itemListElement":[{"@type":"ListItem","position":1,"name":"Home","item":"https:\/\/www.feinsinn-zahngesundheit.ch\/"},{"@type":"ListItem","position":2,"name":"Politique de confidentialit\u00e9"}]},{"@type":"WebSite","@id":"https:\/\/www.feinsinn-zahngesundheit.ch\/#website","url":"https:\/\/www.feinsinn-zahngesundheit.ch\/","name":"Feinsinn","description":"","publisher":{"@id":"https:\/\/www.feinsinn-zahngesundheit.ch\/#organization"},"potentialAction":[{"@type":"SearchAction","target":{"@type":"EntryPoint","urlTemplate":"https:\/\/www.feinsinn-zahngesundheit.ch\/?s={search_term_string}"},"query-input":{"@type":"PropertyValueSpecification","valueRequired":true,"valueName":"search_term_string"}}],"inLanguage":"en-GB"},{"@type":"Organization","@id":"https:\/\/www.feinsinn-zahngesundheit.ch\/#organization","name":"Feinsinn","url":"https:\/\/www.feinsinn-zahngesundheit.ch\/","logo":{"@type":"ImageObject","inLanguage":"en-GB","@id":"https:\/\/www.feinsinn-zahngesundheit.ch\/#\/schema\/logo\/image\/","url":"https:\/\/www.feinsinn-zahngesundheit.ch\/wp-content\/uploads\/2023\/06\/logo_feinsinn_rvb.png","contentUrl":"https:\/\/www.feinsinn-zahngesundheit.ch\/wp-content\/uploads\/2023\/06\/logo_feinsinn_rvb.png","width":1000,"height":335,"caption":"Feinsinn"},"image":{"@id":"https:\/\/www.feinsinn-zahngesundheit.ch\/#\/schema\/logo\/image\/"}}]}},"_links":{"self":[{"href":"https:\/\/www.feinsinn-zahngesundheit.ch\/en\/wp-json\/wp\/v2\/pages\/2631","targetHints":{"allow":["GET"]}}],"collection":[{"href":"https:\/\/www.feinsinn-zahngesundheit.ch\/en\/wp-json\/wp\/v2\/pages"}],"about":[{"href":"https:\/\/www.feinsinn-zahngesundheit.ch\/en\/wp-json\/wp\/v2\/types\/page"}],"author":[{"embeddable":true,"href":"https:\/\/www.feinsinn-zahngesundheit.ch\/en\/wp-json\/wp\/v2\/users\/1"}],"replies":[{"embeddable":true,"href":"https:\/\/www.feinsinn-zahngesundheit.ch\/en\/wp-json\/wp\/v2\/comments?post=2631"}],"version-history":[{"count":14,"href":"https:\/\/www.feinsinn-zahngesundheit.ch\/en\/wp-json\/wp\/v2\/pages\/2631\/revisions"}],"predecessor-version":[{"id":4363,"href":"https:\/\/www.feinsinn-zahngesundheit.ch\/en\/wp-json\/wp\/v2\/pages\/2631\/revisions\/4363"}],"wp:featuredmedia":[{"embeddable":true,"href":"https:\/\/www.feinsinn-zahngesundheit.ch\/en\/wp-json\/wp\/v2\/media\/2693"}],"wp:attachment":[{"href":"https:\/\/www.feinsinn-zahngesundheit.ch\/en\/wp-json\/wp\/v2\/media?parent=2631"}],"curies":[{"name":"wp","href":"https:\/\/api.w.org\/{rel}","templated":true}]}}