{"id":2442,"date":"2023-06-19T11:20:25","date_gmt":"2023-06-19T09:20:25","guid":{"rendered":"https:\/\/feinsinn.ukoo.hosting\/?page_id=2442"},"modified":"2024-07-15T09:30:35","modified_gmt":"2024-07-15T07:30:35","slug":"la-neuraltherapie","status":"publish","type":"page","link":"https:\/\/www.feinsinn-zahngesundheit.ch\/fr\/dentisterie-biologique\/la-neuraltherapie\/","title":{"rendered":"La neuralth\u00e9rapie"},"content":{"rendered":"\t\t<div data-elementor-type=\"wp-page\" data-elementor-id=\"2442\" class=\"elementor elementor-2442\" data-elementor-post-type=\"page\">\n\t\t\t\t\t\t<section class=\"elementor-section elementor-top-section elementor-element elementor-element-6d25be40 elementor-section-height-min-height elementor-section-boxed elementor-section-height-default elementor-section-items-middle\" data-id=\"6d25be40\" data-element_type=\"section\" data-e-type=\"section\" data-settings=\"{&quot;background_background&quot;:&quot;classic&quot;,&quot;jet_parallax_layout_list&quot;:[]}\">\n\t\t\t\t\t\t<div class=\"elementor-container elementor-column-gap-default\">\n\t\t\t\t\t<div class=\"elementor-column elementor-col-100 elementor-top-column elementor-element elementor-element-e8180bd\" data-id=\"e8180bd\" data-element_type=\"column\" data-e-type=\"column\">\n\t\t\t<div class=\"elementor-widget-wrap elementor-element-populated\">\n\t\t\t\t\t\t<div class=\"elementor-element elementor-element-420985a3 elementor-widget elementor-widget-breadcrumbs\" data-id=\"420985a3\" data-element_type=\"widget\" data-e-type=\"widget\" data-widget_type=\"breadcrumbs.default\">\n\t\t\t\t<div class=\"elementor-widget-container\">\n\t\t\t\t\t<p id=\"breadcrumbs\"><span><span><a href=\"https:\/\/www.feinsinn-zahngesundheit.ch\/\">Home<\/a><\/span><\/span><\/p>\t\t\t\t<\/div>\n\t\t\t\t<\/div>\n\t\t\t\t\t<\/div>\n\t\t<\/div>\n\t\t\t\t\t<\/div>\n\t\t<\/section>\n\t\t\t\t<section class=\"elementor-section elementor-top-section elementor-element elementor-element-a2b87ec elementor-reverse-tablet elementor-reverse-mobile elementor-section-boxed elementor-section-height-default elementor-section-height-default\" data-id=\"a2b87ec\" data-element_type=\"section\" data-e-type=\"section\" data-settings=\"{&quot;jet_parallax_layout_list&quot;:[]}\">\n\t\t\t\t\t\t<div class=\"elementor-container elementor-column-gap-default\">\n\t\t\t\t\t<div class=\"elementor-column elementor-col-50 elementor-top-column elementor-element elementor-element-b0dd843\" data-id=\"b0dd843\" data-element_type=\"column\" data-e-type=\"column\">\n\t\t\t<div class=\"elementor-widget-wrap elementor-element-populated\">\n\t\t\t\t\t\t<div class=\"elementor-element elementor-element-1b7bd21 elementor-widget elementor-widget-image\" data-id=\"1b7bd21\" data-element_type=\"widget\" data-e-type=\"widget\" data-widget_type=\"image.default\">\n\t\t\t\t<div class=\"elementor-widget-container\">\n\t\t\t\t\t\t\t\t\t\t\t\t\t\t\t<img fetchpriority=\"high\" decoding=\"async\" width=\"550\" height=\"400\" src=\"https:\/\/www.feinsinn-zahngesundheit.ch\/wp-content\/uploads\/2023\/07\/illus_neuraltherapie.jpg\" class=\"attachment-large size-large wp-image-3289\" alt=\"\" srcset=\"https:\/\/www.feinsinn-zahngesundheit.ch\/wp-content\/uploads\/2023\/07\/illus_neuraltherapie.jpg 550w, https:\/\/www.feinsinn-zahngesundheit.ch\/wp-content\/uploads\/2023\/07\/illus_neuraltherapie-300x218.jpg 300w, https:\/\/www.feinsinn-zahngesundheit.ch\/wp-content\/uploads\/2023\/07\/illus_neuraltherapie-18x12.jpg 18w\" sizes=\"(max-width: 550px) 100vw, 550px\" \/>\t\t\t\t\t\t\t\t\t\t\t\t\t\t\t<\/div>\n\t\t\t\t<\/div>\n\t\t\t\t\t<\/div>\n\t\t<\/div>\n\t\t\t\t<div class=\"elementor-column elementor-col-50 elementor-top-column elementor-element elementor-element-5f83b1e\" data-id=\"5f83b1e\" data-element_type=\"column\" data-e-type=\"column\">\n\t\t\t<div class=\"elementor-widget-wrap elementor-element-populated\">\n\t\t\t\t\t\t<div class=\"elementor-element elementor-element-56e9402 elementor-widget elementor-widget-heading\" data-id=\"56e9402\" data-element_type=\"widget\" data-e-type=\"widget\" data-widget_type=\"heading.default\">\n\t\t\t\t<div class=\"elementor-widget-container\">\n\t\t\t\t\t<h2 class=\"elementor-heading-title elementor-size-xl\">Qu'est ce que c'est ? <\/h2>\t\t\t\t<\/div>\n\t\t\t\t<\/div>\n\t\t\t\t<div class=\"elementor-element elementor-element-fe9635e elementor-widget-divider--view-line elementor-widget elementor-widget-divider\" data-id=\"fe9635e\" data-element_type=\"widget\" data-e-type=\"widget\" data-widget_type=\"divider.default\">\n\t\t\t\t<div class=\"elementor-widget-container\">\n\t\t\t\t\t\t\t<div class=\"elementor-divider\">\n\t\t\t<span class=\"elementor-divider-separator\">\n\t\t\t\t\t\t<\/span>\n\t\t<\/div>\n\t\t\t\t\t\t<\/div>\n\t\t\t\t<\/div>\n\t\t\t\t<div class=\"elementor-element elementor-element-bc8dafc elementor-widget elementor-widget-text-editor\" data-id=\"bc8dafc\" data-element_type=\"widget\" data-e-type=\"widget\" data-widget_type=\"text-editor.default\">\n\t\t\t\t<div class=\"elementor-widget-container\">\n\t\t\t\t\t\t\t\t\t<p><span style=\"font-weight: 400;\">En dentisterie, La neuralth\u00e9rapie permet de diagnostiquer les \u00ab champs perturbateurs \u00bb qui peuvent emp\u00eacher un bon fonctionnement d\u2019articulations (coude, genoux, hanche), d\u2019organe, de visc\u00e8res etc&#8230;<\/span><\/p>\t\t\t\t\t\t\t\t<\/div>\n\t\t\t\t<\/div>\n\t\t\t\t<div class=\"elementor-element elementor-element-56668ff elementor-widget elementor-widget-heading\" data-id=\"56668ff\" data-element_type=\"widget\" data-e-type=\"widget\" data-widget_type=\"heading.default\">\n\t\t\t\t<div class=\"elementor-widget-container\">\n\t\t\t\t\t<h2 class=\"elementor-heading-title elementor-size-xl\">Les m\u00e9ridiens<\/h2>\t\t\t\t<\/div>\n\t\t\t\t<\/div>\n\t\t\t\t<div class=\"elementor-element elementor-element-f530e76 elementor-widget-divider--view-line elementor-widget elementor-widget-divider\" data-id=\"f530e76\" data-element_type=\"widget\" data-e-type=\"widget\" data-widget_type=\"divider.default\">\n\t\t\t\t<div class=\"elementor-widget-container\">\n\t\t\t\t\t\t\t<div class=\"elementor-divider\">\n\t\t\t<span class=\"elementor-divider-separator\">\n\t\t\t\t\t\t<\/span>\n\t\t<\/div>\n\t\t\t\t\t\t<\/div>\n\t\t\t\t<\/div>\n\t\t\t\t<div class=\"elementor-element elementor-element-f5c814b elementor-widget elementor-widget-text-editor\" data-id=\"f5c814b\" data-element_type=\"widget\" data-e-type=\"widget\" data-widget_type=\"text-editor.default\">\n\t\t\t\t<div class=\"elementor-widget-container\">\n\t\t\t\t\t\t\t\t\t<p><span style=\"font-weight: 400;\">En M\u00e9decine Traditionnelle Chinoise, il est reconnu que tous les m\u00e9ridiens de notre corps passent pas les dents.<\/span><span style=\"font-weight: 400;\"><br \/><\/span><span style=\"font-weight: 400;\">Nous stimulons ces m\u00e9ridiens et la circulation des \u00e9nergies gr\u00e2ce aux 15 000 contacts par jour entre les dents du haut et du bas.<\/span><\/p><p><span style=\"font-weight: 400;\">Une cicatrice situ\u00e9e sur une m\u00e9ridien peut devenir un \u00ab champ perturbateur \u00bb et emp\u00eacher la circulation \u00e9nerg\u00e9tique de se faire.<\/span><\/p><p><span style=\"font-weight: 400;\">Cela entra\u00eene alors une perturbation au niveau du fonctionnement des organes, des visc\u00e8res, des parties du squelette qui correspondent au m\u00e9ridien alt\u00e9r\u00e9.<\/span><\/p>\t\t\t\t\t\t\t\t<\/div>\n\t\t\t\t<\/div>\n\t\t\t\t\t<\/div>\n\t\t<\/div>\n\t\t\t\t\t<\/div>\n\t\t<\/section>\n\t\t\t\t<section class=\"elementor-section elementor-top-section elementor-element elementor-element-de3cf2b elementor-section-boxed elementor-section-height-default elementor-section-height-default\" data-id=\"de3cf2b\" data-element_type=\"section\" data-e-type=\"section\" data-settings=\"{&quot;jet_parallax_layout_list&quot;:[]}\">\n\t\t\t\t\t\t<div class=\"elementor-container elementor-column-gap-default\">\n\t\t\t\t\t<div class=\"elementor-column elementor-col-50 elementor-top-column elementor-element elementor-element-f354bec\" data-id=\"f354bec\" data-element_type=\"column\" data-e-type=\"column\">\n\t\t\t<div class=\"elementor-widget-wrap elementor-element-populated\">\n\t\t\t\t\t\t<div class=\"elementor-element elementor-element-3c73c42 elementor-widget elementor-widget-heading\" data-id=\"3c73c42\" data-element_type=\"widget\" data-e-type=\"widget\" data-widget_type=\"heading.default\">\n\t\t\t\t<div class=\"elementor-widget-container\">\n\t\t\t\t\t<h2 class=\"elementor-heading-title elementor-size-xl\">Les champs perturbateurs<\/h2>\t\t\t\t<\/div>\n\t\t\t\t<\/div>\n\t\t\t\t<div class=\"elementor-element elementor-element-8b88528 elementor-widget-divider--view-line elementor-widget elementor-widget-divider\" data-id=\"8b88528\" data-element_type=\"widget\" data-e-type=\"widget\" data-widget_type=\"divider.default\">\n\t\t\t\t<div class=\"elementor-widget-container\">\n\t\t\t\t\t\t\t<div class=\"elementor-divider\">\n\t\t\t<span class=\"elementor-divider-separator\">\n\t\t\t\t\t\t<\/span>\n\t\t<\/div>\n\t\t\t\t\t\t<\/div>\n\t\t\t\t<\/div>\n\t\t\t\t<div class=\"elementor-element elementor-element-3d504b1 elementor-widget elementor-widget-text-editor\" data-id=\"3d504b1\" data-element_type=\"widget\" data-e-type=\"widget\" data-widget_type=\"text-editor.default\">\n\t\t\t\t<div class=\"elementor-widget-container\">\n\t\t\t\t\t\t\t\t\t<p><span style=\"font-weight: 400;\">En m\u00e9decine dentaire, nous pouvons retrouver comme champs perturbateurs : les infections apicales, les dents incluses, les racines incluses, la maladie parodontale, les malocclusions, l\u2019\u00e9lectro galvanisme (courant \u00e9lectrique entre des amalgames et d\u2019autres m\u00e9taux plac\u00e9s en bouche), certaines p\u00e2tes d\u2019obturations, <\/span><a href=\"https:\/\/www.feinsinn-zahngesundheit.ch\/dentisterie-biologique\/les-nicos\/\"><span style=\"font-weight: 400;\">les NICOs<\/span><\/a><span style=\"font-weight: 400;\">&#8230;<\/span><\/p><p><span style=\"font-weight: 400;\">La neuralth\u00e9rapie est un outil qui diagnostique les \u00ab champs perturbateurs \u00bb. Elle neutralise la cicatrice et autorise ainsi l\u2019\u00e9coulement normal de l\u2019\u00e9nergie au niveau du m\u00e9ridien. Nous pouvons alors observer la disparition quasi instantan\u00e9e de douleurs articulaires pourtant devenues chroniques. Il devient possible de retrouver des mouvements souples, totalement disparus.<\/span><\/p><p><span style=\"font-weight: 400;\">Si son fonctionnement n\u2019est toujours pas scientifiquement compris, Il semble que la neuralth\u00e9rapie soit une \u00ab une m\u00e9decine de r\u00e9gulation qui relance le processus d&rsquo;autogu\u00e9rison par le biais du syst\u00e8me neurov\u00e9g\u00e9tatif \u00bb.<\/span><\/p><p><span style=\"font-weight: 400;\">Or, ce dernier s\u2019\u00e9tend en r\u00e9seau dans le corps et joue un r\u00f4le important dans la gestion de la douleur.<\/span><\/p><p><span style=\"font-weight: 400;\">Ainsi, une douleur de l\u2019\u00e9paule droite peut \u00eatre reli\u00e9e \u00e0 la premi\u00e8re molaire inf\u00e9rieure droite qui, d\u00e9vitalis\u00e9e, peut devenir un champs perturbateur. Une injection de proca\u00efne au niveau de la molaire peut faire cesser ou diminuer la douleur et cela environ pour 8 heures. Cela confirme alors la relation de la dent avec le probl\u00e8me de l\u2019\u00e9paule.<\/span><\/p><p><span style=\"font-weight: 400;\">Pour rechercher les dents potentiellement responsables de probl\u00e8mes il est n\u00e9cessaire de r\u00e9aliser une anamn\u00e8se, un examen clinique et radiologique \u00e0 l\u2019aide d\u2019un panoramique et d\u2019une 3D.<\/span><\/p>\t\t\t\t\t\t\t\t<\/div>\n\t\t\t\t<\/div>\n\t\t\t\t\t<\/div>\n\t\t<\/div>\n\t\t\t\t<div class=\"elementor-column elementor-col-50 elementor-top-column elementor-element elementor-element-ebfff91\" data-id=\"ebfff91\" data-element_type=\"column\" data-e-type=\"column\">\n\t\t\t<div class=\"elementor-widget-wrap elementor-element-populated\">\n\t\t\t\t\t\t<div class=\"elementor-element elementor-element-1f863f5 elementor-widget elementor-widget-image\" data-id=\"1f863f5\" data-element_type=\"widget\" data-e-type=\"widget\" data-widget_type=\"image.default\">\n\t\t\t\t<div class=\"elementor-widget-container\">\n\t\t\t\t\t\t\t\t\t\t\t\t\t\t\t<img decoding=\"async\" width=\"640\" height=\"396\" src=\"https:\/\/www.feinsinn-zahngesundheit.ch\/wp-content\/uploads\/2022\/01\/services-3-1024x634.jpg\" class=\"attachment-large size-large wp-image-1882\" alt=\"\" srcset=\"https:\/\/www.feinsinn-zahngesundheit.ch\/wp-content\/uploads\/2022\/01\/services-3-1024x634.jpg 1024w, https:\/\/www.feinsinn-zahngesundheit.ch\/wp-content\/uploads\/2022\/01\/services-3-300x186.jpg 300w, https:\/\/www.feinsinn-zahngesundheit.ch\/wp-content\/uploads\/2022\/01\/services-3-768x475.jpg 768w, https:\/\/www.feinsinn-zahngesundheit.ch\/wp-content\/uploads\/2022\/01\/services-3.jpg 1050w\" sizes=\"(max-width: 640px) 100vw, 640px\" \/>\t\t\t\t\t\t\t\t\t\t\t\t\t\t\t<\/div>\n\t\t\t\t<\/div>\n\t\t\t\t\t<\/div>\n\t\t<\/div>\n\t\t\t\t\t<\/div>\n\t\t<\/section>\n\t\t\t\t<\/div>\n\t\t","protected":false},"excerpt":{"rendered":"<p>Qu&rsquo;est ce que c&rsquo;est ? En dentisterie, La neuralth\u00e9rapie permet de diagnostiquer les \u00ab champs perturbateurs \u00bb qui peuvent emp\u00eacher un bon fonctionnement d\u2019articulations (coude, genoux, hanche), d\u2019organe, de visc\u00e8res etc&#8230; Les m\u00e9ridiens En M\u00e9decine Traditionnelle Chinoise, il est reconnu que tous les m\u00e9ridiens de notre corps passent pas les dents.Nous stimulons ces m\u00e9ridiens et <\/p>\n","protected":false},"author":1,"featured_media":3125,"parent":2933,"menu_order":0,"comment_status":"closed","ping_status":"closed","template":"elementor_header_footer","meta":{"footnotes":""},"class_list":["post-2442","page","type-page","status-publish","has-post-thumbnail","hentry"],"acf":[],"yoast_head":"<!-- This site is optimized with the Yoast SEO plugin v27.3 - https:\/\/yoast.com\/product\/yoast-seo-wordpress\/ -->\n<title>La neuralth\u00e9rapie - Feinsinn<\/title>\n<meta name=\"description\" content=\"La neuralth\u00e9rapie est un diagnostic ancien mais toujours utilis\u00e9 dans la dentisterie moderne comme dans notre cabinet. D\u00e9couvrez son fonctionnement et son origine.\" \/>\n<meta name=\"robots\" content=\"index, follow, max-snippet:-1, max-image-preview:large, max-video-preview:-1\" \/>\n<link rel=\"canonical\" href=\"https:\/\/www.feinsinn-zahngesundheit.ch\/fr\/dentisterie-biologique\/la-neuraltherapie\/\" \/>\n<meta property=\"og:locale\" content=\"fr_FR\" \/>\n<meta property=\"og:type\" content=\"article\" \/>\n<meta property=\"og:title\" content=\"La neuralth\u00e9rapie - Feinsinn\" \/>\n<meta property=\"og:description\" content=\"La neuralth\u00e9rapie est un diagnostic ancien mais toujours utilis\u00e9 dans la dentisterie moderne comme dans notre cabinet. D\u00e9couvrez son fonctionnement et son origine.\" \/>\n<meta property=\"og:url\" content=\"https:\/\/www.feinsinn-zahngesundheit.ch\/fr\/dentisterie-biologique\/la-neuraltherapie\/\" \/>\n<meta property=\"og:site_name\" content=\"Feinsinn\" \/>\n<meta property=\"article:modified_time\" content=\"2024-07-15T07:30:35+00:00\" \/>\n<meta property=\"og:image\" content=\"https:\/\/www.feinsinn-zahngesundheit.ch\/wp-content\/uploads\/2023\/06\/bandeau-sante.jpg\" \/>\n\t<meta property=\"og:image:width\" content=\"1920\" \/>\n\t<meta property=\"og:image:height\" content=\"300\" \/>\n\t<meta property=\"og:image:type\" content=\"image\/jpeg\" \/>\n<meta name=\"twitter:card\" content=\"summary_large_image\" \/>\n<meta name=\"twitter:label1\" content=\"Dur\u00e9e de lecture estim\u00e9e\" \/>\n\t<meta name=\"twitter:data1\" content=\"3 minutes\" \/>\n<script type=\"application\/ld+json\" class=\"yoast-schema-graph\">{\"@context\":\"https:\\\/\\\/schema.org\",\"@graph\":[{\"@type\":\"WebPage\",\"@id\":\"https:\\\/\\\/www.feinsinn-zahngesundheit.ch\\\/fr\\\/dentisterie-biologique\\\/la-neuraltherapie\\\/\",\"url\":\"https:\\\/\\\/www.feinsinn-zahngesundheit.ch\\\/fr\\\/dentisterie-biologique\\\/la-neuraltherapie\\\/\",\"name\":\"La neuralth\u00e9rapie - Feinsinn\",\"isPartOf\":{\"@id\":\"https:\\\/\\\/www.feinsinn-zahngesundheit.ch\\\/#website\"},\"primaryImageOfPage\":{\"@id\":\"https:\\\/\\\/www.feinsinn-zahngesundheit.ch\\\/fr\\\/dentisterie-biologique\\\/la-neuraltherapie\\\/#primaryimage\"},\"image\":{\"@id\":\"https:\\\/\\\/www.feinsinn-zahngesundheit.ch\\\/fr\\\/dentisterie-biologique\\\/la-neuraltherapie\\\/#primaryimage\"},\"thumbnailUrl\":\"https:\\\/\\\/www.feinsinn-zahngesundheit.ch\\\/wp-content\\\/uploads\\\/2023\\\/06\\\/bandeau-sante.jpg\",\"datePublished\":\"2023-06-19T09:20:25+00:00\",\"dateModified\":\"2024-07-15T07:30:35+00:00\",\"description\":\"La neuralth\u00e9rapie est un diagnostic ancien mais toujours utilis\u00e9 dans la dentisterie moderne comme dans notre cabinet. D\u00e9couvrez son fonctionnement et son origine.\",\"breadcrumb\":{\"@id\":\"https:\\\/\\\/www.feinsinn-zahngesundheit.ch\\\/fr\\\/dentisterie-biologique\\\/la-neuraltherapie\\\/#breadcrumb\"},\"inLanguage\":\"fr-FR\",\"potentialAction\":[{\"@type\":\"ReadAction\",\"target\":[\"https:\\\/\\\/www.feinsinn-zahngesundheit.ch\\\/fr\\\/dentisterie-biologique\\\/la-neuraltherapie\\\/\"]}]},{\"@type\":\"ImageObject\",\"inLanguage\":\"fr-FR\",\"@id\":\"https:\\\/\\\/www.feinsinn-zahngesundheit.ch\\\/fr\\\/dentisterie-biologique\\\/la-neuraltherapie\\\/#primaryimage\",\"url\":\"https:\\\/\\\/www.feinsinn-zahngesundheit.ch\\\/wp-content\\\/uploads\\\/2023\\\/06\\\/bandeau-sante.jpg\",\"contentUrl\":\"https:\\\/\\\/www.feinsinn-zahngesundheit.ch\\\/wp-content\\\/uploads\\\/2023\\\/06\\\/bandeau-sante.jpg\",\"width\":1920,\"height\":300},{\"@type\":\"BreadcrumbList\",\"@id\":\"https:\\\/\\\/www.feinsinn-zahngesundheit.ch\\\/fr\\\/dentisterie-biologique\\\/la-neuraltherapie\\\/#breadcrumb\",\"itemListElement\":[{\"@type\":\"ListItem\",\"position\":1,\"name\":\"Home\",\"item\":\"https:\\\/\\\/www.feinsinn-zahngesundheit.ch\\\/\"},{\"@type\":\"ListItem\",\"position\":2,\"name\":\"Medecine dentaire biologique int\u00e9grative\",\"item\":\"https:\\\/\\\/www.feinsinn-zahngesundheit.ch\\\/dentisterie-biologique\\\/\"},{\"@type\":\"ListItem\",\"position\":3,\"name\":\"La neuralth\u00e9rapie\"}]},{\"@type\":\"WebSite\",\"@id\":\"https:\\\/\\\/www.feinsinn-zahngesundheit.ch\\\/#website\",\"url\":\"https:\\\/\\\/www.feinsinn-zahngesundheit.ch\\\/\",\"name\":\"Feinsinn\",\"description\":\"\",\"publisher\":{\"@id\":\"https:\\\/\\\/www.feinsinn-zahngesundheit.ch\\\/#organization\"},\"potentialAction\":[{\"@type\":\"SearchAction\",\"target\":{\"@type\":\"EntryPoint\",\"urlTemplate\":\"https:\\\/\\\/www.feinsinn-zahngesundheit.ch\\\/?s={search_term_string}\"},\"query-input\":{\"@type\":\"PropertyValueSpecification\",\"valueRequired\":true,\"valueName\":\"search_term_string\"}}],\"inLanguage\":\"fr-FR\"},{\"@type\":\"Organization\",\"@id\":\"https:\\\/\\\/www.feinsinn-zahngesundheit.ch\\\/#organization\",\"name\":\"Feinsinn\",\"url\":\"https:\\\/\\\/www.feinsinn-zahngesundheit.ch\\\/\",\"logo\":{\"@type\":\"ImageObject\",\"inLanguage\":\"fr-FR\",\"@id\":\"https:\\\/\\\/www.feinsinn-zahngesundheit.ch\\\/#\\\/schema\\\/logo\\\/image\\\/\",\"url\":\"https:\\\/\\\/www.feinsinn-zahngesundheit.ch\\\/wp-content\\\/uploads\\\/2023\\\/06\\\/logo_feinsinn_rvb.png\",\"contentUrl\":\"https:\\\/\\\/www.feinsinn-zahngesundheit.ch\\\/wp-content\\\/uploads\\\/2023\\\/06\\\/logo_feinsinn_rvb.png\",\"width\":1000,\"height\":335,\"caption\":\"Feinsinn\"},\"image\":{\"@id\":\"https:\\\/\\\/www.feinsinn-zahngesundheit.ch\\\/#\\\/schema\\\/logo\\\/image\\\/\"}}]}<\/script>\n<!-- \/ Yoast SEO plugin. -->","yoast_head_json":{"title":"La neuralth\u00e9rapie - Feinsinn","description":"La neuralth\u00e9rapie est un diagnostic ancien mais toujours utilis\u00e9 dans la dentisterie moderne comme dans notre cabinet. D\u00e9couvrez son fonctionnement et son origine.","robots":{"index":"index","follow":"follow","max-snippet":"max-snippet:-1","max-image-preview":"max-image-preview:large","max-video-preview":"max-video-preview:-1"},"canonical":"https:\/\/www.feinsinn-zahngesundheit.ch\/fr\/dentisterie-biologique\/la-neuraltherapie\/","og_locale":"fr_FR","og_type":"article","og_title":"La neuralth\u00e9rapie - Feinsinn","og_description":"La neuralth\u00e9rapie est un diagnostic ancien mais toujours utilis\u00e9 dans la dentisterie moderne comme dans notre cabinet. D\u00e9couvrez son fonctionnement et son origine.","og_url":"https:\/\/www.feinsinn-zahngesundheit.ch\/fr\/dentisterie-biologique\/la-neuraltherapie\/","og_site_name":"Feinsinn","article_modified_time":"2024-07-15T07:30:35+00:00","og_image":[{"width":1920,"height":300,"url":"https:\/\/www.feinsinn-zahngesundheit.ch\/wp-content\/uploads\/2023\/06\/bandeau-sante.jpg","type":"image\/jpeg"}],"twitter_card":"summary_large_image","twitter_misc":{"Dur\u00e9e de lecture estim\u00e9e":"3 minutes"},"schema":{"@context":"https:\/\/schema.org","@graph":[{"@type":"WebPage","@id":"https:\/\/www.feinsinn-zahngesundheit.ch\/fr\/dentisterie-biologique\/la-neuraltherapie\/","url":"https:\/\/www.feinsinn-zahngesundheit.ch\/fr\/dentisterie-biologique\/la-neuraltherapie\/","name":"La neuralth\u00e9rapie - Feinsinn","isPartOf":{"@id":"https:\/\/www.feinsinn-zahngesundheit.ch\/#website"},"primaryImageOfPage":{"@id":"https:\/\/www.feinsinn-zahngesundheit.ch\/fr\/dentisterie-biologique\/la-neuraltherapie\/#primaryimage"},"image":{"@id":"https:\/\/www.feinsinn-zahngesundheit.ch\/fr\/dentisterie-biologique\/la-neuraltherapie\/#primaryimage"},"thumbnailUrl":"https:\/\/www.feinsinn-zahngesundheit.ch\/wp-content\/uploads\/2023\/06\/bandeau-sante.jpg","datePublished":"2023-06-19T09:20:25+00:00","dateModified":"2024-07-15T07:30:35+00:00","description":"La neuralth\u00e9rapie est un diagnostic ancien mais toujours utilis\u00e9 dans la dentisterie moderne comme dans notre cabinet. D\u00e9couvrez son fonctionnement et son origine.","breadcrumb":{"@id":"https:\/\/www.feinsinn-zahngesundheit.ch\/fr\/dentisterie-biologique\/la-neuraltherapie\/#breadcrumb"},"inLanguage":"fr-FR","potentialAction":[{"@type":"ReadAction","target":["https:\/\/www.feinsinn-zahngesundheit.ch\/fr\/dentisterie-biologique\/la-neuraltherapie\/"]}]},{"@type":"ImageObject","inLanguage":"fr-FR","@id":"https:\/\/www.feinsinn-zahngesundheit.ch\/fr\/dentisterie-biologique\/la-neuraltherapie\/#primaryimage","url":"https:\/\/www.feinsinn-zahngesundheit.ch\/wp-content\/uploads\/2023\/06\/bandeau-sante.jpg","contentUrl":"https:\/\/www.feinsinn-zahngesundheit.ch\/wp-content\/uploads\/2023\/06\/bandeau-sante.jpg","width":1920,"height":300},{"@type":"BreadcrumbList","@id":"https:\/\/www.feinsinn-zahngesundheit.ch\/fr\/dentisterie-biologique\/la-neuraltherapie\/#breadcrumb","itemListElement":[{"@type":"ListItem","position":1,"name":"Home","item":"https:\/\/www.feinsinn-zahngesundheit.ch\/"},{"@type":"ListItem","position":2,"name":"Medecine dentaire biologique int\u00e9grative","item":"https:\/\/www.feinsinn-zahngesundheit.ch\/dentisterie-biologique\/"},{"@type":"ListItem","position":3,"name":"La neuralth\u00e9rapie"}]},{"@type":"WebSite","@id":"https:\/\/www.feinsinn-zahngesundheit.ch\/#website","url":"https:\/\/www.feinsinn-zahngesundheit.ch\/","name":"Feinsinn","description":"","publisher":{"@id":"https:\/\/www.feinsinn-zahngesundheit.ch\/#organization"},"potentialAction":[{"@type":"SearchAction","target":{"@type":"EntryPoint","urlTemplate":"https:\/\/www.feinsinn-zahngesundheit.ch\/?s={search_term_string}"},"query-input":{"@type":"PropertyValueSpecification","valueRequired":true,"valueName":"search_term_string"}}],"inLanguage":"fr-FR"},{"@type":"Organization","@id":"https:\/\/www.feinsinn-zahngesundheit.ch\/#organization","name":"Feinsinn","url":"https:\/\/www.feinsinn-zahngesundheit.ch\/","logo":{"@type":"ImageObject","inLanguage":"fr-FR","@id":"https:\/\/www.feinsinn-zahngesundheit.ch\/#\/schema\/logo\/image\/","url":"https:\/\/www.feinsinn-zahngesundheit.ch\/wp-content\/uploads\/2023\/06\/logo_feinsinn_rvb.png","contentUrl":"https:\/\/www.feinsinn-zahngesundheit.ch\/wp-content\/uploads\/2023\/06\/logo_feinsinn_rvb.png","width":1000,"height":335,"caption":"Feinsinn"},"image":{"@id":"https:\/\/www.feinsinn-zahngesundheit.ch\/#\/schema\/logo\/image\/"}}]}},"_links":{"self":[{"href":"https:\/\/www.feinsinn-zahngesundheit.ch\/fr\/wp-json\/wp\/v2\/pages\/2442","targetHints":{"allow":["GET"]}}],"collection":[{"href":"https:\/\/www.feinsinn-zahngesundheit.ch\/fr\/wp-json\/wp\/v2\/pages"}],"about":[{"href":"https:\/\/www.feinsinn-zahngesundheit.ch\/fr\/wp-json\/wp\/v2\/types\/page"}],"author":[{"embeddable":true,"href":"https:\/\/www.feinsinn-zahngesundheit.ch\/fr\/wp-json\/wp\/v2\/users\/1"}],"replies":[{"embeddable":true,"href":"https:\/\/www.feinsinn-zahngesundheit.ch\/fr\/wp-json\/wp\/v2\/comments?post=2442"}],"version-history":[{"count":21,"href":"https:\/\/www.feinsinn-zahngesundheit.ch\/fr\/wp-json\/wp\/v2\/pages\/2442\/revisions"}],"predecessor-version":[{"id":4328,"href":"https:\/\/www.feinsinn-zahngesundheit.ch\/fr\/wp-json\/wp\/v2\/pages\/2442\/revisions\/4328"}],"up":[{"embeddable":true,"href":"https:\/\/www.feinsinn-zahngesundheit.ch\/fr\/wp-json\/wp\/v2\/pages\/2933"}],"wp:featuredmedia":[{"embeddable":true,"href":"https:\/\/www.feinsinn-zahngesundheit.ch\/fr\/wp-json\/wp\/v2\/media\/3125"}],"wp:attachment":[{"href":"https:\/\/www.feinsinn-zahngesundheit.ch\/fr\/wp-json\/wp\/v2\/media?parent=2442"}],"curies":[{"name":"wp","href":"https:\/\/api.w.org\/{rel}","templated":true}]}}