{"id":2448,"date":"2023-06-19T11:23:54","date_gmt":"2023-06-19T09:23:54","guid":{"rendered":"https:\/\/feinsinn.ukoo.hosting\/?page_id=2448"},"modified":"2024-07-15T09:23:50","modified_gmt":"2024-07-15T07:23:50","slug":"les-dents-devitalisees","status":"publish","type":"page","link":"https:\/\/www.feinsinn-zahngesundheit.ch\/fr\/les-champs-perturbateur\/les-dents-devitalisees\/","title":{"rendered":"Les dents d\u00e9vitalis\u00e9es"},"content":{"rendered":"\t\t<div data-elementor-type=\"wp-page\" data-elementor-id=\"2448\" class=\"elementor elementor-2448\" data-elementor-post-type=\"page\">\n\t\t\t\t\t\t<section class=\"elementor-section elementor-top-section elementor-element elementor-element-4e6b2735 elementor-section-height-min-height elementor-section-boxed elementor-section-height-default elementor-section-items-middle\" data-id=\"4e6b2735\" data-element_type=\"section\" data-e-type=\"section\" data-settings=\"{&quot;background_background&quot;:&quot;classic&quot;,&quot;jet_parallax_layout_list&quot;:[]}\">\n\t\t\t\t\t\t<div class=\"elementor-container elementor-column-gap-default\">\n\t\t\t\t\t<div class=\"elementor-column elementor-col-100 elementor-top-column elementor-element elementor-element-51cd0a08\" data-id=\"51cd0a08\" data-element_type=\"column\" data-e-type=\"column\">\n\t\t\t<div class=\"elementor-widget-wrap elementor-element-populated\">\n\t\t\t\t\t\t<div class=\"elementor-element elementor-element-e9b02a8 elementor-widget elementor-widget-breadcrumbs\" data-id=\"e9b02a8\" data-element_type=\"widget\" data-e-type=\"widget\" data-widget_type=\"breadcrumbs.default\">\n\t\t\t\t<div class=\"elementor-widget-container\">\n\t\t\t\t\t<p id=\"breadcrumbs\"><span><span><a href=\"https:\/\/www.feinsinn-zahngesundheit.ch\/\">Home<\/a><\/span><\/span><\/p>\t\t\t\t<\/div>\n\t\t\t\t<\/div>\n\t\t\t\t\t<\/div>\n\t\t<\/div>\n\t\t\t\t\t<\/div>\n\t\t<\/section>\n\t\t\t\t<section class=\"elementor-section elementor-top-section elementor-element elementor-element-2d04b9c elementor-reverse-tablet elementor-reverse-mobile elementor-section-boxed elementor-section-height-default elementor-section-height-default\" data-id=\"2d04b9c\" data-element_type=\"section\" data-e-type=\"section\" data-settings=\"{&quot;jet_parallax_layout_list&quot;:[]}\">\n\t\t\t\t\t\t<div class=\"elementor-container elementor-column-gap-default\">\n\t\t\t\t\t<div class=\"elementor-column elementor-col-50 elementor-top-column elementor-element elementor-element-17d8d29\" data-id=\"17d8d29\" data-element_type=\"column\" data-e-type=\"column\">\n\t\t\t<div class=\"elementor-widget-wrap elementor-element-populated\">\n\t\t\t\t\t\t<div class=\"elementor-element elementor-element-0c3b006 elementor-widget elementor-widget-image\" data-id=\"0c3b006\" data-element_type=\"widget\" data-e-type=\"widget\" data-widget_type=\"image.default\">\n\t\t\t\t<div class=\"elementor-widget-container\">\n\t\t\t\t\t\t\t\t\t\t\t\t\t\t\t<img fetchpriority=\"high\" decoding=\"async\" width=\"640\" height=\"335\" src=\"https:\/\/www.feinsinn-zahngesundheit.ch\/wp-content\/uploads\/2023\/06\/facette_dentaire_srv-1024x536.jpg\" class=\"attachment-large size-large wp-image-2962\" alt=\"\" srcset=\"https:\/\/www.feinsinn-zahngesundheit.ch\/wp-content\/uploads\/2023\/06\/facette_dentaire_srv-1024x536.jpg 1024w, https:\/\/www.feinsinn-zahngesundheit.ch\/wp-content\/uploads\/2023\/06\/facette_dentaire_srv-300x157.jpg 300w, https:\/\/www.feinsinn-zahngesundheit.ch\/wp-content\/uploads\/2023\/06\/facette_dentaire_srv-768x402.jpg 768w, https:\/\/www.feinsinn-zahngesundheit.ch\/wp-content\/uploads\/2023\/06\/facette_dentaire_srv-18x9.jpg 18w, https:\/\/www.feinsinn-zahngesundheit.ch\/wp-content\/uploads\/2023\/06\/facette_dentaire_srv.jpg 1050w\" sizes=\"(max-width: 640px) 100vw, 640px\" \/>\t\t\t\t\t\t\t\t\t\t\t\t\t\t\t<\/div>\n\t\t\t\t<\/div>\n\t\t\t\t\t<\/div>\n\t\t<\/div>\n\t\t\t\t<div class=\"elementor-column elementor-col-50 elementor-top-column elementor-element elementor-element-0014143\" data-id=\"0014143\" data-element_type=\"column\" data-e-type=\"column\">\n\t\t\t<div class=\"elementor-widget-wrap elementor-element-populated\">\n\t\t\t\t\t\t<div class=\"elementor-element elementor-element-6b3c3ec elementor-widget elementor-widget-heading\" data-id=\"6b3c3ec\" data-element_type=\"widget\" data-e-type=\"widget\" data-widget_type=\"heading.default\">\n\t\t\t\t<div class=\"elementor-widget-container\">\n\t\t\t\t\t<h2 class=\"elementor-heading-title elementor-size-xl\">Les dents d\u00e9vitalis\u00e9es peuvent elles cr\u00e9er des probl\u00e8mes ?<\/h2>\t\t\t\t<\/div>\n\t\t\t\t<\/div>\n\t\t\t\t<div class=\"elementor-element elementor-element-047762d elementor-widget-divider--view-line elementor-widget elementor-widget-divider\" data-id=\"047762d\" data-element_type=\"widget\" data-e-type=\"widget\" data-widget_type=\"divider.default\">\n\t\t\t\t<div class=\"elementor-widget-container\">\n\t\t\t\t\t\t\t<div class=\"elementor-divider\">\n\t\t\t<span class=\"elementor-divider-separator\">\n\t\t\t\t\t\t<\/span>\n\t\t<\/div>\n\t\t\t\t\t\t<\/div>\n\t\t\t\t<\/div>\n\t\t\t\t<div class=\"elementor-element elementor-element-8bb2bbc elementor-widget elementor-widget-text-editor\" data-id=\"8bb2bbc\" data-element_type=\"widget\" data-e-type=\"widget\" data-widget_type=\"text-editor.default\">\n\t\t\t\t<div class=\"elementor-widget-container\">\n\t\t\t\t\t\t\t\t\t<p style=\"font-family: var(--headingFontfamily);\n    font-weight: bold;font-size: 1.5rem;margin-top: 0;\n    margin-bottom: 0.5rem;\n    font-weight: 500;\n    line-height: 1.2;\"><span style=\"font-weight: 400;\">Les autorit\u00e9s m\u00e9dicales peuvent consid\u00e9rer qu\u2019extraire une dent uniquement parce qu\u2019elle est d\u00e9vitalis\u00e9e rel\u00e8ve de coups et blessures volontaires.<\/span><\/p>\n<span style=\"font-weight: 400;\">Pour elles, une dent d\u00e9vitalis\u00e9e, trait\u00e9e selon les derniers principes en vigueur, avec une obturation radiculaire radiologiquement parfaite, ne repr\u00e9sente aucun danger toxique pour l\u2019organisme.<\/span>\n\n<span style=\"font-weight: 400;\">Des scientifiques pensent diff\u00e9remment car, pour eux, les dents d\u00e9vitalis\u00e9es peuvent jouer un r\u00f4le pathologique pour la sant\u00e9, m\u00eame \u00e0 distance de la bouche.<\/span>\n\n<span style=\"font-weight: 400;\">En effet, aujourd\u2019hui, lors des traitements des racines, des centaines de canalicules ne peuvent \u00eatre obtur\u00e9s, malgr\u00e9 les techniques d\u2019obturation les plus modernes. Dans ces canaux vides qui communiquent avec la lymphe ont \u00e9t\u00e9 retrouv\u00e9es quelques 75 esp\u00e8ces de bact\u00e9ries toxiques dont certaines peuvent avoir une action sur le c\u0153ur, sur le syst\u00e8me nerveux, sur les reins ou le cerveau&#8230;<\/span>\n\n<span style=\"font-weight: 400;\">Ces bact\u00e9ries lib\u00e8rent dans la lymphe, \u00e0 chaque pression sur la dent (15 000 fois par jour), des toxines dont l\u2019une porte le nom po\u00e9tique de cadav\u00e9rine. Certains de ces compos\u00e9s, comme le mercaptan, sont reconnus comme \u00e9tant canc\u00e9rog\u00e8nes.<\/span><span style=\"font-weight: 400;\">\n<\/span><span style=\"font-weight: 400;\">Ces toxines bloquent l\u2019action d\u2019enzymes essentielles dans la chaine de respiration en entrainant la mort de mitochondries et donc la destruction de cellules. Elles cr\u00e9ent une inflammation qui dure 24 heures sur 24, 7 jours par semaine, 365 jours par an tout le reste de votre vie durant&#8230;!<\/span>\n\n<span style=\"font-weight: 400;\">La dent devient alors un <a href=\"https:\/\/www.feinsinn-zahngesundheit.ch\/dentisterie-biologique\/les-champs-perturbateur\/\">champ perturbateur<\/a><\/span><span style=\"font-weight: 400;\"> du m\u00e9ridien qui passe par elle.<\/span>\t\t\t\t\t\t\t\t<\/div>\n\t\t\t\t<\/div>\n\t\t\t\t\t<\/div>\n\t\t<\/div>\n\t\t\t\t\t<\/div>\n\t\t<\/section>\n\t\t\t\t<section class=\"elementor-section elementor-top-section elementor-element elementor-element-b7630d2 elementor-section-boxed elementor-section-height-default elementor-section-height-default\" data-id=\"b7630d2\" data-element_type=\"section\" data-e-type=\"section\" data-settings=\"{&quot;jet_parallax_layout_list&quot;:[]}\">\n\t\t\t\t\t\t<div class=\"elementor-container elementor-column-gap-default\">\n\t\t\t\t\t<div class=\"elementor-column elementor-col-50 elementor-top-column elementor-element elementor-element-e7d4584\" data-id=\"e7d4584\" data-element_type=\"column\" data-e-type=\"column\">\n\t\t\t<div class=\"elementor-widget-wrap elementor-element-populated\">\n\t\t\t\t\t\t<div class=\"elementor-element elementor-element-4cdb343 elementor-widget elementor-widget-heading\" data-id=\"4cdb343\" data-element_type=\"widget\" data-e-type=\"widget\" data-widget_type=\"heading.default\">\n\t\t\t\t<div class=\"elementor-widget-container\">\n\t\t\t\t\t<h2 class=\"elementor-heading-title elementor-size-xl\">Comment savoir si une dent est toxique ? <\/h2>\t\t\t\t<\/div>\n\t\t\t\t<\/div>\n\t\t\t\t<div class=\"elementor-element elementor-element-b288103 elementor-widget-divider--view-line elementor-widget elementor-widget-divider\" data-id=\"b288103\" data-element_type=\"widget\" data-e-type=\"widget\" data-widget_type=\"divider.default\">\n\t\t\t\t<div class=\"elementor-widget-container\">\n\t\t\t\t\t\t\t<div class=\"elementor-divider\">\n\t\t\t<span class=\"elementor-divider-separator\">\n\t\t\t\t\t\t<\/span>\n\t\t<\/div>\n\t\t\t\t\t\t<\/div>\n\t\t\t\t<\/div>\n\t\t\t\t<div class=\"elementor-element elementor-element-a02c7dd elementor-widget elementor-widget-text-editor\" data-id=\"a02c7dd\" data-element_type=\"widget\" data-e-type=\"widget\" data-widget_type=\"text-editor.default\">\n\t\t\t\t<div class=\"elementor-widget-container\">\n\t\t\t\t\t\t\t\t\t<p><b>La toxicit\u00e9 locale<\/b>\u00a0: le test Oro Tox certifi\u00e9 EU \/ CE est admis pour d\u00e9montrer la pr\u00e9sence de toxines dentaires dans le sulcus dentaire. La dent apparait souvent d\u00e9j\u00e0 noircie<\/p><p><b>La toxicit\u00e9 syst\u00e9mique<\/b>\u00a0: La recherche de Mercaptan Thioether dans une analyse sanguine permet de savoir si la dent d\u00e9vitalis\u00e9e entraine une toxicit\u00e9 syst\u00e9mique.<\/p><p>L\u2019utilisation de la <a href=\"https:\/\/www.feinsinn-zahngesundheit.ch\/dentisterie-biologique\/la-neuraltherapie\/\">neuralth\u00e9rapie<\/a> peut aider au diagnostic. Nous injectons de la proca\u00efne au niveau de la dent en question et nous observons, pendant 8 heures les effets \u00e0 distance que ce soit au niveau de la diminution des douleurs, du fonctionnement des articulations, du fonctionnement d\u2019organes etc\u2026 .<\/p><p>Si la d\u00e9cision d\u2019extraire une dent est prise, il est important de la remplacer, \u00e0 la fois pour le respect de la fonction masticatrice et la stimulation des m\u00e9ridiens. Nous utilisons alors des <a href=\"https:\/\/www.feinsinn-zahngesundheit.ch\/esthetique\/couronnes-full-ceramique\/\">implants en C\u00e9ramique<\/a>.<\/p>\t\t\t\t\t\t\t\t<\/div>\n\t\t\t\t<\/div>\n\t\t\t\t<section class=\"elementor-section elementor-inner-section elementor-element elementor-element-cdfffcb elementor-section-content-middle elementor-section-boxed elementor-section-height-default elementor-section-height-default\" data-id=\"cdfffcb\" data-element_type=\"section\" data-e-type=\"section\" data-settings=\"{&quot;jet_parallax_layout_list&quot;:[]}\">\n\t\t\t\t\t\t<div class=\"elementor-container elementor-column-gap-default\">\n\t\t\t\t\t<div class=\"elementor-column elementor-col-100 elementor-inner-column elementor-element elementor-element-4c2b7cb\" data-id=\"4c2b7cb\" data-element_type=\"column\" data-e-type=\"column\">\n\t\t\t<div class=\"elementor-widget-wrap elementor-element-populated\">\n\t\t\t\t\t\t<div class=\"elementor-element elementor-element-be4c388 elementor-widget elementor-widget-RolaButton\" data-id=\"be4c388\" data-element_type=\"widget\" data-e-type=\"widget\" data-widget_type=\"RolaButton.default\">\n\t\t\t\t<div class=\"elementor-widget-container\">\n\t\t\t\t\t        <div class=\"container\">\r\n            <div class=\"rola-button-title button-center\">\r\n                                    <a href=\"https:\/\/www.feinsinn-zahngesundheit.ch\/wp-content\/uploads\/2023\/07\/consentement_eclaire_extraction.pdf\" target=\"_blank\"  class=\"default-btn\">Consentement e\u0301claire\u0301 d&#039;extraction <\/a>\r\n                            <\/div>\r\n        <\/div>\r\n\r\n        \t\t\t\t<\/div>\n\t\t\t\t<\/div>\n\t\t\t\t\t<\/div>\n\t\t<\/div>\n\t\t\t\t\t<\/div>\n\t\t<\/section>\n\t\t\t\t\t<\/div>\n\t\t<\/div>\n\t\t\t\t<div class=\"elementor-column elementor-col-50 elementor-top-column elementor-element elementor-element-a9680d9\" data-id=\"a9680d9\" data-element_type=\"column\" data-e-type=\"column\">\n\t\t\t<div class=\"elementor-widget-wrap elementor-element-populated\">\n\t\t\t\t\t\t<div class=\"elementor-element elementor-element-18a686c elementor-widget elementor-widget-image\" data-id=\"18a686c\" data-element_type=\"widget\" data-e-type=\"widget\" data-widget_type=\"image.default\">\n\t\t\t\t<div class=\"elementor-widget-container\">\n\t\t\t\t\t\t\t\t\t\t\t\t\t\t\t<img decoding=\"async\" width=\"640\" height=\"396\" src=\"https:\/\/www.feinsinn-zahngesundheit.ch\/wp-content\/uploads\/2022\/01\/services-3-1024x634.jpg\" class=\"attachment-large size-large wp-image-1882\" alt=\"\" srcset=\"https:\/\/www.feinsinn-zahngesundheit.ch\/wp-content\/uploads\/2022\/01\/services-3-1024x634.jpg 1024w, https:\/\/www.feinsinn-zahngesundheit.ch\/wp-content\/uploads\/2022\/01\/services-3-300x186.jpg 300w, https:\/\/www.feinsinn-zahngesundheit.ch\/wp-content\/uploads\/2022\/01\/services-3-768x475.jpg 768w, https:\/\/www.feinsinn-zahngesundheit.ch\/wp-content\/uploads\/2022\/01\/services-3.jpg 1050w\" sizes=\"(max-width: 640px) 100vw, 640px\" \/>\t\t\t\t\t\t\t\t\t\t\t\t\t\t\t<\/div>\n\t\t\t\t<\/div>\n\t\t\t\t\t<\/div>\n\t\t<\/div>\n\t\t\t\t\t<\/div>\n\t\t<\/section>\n\t\t\t\t<\/div>\n\t\t","protected":false},"excerpt":{"rendered":"<p>Les dents d\u00e9vitalis\u00e9es peuvent elles cr\u00e9er des probl\u00e8mes ? Les autorit\u00e9s m\u00e9dicales peuvent consid\u00e9rer qu\u2019extraire une dent uniquement parce qu\u2019elle est d\u00e9vitalis\u00e9e rel\u00e8ve de coups et blessures volontaires. Pour elles, une dent d\u00e9vitalis\u00e9e, trait\u00e9e selon les derniers principes en vigueur, avec une obturation radiculaire radiologiquement parfaite, ne repr\u00e9sente aucun danger toxique pour l\u2019organisme. Des scientifiques <\/p>\n","protected":false},"author":1,"featured_media":3125,"parent":2480,"menu_order":0,"comment_status":"closed","ping_status":"closed","template":"elementor_header_footer","meta":{"footnotes":""},"class_list":["post-2448","page","type-page","status-publish","has-post-thumbnail","hentry"],"acf":[],"yoast_head":"<!-- This site is optimized with the Yoast SEO plugin v27.3 - https:\/\/yoast.com\/product\/yoast-seo-wordpress\/ -->\n<title>Les dents d\u00e9vitalis\u00e9es - Feinsinn<\/title>\n<meta name=\"description\" content=\"Les dents d\u00e9vitalis\u00e9es sont un vrai d\u00e9bat dans le monde scientifique et de la m\u00e9decine. Tenez-vous au courant de ses origines et de ses cons\u00e9quences.\" \/>\n<meta name=\"robots\" content=\"index, follow, max-snippet:-1, max-image-preview:large, max-video-preview:-1\" \/>\n<link rel=\"canonical\" href=\"https:\/\/www.feinsinn-zahngesundheit.ch\/fr\/les-champs-perturbateur\/les-dents-devitalisees\/\" \/>\n<meta property=\"og:locale\" content=\"fr_FR\" \/>\n<meta property=\"og:type\" content=\"article\" \/>\n<meta property=\"og:title\" content=\"Les dents d\u00e9vitalis\u00e9es - Feinsinn\" \/>\n<meta property=\"og:description\" content=\"Les dents d\u00e9vitalis\u00e9es sont un vrai d\u00e9bat dans le monde scientifique et de la m\u00e9decine. Tenez-vous au courant de ses origines et de ses cons\u00e9quences.\" \/>\n<meta property=\"og:url\" content=\"https:\/\/www.feinsinn-zahngesundheit.ch\/fr\/les-champs-perturbateur\/les-dents-devitalisees\/\" \/>\n<meta property=\"og:site_name\" content=\"Feinsinn\" \/>\n<meta property=\"article:modified_time\" content=\"2024-07-15T07:23:50+00:00\" \/>\n<meta property=\"og:image\" content=\"https:\/\/www.feinsinn-zahngesundheit.ch\/wp-content\/uploads\/2023\/06\/bandeau-sante.jpg\" \/>\n\t<meta property=\"og:image:width\" content=\"1920\" \/>\n\t<meta property=\"og:image:height\" content=\"300\" \/>\n\t<meta property=\"og:image:type\" content=\"image\/jpeg\" \/>\n<meta name=\"twitter:card\" content=\"summary_large_image\" \/>\n<meta name=\"twitter:label1\" content=\"Dur\u00e9e de lecture estim\u00e9e\" \/>\n\t<meta name=\"twitter:data1\" content=\"3 minutes\" \/>\n<script type=\"application\/ld+json\" class=\"yoast-schema-graph\">{\"@context\":\"https:\\\/\\\/schema.org\",\"@graph\":[{\"@type\":\"WebPage\",\"@id\":\"https:\\\/\\\/www.feinsinn-zahngesundheit.ch\\\/fr\\\/les-champs-perturbateur\\\/les-dents-devitalisees\\\/\",\"url\":\"https:\\\/\\\/www.feinsinn-zahngesundheit.ch\\\/fr\\\/les-champs-perturbateur\\\/les-dents-devitalisees\\\/\",\"name\":\"Les dents d\u00e9vitalis\u00e9es - Feinsinn\",\"isPartOf\":{\"@id\":\"https:\\\/\\\/www.feinsinn-zahngesundheit.ch\\\/#website\"},\"primaryImageOfPage\":{\"@id\":\"https:\\\/\\\/www.feinsinn-zahngesundheit.ch\\\/fr\\\/les-champs-perturbateur\\\/les-dents-devitalisees\\\/#primaryimage\"},\"image\":{\"@id\":\"https:\\\/\\\/www.feinsinn-zahngesundheit.ch\\\/fr\\\/les-champs-perturbateur\\\/les-dents-devitalisees\\\/#primaryimage\"},\"thumbnailUrl\":\"https:\\\/\\\/www.feinsinn-zahngesundheit.ch\\\/wp-content\\\/uploads\\\/2023\\\/06\\\/bandeau-sante.jpg\",\"datePublished\":\"2023-06-19T09:23:54+00:00\",\"dateModified\":\"2024-07-15T07:23:50+00:00\",\"description\":\"Les dents d\u00e9vitalis\u00e9es sont un vrai d\u00e9bat dans le monde scientifique et de la m\u00e9decine. Tenez-vous au courant de ses origines et de ses cons\u00e9quences.\",\"breadcrumb\":{\"@id\":\"https:\\\/\\\/www.feinsinn-zahngesundheit.ch\\\/fr\\\/les-champs-perturbateur\\\/les-dents-devitalisees\\\/#breadcrumb\"},\"inLanguage\":\"fr-FR\",\"potentialAction\":[{\"@type\":\"ReadAction\",\"target\":[\"https:\\\/\\\/www.feinsinn-zahngesundheit.ch\\\/fr\\\/les-champs-perturbateur\\\/les-dents-devitalisees\\\/\"]}]},{\"@type\":\"ImageObject\",\"inLanguage\":\"fr-FR\",\"@id\":\"https:\\\/\\\/www.feinsinn-zahngesundheit.ch\\\/fr\\\/les-champs-perturbateur\\\/les-dents-devitalisees\\\/#primaryimage\",\"url\":\"https:\\\/\\\/www.feinsinn-zahngesundheit.ch\\\/wp-content\\\/uploads\\\/2023\\\/06\\\/bandeau-sante.jpg\",\"contentUrl\":\"https:\\\/\\\/www.feinsinn-zahngesundheit.ch\\\/wp-content\\\/uploads\\\/2023\\\/06\\\/bandeau-sante.jpg\",\"width\":1920,\"height\":300},{\"@type\":\"BreadcrumbList\",\"@id\":\"https:\\\/\\\/www.feinsinn-zahngesundheit.ch\\\/fr\\\/les-champs-perturbateur\\\/les-dents-devitalisees\\\/#breadcrumb\",\"itemListElement\":[{\"@type\":\"ListItem\",\"position\":1,\"name\":\"Home\",\"item\":\"https:\\\/\\\/www.feinsinn-zahngesundheit.ch\\\/\"},{\"@type\":\"ListItem\",\"position\":2,\"name\":\"Les champs perturbateur\",\"item\":\"https:\\\/\\\/www.feinsinn-zahngesundheit.ch\\\/les-champs-perturbateur\\\/\"},{\"@type\":\"ListItem\",\"position\":3,\"name\":\"Les dents d\u00e9vitalis\u00e9es\"}]},{\"@type\":\"WebSite\",\"@id\":\"https:\\\/\\\/www.feinsinn-zahngesundheit.ch\\\/#website\",\"url\":\"https:\\\/\\\/www.feinsinn-zahngesundheit.ch\\\/\",\"name\":\"Feinsinn\",\"description\":\"\",\"publisher\":{\"@id\":\"https:\\\/\\\/www.feinsinn-zahngesundheit.ch\\\/#organization\"},\"potentialAction\":[{\"@type\":\"SearchAction\",\"target\":{\"@type\":\"EntryPoint\",\"urlTemplate\":\"https:\\\/\\\/www.feinsinn-zahngesundheit.ch\\\/?s={search_term_string}\"},\"query-input\":{\"@type\":\"PropertyValueSpecification\",\"valueRequired\":true,\"valueName\":\"search_term_string\"}}],\"inLanguage\":\"fr-FR\"},{\"@type\":\"Organization\",\"@id\":\"https:\\\/\\\/www.feinsinn-zahngesundheit.ch\\\/#organization\",\"name\":\"Feinsinn\",\"url\":\"https:\\\/\\\/www.feinsinn-zahngesundheit.ch\\\/\",\"logo\":{\"@type\":\"ImageObject\",\"inLanguage\":\"fr-FR\",\"@id\":\"https:\\\/\\\/www.feinsinn-zahngesundheit.ch\\\/#\\\/schema\\\/logo\\\/image\\\/\",\"url\":\"https:\\\/\\\/www.feinsinn-zahngesundheit.ch\\\/wp-content\\\/uploads\\\/2023\\\/06\\\/logo_feinsinn_rvb.png\",\"contentUrl\":\"https:\\\/\\\/www.feinsinn-zahngesundheit.ch\\\/wp-content\\\/uploads\\\/2023\\\/06\\\/logo_feinsinn_rvb.png\",\"width\":1000,\"height\":335,\"caption\":\"Feinsinn\"},\"image\":{\"@id\":\"https:\\\/\\\/www.feinsinn-zahngesundheit.ch\\\/#\\\/schema\\\/logo\\\/image\\\/\"}}]}<\/script>\n<!-- \/ Yoast SEO plugin. -->","yoast_head_json":{"title":"Les dents d\u00e9vitalis\u00e9es - Feinsinn","description":"Les dents d\u00e9vitalis\u00e9es sont un vrai d\u00e9bat dans le monde scientifique et de la m\u00e9decine. Tenez-vous au courant de ses origines et de ses cons\u00e9quences.","robots":{"index":"index","follow":"follow","max-snippet":"max-snippet:-1","max-image-preview":"max-image-preview:large","max-video-preview":"max-video-preview:-1"},"canonical":"https:\/\/www.feinsinn-zahngesundheit.ch\/fr\/les-champs-perturbateur\/les-dents-devitalisees\/","og_locale":"fr_FR","og_type":"article","og_title":"Les dents d\u00e9vitalis\u00e9es - Feinsinn","og_description":"Les dents d\u00e9vitalis\u00e9es sont un vrai d\u00e9bat dans le monde scientifique et de la m\u00e9decine. Tenez-vous au courant de ses origines et de ses cons\u00e9quences.","og_url":"https:\/\/www.feinsinn-zahngesundheit.ch\/fr\/les-champs-perturbateur\/les-dents-devitalisees\/","og_site_name":"Feinsinn","article_modified_time":"2024-07-15T07:23:50+00:00","og_image":[{"width":1920,"height":300,"url":"https:\/\/www.feinsinn-zahngesundheit.ch\/wp-content\/uploads\/2023\/06\/bandeau-sante.jpg","type":"image\/jpeg"}],"twitter_card":"summary_large_image","twitter_misc":{"Dur\u00e9e de lecture estim\u00e9e":"3 minutes"},"schema":{"@context":"https:\/\/schema.org","@graph":[{"@type":"WebPage","@id":"https:\/\/www.feinsinn-zahngesundheit.ch\/fr\/les-champs-perturbateur\/les-dents-devitalisees\/","url":"https:\/\/www.feinsinn-zahngesundheit.ch\/fr\/les-champs-perturbateur\/les-dents-devitalisees\/","name":"Les dents d\u00e9vitalis\u00e9es - Feinsinn","isPartOf":{"@id":"https:\/\/www.feinsinn-zahngesundheit.ch\/#website"},"primaryImageOfPage":{"@id":"https:\/\/www.feinsinn-zahngesundheit.ch\/fr\/les-champs-perturbateur\/les-dents-devitalisees\/#primaryimage"},"image":{"@id":"https:\/\/www.feinsinn-zahngesundheit.ch\/fr\/les-champs-perturbateur\/les-dents-devitalisees\/#primaryimage"},"thumbnailUrl":"https:\/\/www.feinsinn-zahngesundheit.ch\/wp-content\/uploads\/2023\/06\/bandeau-sante.jpg","datePublished":"2023-06-19T09:23:54+00:00","dateModified":"2024-07-15T07:23:50+00:00","description":"Les dents d\u00e9vitalis\u00e9es sont un vrai d\u00e9bat dans le monde scientifique et de la m\u00e9decine. Tenez-vous au courant de ses origines et de ses cons\u00e9quences.","breadcrumb":{"@id":"https:\/\/www.feinsinn-zahngesundheit.ch\/fr\/les-champs-perturbateur\/les-dents-devitalisees\/#breadcrumb"},"inLanguage":"fr-FR","potentialAction":[{"@type":"ReadAction","target":["https:\/\/www.feinsinn-zahngesundheit.ch\/fr\/les-champs-perturbateur\/les-dents-devitalisees\/"]}]},{"@type":"ImageObject","inLanguage":"fr-FR","@id":"https:\/\/www.feinsinn-zahngesundheit.ch\/fr\/les-champs-perturbateur\/les-dents-devitalisees\/#primaryimage","url":"https:\/\/www.feinsinn-zahngesundheit.ch\/wp-content\/uploads\/2023\/06\/bandeau-sante.jpg","contentUrl":"https:\/\/www.feinsinn-zahngesundheit.ch\/wp-content\/uploads\/2023\/06\/bandeau-sante.jpg","width":1920,"height":300},{"@type":"BreadcrumbList","@id":"https:\/\/www.feinsinn-zahngesundheit.ch\/fr\/les-champs-perturbateur\/les-dents-devitalisees\/#breadcrumb","itemListElement":[{"@type":"ListItem","position":1,"name":"Home","item":"https:\/\/www.feinsinn-zahngesundheit.ch\/"},{"@type":"ListItem","position":2,"name":"Les champs perturbateur","item":"https:\/\/www.feinsinn-zahngesundheit.ch\/les-champs-perturbateur\/"},{"@type":"ListItem","position":3,"name":"Les dents d\u00e9vitalis\u00e9es"}]},{"@type":"WebSite","@id":"https:\/\/www.feinsinn-zahngesundheit.ch\/#website","url":"https:\/\/www.feinsinn-zahngesundheit.ch\/","name":"Feinsinn","description":"","publisher":{"@id":"https:\/\/www.feinsinn-zahngesundheit.ch\/#organization"},"potentialAction":[{"@type":"SearchAction","target":{"@type":"EntryPoint","urlTemplate":"https:\/\/www.feinsinn-zahngesundheit.ch\/?s={search_term_string}"},"query-input":{"@type":"PropertyValueSpecification","valueRequired":true,"valueName":"search_term_string"}}],"inLanguage":"fr-FR"},{"@type":"Organization","@id":"https:\/\/www.feinsinn-zahngesundheit.ch\/#organization","name":"Feinsinn","url":"https:\/\/www.feinsinn-zahngesundheit.ch\/","logo":{"@type":"ImageObject","inLanguage":"fr-FR","@id":"https:\/\/www.feinsinn-zahngesundheit.ch\/#\/schema\/logo\/image\/","url":"https:\/\/www.feinsinn-zahngesundheit.ch\/wp-content\/uploads\/2023\/06\/logo_feinsinn_rvb.png","contentUrl":"https:\/\/www.feinsinn-zahngesundheit.ch\/wp-content\/uploads\/2023\/06\/logo_feinsinn_rvb.png","width":1000,"height":335,"caption":"Feinsinn"},"image":{"@id":"https:\/\/www.feinsinn-zahngesundheit.ch\/#\/schema\/logo\/image\/"}}]}},"_links":{"self":[{"href":"https:\/\/www.feinsinn-zahngesundheit.ch\/fr\/wp-json\/wp\/v2\/pages\/2448","targetHints":{"allow":["GET"]}}],"collection":[{"href":"https:\/\/www.feinsinn-zahngesundheit.ch\/fr\/wp-json\/wp\/v2\/pages"}],"about":[{"href":"https:\/\/www.feinsinn-zahngesundheit.ch\/fr\/wp-json\/wp\/v2\/types\/page"}],"author":[{"embeddable":true,"href":"https:\/\/www.feinsinn-zahngesundheit.ch\/fr\/wp-json\/wp\/v2\/users\/1"}],"replies":[{"embeddable":true,"href":"https:\/\/www.feinsinn-zahngesundheit.ch\/fr\/wp-json\/wp\/v2\/comments?post=2448"}],"version-history":[{"count":27,"href":"https:\/\/www.feinsinn-zahngesundheit.ch\/fr\/wp-json\/wp\/v2\/pages\/2448\/revisions"}],"predecessor-version":[{"id":4281,"href":"https:\/\/www.feinsinn-zahngesundheit.ch\/fr\/wp-json\/wp\/v2\/pages\/2448\/revisions\/4281"}],"up":[{"embeddable":true,"href":"https:\/\/www.feinsinn-zahngesundheit.ch\/fr\/wp-json\/wp\/v2\/pages\/2480"}],"wp:featuredmedia":[{"embeddable":true,"href":"https:\/\/www.feinsinn-zahngesundheit.ch\/fr\/wp-json\/wp\/v2\/media\/3125"}],"wp:attachment":[{"href":"https:\/\/www.feinsinn-zahngesundheit.ch\/fr\/wp-json\/wp\/v2\/media?parent=2448"}],"curies":[{"name":"wp","href":"https:\/\/api.w.org\/{rel}","templated":true}]}}