{"id":2497,"date":"2023-06-19T11:40:37","date_gmt":"2023-06-19T09:40:37","guid":{"rendered":"https:\/\/feinsinn.ukoo.hosting\/?page_id=2497"},"modified":"2024-07-15T09:25:46","modified_gmt":"2024-07-15T07:25:46","slug":"implantation-immediate","status":"publish","type":"page","link":"https:\/\/www.feinsinn-zahngesundheit.ch\/fr\/les-traitements\/les-implants\/implantation-immediate\/","title":{"rendered":"Implantation imm\u00e9diate"},"content":{"rendered":"\t\t<div data-elementor-type=\"wp-page\" data-elementor-id=\"2497\" class=\"elementor elementor-2497\" data-elementor-post-type=\"page\">\n\t\t\t\t\t\t<section class=\"elementor-section elementor-top-section elementor-element elementor-element-61a0aa5a elementor-section-height-min-height elementor-section-boxed elementor-section-height-default elementor-section-items-middle\" data-id=\"61a0aa5a\" data-element_type=\"section\" data-e-type=\"section\" data-settings=\"{&quot;background_background&quot;:&quot;classic&quot;,&quot;jet_parallax_layout_list&quot;:[]}\">\n\t\t\t\t\t\t<div class=\"elementor-container elementor-column-gap-default\">\n\t\t\t\t\t<div class=\"elementor-column elementor-col-100 elementor-top-column elementor-element elementor-element-149aac8b\" data-id=\"149aac8b\" data-element_type=\"column\" data-e-type=\"column\">\n\t\t\t<div class=\"elementor-widget-wrap elementor-element-populated\">\n\t\t\t\t\t\t<div class=\"elementor-element elementor-element-59d24e2d elementor-widget elementor-widget-breadcrumbs\" data-id=\"59d24e2d\" data-element_type=\"widget\" data-e-type=\"widget\" data-widget_type=\"breadcrumbs.default\">\n\t\t\t\t<div class=\"elementor-widget-container\">\n\t\t\t\t\t<p id=\"breadcrumbs\"><span><span><a href=\"https:\/\/www.feinsinn-zahngesundheit.ch\/\">Home<\/a><\/span><\/span><\/p>\t\t\t\t<\/div>\n\t\t\t\t<\/div>\n\t\t\t\t\t<\/div>\n\t\t<\/div>\n\t\t\t\t\t<\/div>\n\t\t<\/section>\n\t\t\t\t<section class=\"elementor-section elementor-top-section elementor-element elementor-element-ecb3d9b elementor-reverse-tablet elementor-reverse-mobile elementor-section-boxed elementor-section-height-default elementor-section-height-default\" data-id=\"ecb3d9b\" data-element_type=\"section\" data-e-type=\"section\" data-settings=\"{&quot;jet_parallax_layout_list&quot;:[]}\">\n\t\t\t\t\t\t<div class=\"elementor-container elementor-column-gap-default\">\n\t\t\t\t\t<div class=\"elementor-column elementor-col-50 elementor-top-column elementor-element elementor-element-238c322\" data-id=\"238c322\" data-element_type=\"column\" data-e-type=\"column\">\n\t\t\t<div class=\"elementor-widget-wrap elementor-element-populated\">\n\t\t\t\t\t\t<div class=\"elementor-element elementor-element-b021a6f elementor-widget elementor-widget-image\" data-id=\"b021a6f\" data-element_type=\"widget\" data-e-type=\"widget\" data-widget_type=\"image.default\">\n\t\t\t\t<div class=\"elementor-widget-container\">\n\t\t\t\t\t\t\t\t\t\t\t\t\t\t\t<img fetchpriority=\"high\" decoding=\"async\" width=\"640\" height=\"360\" src=\"https:\/\/www.feinsinn-zahngesundheit.ch\/wp-content\/uploads\/2023\/07\/maxresdefault-1024x576.jpg\" class=\"attachment-large size-large wp-image-3471\" alt=\"\" srcset=\"https:\/\/www.feinsinn-zahngesundheit.ch\/wp-content\/uploads\/2023\/07\/maxresdefault-1024x576.jpg 1024w, https:\/\/www.feinsinn-zahngesundheit.ch\/wp-content\/uploads\/2023\/07\/maxresdefault-300x169.jpg 300w, https:\/\/www.feinsinn-zahngesundheit.ch\/wp-content\/uploads\/2023\/07\/maxresdefault-768x432.jpg 768w, https:\/\/www.feinsinn-zahngesundheit.ch\/wp-content\/uploads\/2023\/07\/maxresdefault-18x10.jpg 18w, https:\/\/www.feinsinn-zahngesundheit.ch\/wp-content\/uploads\/2023\/07\/maxresdefault.jpg 1280w\" sizes=\"(max-width: 640px) 100vw, 640px\" \/>\t\t\t\t\t\t\t\t\t\t\t\t\t\t\t<\/div>\n\t\t\t\t<\/div>\n\t\t\t\t\t<\/div>\n\t\t<\/div>\n\t\t\t\t<div class=\"elementor-column elementor-col-50 elementor-top-column elementor-element elementor-element-63a7c3e\" data-id=\"63a7c3e\" data-element_type=\"column\" data-e-type=\"column\">\n\t\t\t<div class=\"elementor-widget-wrap elementor-element-populated\">\n\t\t\t\t\t\t<div class=\"elementor-element elementor-element-8a79f75 elementor-widget elementor-widget-heading\" data-id=\"8a79f75\" data-element_type=\"widget\" data-e-type=\"widget\" data-widget_type=\"heading.default\">\n\t\t\t\t<div class=\"elementor-widget-container\">\n\t\t\t\t\t<h2 class=\"elementor-heading-title elementor-size-xl\">Le concept Short Cut Concept (SCC)<\/h2>\t\t\t\t<\/div>\n\t\t\t\t<\/div>\n\t\t\t\t<div class=\"elementor-element elementor-element-cc46735 elementor-widget-divider--view-line elementor-widget elementor-widget-divider\" data-id=\"cc46735\" data-element_type=\"widget\" data-e-type=\"widget\" data-widget_type=\"divider.default\">\n\t\t\t\t<div class=\"elementor-widget-container\">\n\t\t\t\t\t\t\t<div class=\"elementor-divider\">\n\t\t\t<span class=\"elementor-divider-separator\">\n\t\t\t\t\t\t<\/span>\n\t\t<\/div>\n\t\t\t\t\t\t<\/div>\n\t\t\t\t<\/div>\n\t\t\t\t<div class=\"elementor-element elementor-element-281346d elementor-widget elementor-widget-text-editor\" data-id=\"281346d\" data-element_type=\"widget\" data-e-type=\"widget\" data-widget_type=\"text-editor.default\">\n\t\t\t\t<div class=\"elementor-widget-container\">\n\t\t\t\t\t\t\t\t\t<p style=\"font-family: var(--headingFontfamily);\n    font-weight: bold;font-size: 1.5rem;margin-top: 0;\n    margin-bottom: 0.5rem;\n    font-weight: 500;\n    line-height: 1.2;\"><span style=\"font-weight: 400;\">Dans notre pratique, nous favorisons l&rsquo;implantation imm\u00e9diate avec des implants en c\u00e9ramique selon le concept Short Cut Concept (SCC), d\u00e9velopp\u00e9 par le Dr. Ulrich Volz, chaque fois que possible.<\/span><\/p>\n<span style=\"font-weight: 400;\">Cela signifie que l&rsquo;implant est ins\u00e9r\u00e9 imm\u00e9diatement apr\u00e8s le retrait de la dent. Nous portons une attention toute particuli\u00e8re \u00e0 bien nettoyer et \u00e0 parfaitement d\u00e9sinfecter la zone chirurgicale car les implants en zircone, contrairement aux implants en titane, ne gu\u00e9rissent que dans un os parfaitement sain (ce qui est le but recherch\u00e9 pour votre sant\u00e9). L&rsquo;implantation imm\u00e9diate \u00e9vite des interventions chirurgicales suppl\u00e9mentaires et donc du temps et des co\u00fbts.<\/span>\n\n<span style=\"font-weight: 400;\">Un protocole incluant un traitement orthomol\u00e9culaire, (prise de vitamines et de nutriments selon le Bone Healing Protocol), la d\u00e9sinfection locale \u00e0 l\u2019ozone et la neuralth\u00e9rapie permettent de rendre les suites op\u00e9ratoires les plus confortables possibles en optimisant la capacit\u00e9 de l\u2019organisme \u00e0 bien cicatriser.<\/span>\n\n<span style=\"font-weight: 400;\">Votre attention \u00e0 suivre correctement ce protocole BHP, est d\u00e9terminante. Il d\u00e9bute au moins 14 jours avant la date planifi\u00e9e de l&rsquo;intervention chirurgicale et continue 14 jours apr\u00e8s l\u2019intervention. En fonction du type l\u2019intervention et de l\u2019\u00e9tat de sant\u00e9 g\u00e9n\u00e9ral ce protocole peut \u00eatre modifi\u00e9 et allong\u00e9 pour une dur\u00e9e totale de 8 semaines.<\/span>\t\t\t\t\t\t\t\t<\/div>\n\t\t\t\t<\/div>\n\t\t\t\t\t<\/div>\n\t\t<\/div>\n\t\t\t\t\t<\/div>\n\t\t<\/section>\n\t\t\t\t<\/div>\n\t\t","protected":false},"excerpt":{"rendered":"<p>Le concept Short Cut Concept (SCC) Dans notre pratique, nous favorisons l&rsquo;implantation imm\u00e9diate avec des implants en c\u00e9ramique selon le concept Short Cut Concept (SCC), d\u00e9velopp\u00e9 par le Dr. Ulrich Volz, chaque fois que possible. Cela signifie que l&rsquo;implant est ins\u00e9r\u00e9 imm\u00e9diatement apr\u00e8s le retrait de la dent. Nous portons une attention toute particuli\u00e8re \u00e0 <\/p>\n","protected":false},"author":1,"featured_media":3461,"parent":3452,"menu_order":0,"comment_status":"closed","ping_status":"closed","template":"elementor_header_footer","meta":{"footnotes":""},"class_list":["post-2497","page","type-page","status-publish","has-post-thumbnail","hentry"],"acf":[],"yoast_head":"<!-- This site is optimized with the Yoast SEO plugin v27.3 - https:\/\/yoast.com\/product\/yoast-seo-wordpress\/ -->\n<title>Implantation imm\u00e9diate - Feinsinn<\/title>\n<meta name=\"description\" content=\"L&#039;implantation imm\u00e9diate d&#039;implants s&#039;effectue imm\u00e9diatement dans la foul\u00e9e d&#039;une op\u00e9ration. D\u00e9couvrez pourquoi cette technique est appliqu\u00e9e aussi souvent.\" \/>\n<meta name=\"robots\" content=\"index, follow, max-snippet:-1, max-image-preview:large, max-video-preview:-1\" \/>\n<link rel=\"canonical\" href=\"https:\/\/www.feinsinn-zahngesundheit.ch\/fr\/les-traitements\/les-implants\/implantation-immediate\/\" \/>\n<meta property=\"og:locale\" content=\"fr_FR\" \/>\n<meta property=\"og:type\" content=\"article\" \/>\n<meta property=\"og:title\" content=\"Implantation imm\u00e9diate - Feinsinn\" \/>\n<meta property=\"og:description\" content=\"L&#039;implantation imm\u00e9diate d&#039;implants s&#039;effectue imm\u00e9diatement dans la foul\u00e9e d&#039;une op\u00e9ration. D\u00e9couvrez pourquoi cette technique est appliqu\u00e9e aussi souvent.\" \/>\n<meta property=\"og:url\" content=\"https:\/\/www.feinsinn-zahngesundheit.ch\/fr\/les-traitements\/les-implants\/implantation-immediate\/\" \/>\n<meta property=\"og:site_name\" content=\"Feinsinn\" \/>\n<meta property=\"article:modified_time\" content=\"2024-07-15T07:25:46+00:00\" \/>\n<meta property=\"og:image\" content=\"https:\/\/www.feinsinn-zahngesundheit.ch\/wp-content\/uploads\/2023\/07\/bandeau-implants.jpg\" \/>\n\t<meta property=\"og:image:width\" content=\"1920\" \/>\n\t<meta property=\"og:image:height\" content=\"300\" \/>\n\t<meta property=\"og:image:type\" content=\"image\/jpeg\" \/>\n<meta name=\"twitter:card\" content=\"summary_large_image\" \/>\n<meta name=\"twitter:label1\" content=\"Dur\u00e9e de lecture estim\u00e9e\" \/>\n\t<meta name=\"twitter:data1\" content=\"2 minutes\" \/>\n<script type=\"application\/ld+json\" class=\"yoast-schema-graph\">{\"@context\":\"https:\\\/\\\/schema.org\",\"@graph\":[{\"@type\":\"WebPage\",\"@id\":\"https:\\\/\\\/www.feinsinn-zahngesundheit.ch\\\/les-traitements\\\/les-implants\\\/implantation-immediate\\\/\",\"url\":\"https:\\\/\\\/www.feinsinn-zahngesundheit.ch\\\/les-traitements\\\/les-implants\\\/implantation-immediate\\\/\",\"name\":\"Implantation imm\u00e9diate - Feinsinn\",\"isPartOf\":{\"@id\":\"https:\\\/\\\/www.feinsinn-zahngesundheit.ch\\\/#website\"},\"primaryImageOfPage\":{\"@id\":\"https:\\\/\\\/www.feinsinn-zahngesundheit.ch\\\/les-traitements\\\/les-implants\\\/implantation-immediate\\\/#primaryimage\"},\"image\":{\"@id\":\"https:\\\/\\\/www.feinsinn-zahngesundheit.ch\\\/les-traitements\\\/les-implants\\\/implantation-immediate\\\/#primaryimage\"},\"thumbnailUrl\":\"https:\\\/\\\/www.feinsinn-zahngesundheit.ch\\\/wp-content\\\/uploads\\\/2023\\\/07\\\/bandeau-implants.jpg\",\"datePublished\":\"2023-06-19T09:40:37+00:00\",\"dateModified\":\"2024-07-15T07:25:46+00:00\",\"description\":\"L'implantation imm\u00e9diate d'implants s'effectue imm\u00e9diatement dans la foul\u00e9e d'une op\u00e9ration. D\u00e9couvrez pourquoi cette technique est appliqu\u00e9e aussi souvent.\",\"breadcrumb\":{\"@id\":\"https:\\\/\\\/www.feinsinn-zahngesundheit.ch\\\/les-traitements\\\/les-implants\\\/implantation-immediate\\\/#breadcrumb\"},\"inLanguage\":\"fr-FR\",\"potentialAction\":[{\"@type\":\"ReadAction\",\"target\":[\"https:\\\/\\\/www.feinsinn-zahngesundheit.ch\\\/les-traitements\\\/les-implants\\\/implantation-immediate\\\/\"]}]},{\"@type\":\"ImageObject\",\"inLanguage\":\"fr-FR\",\"@id\":\"https:\\\/\\\/www.feinsinn-zahngesundheit.ch\\\/les-traitements\\\/les-implants\\\/implantation-immediate\\\/#primaryimage\",\"url\":\"https:\\\/\\\/www.feinsinn-zahngesundheit.ch\\\/wp-content\\\/uploads\\\/2023\\\/07\\\/bandeau-implants.jpg\",\"contentUrl\":\"https:\\\/\\\/www.feinsinn-zahngesundheit.ch\\\/wp-content\\\/uploads\\\/2023\\\/07\\\/bandeau-implants.jpg\",\"width\":1920,\"height\":300},{\"@type\":\"BreadcrumbList\",\"@id\":\"https:\\\/\\\/www.feinsinn-zahngesundheit.ch\\\/les-traitements\\\/les-implants\\\/implantation-immediate\\\/#breadcrumb\",\"itemListElement\":[{\"@type\":\"ListItem\",\"position\":1,\"name\":\"Home\",\"item\":\"https:\\\/\\\/www.feinsinn-zahngesundheit.ch\\\/\"},{\"@type\":\"ListItem\",\"position\":2,\"name\":\"Les traitements\",\"item\":\"https:\\\/\\\/www.feinsinn-zahngesundheit.ch\\\/les-traitements\\\/\"},{\"@type\":\"ListItem\",\"position\":3,\"name\":\"Les implants\",\"item\":\"https:\\\/\\\/www.feinsinn-zahngesundheit.ch\\\/les-traitements\\\/les-implants\\\/\"},{\"@type\":\"ListItem\",\"position\":4,\"name\":\"Implantation imm\u00e9diate\"}]},{\"@type\":\"WebSite\",\"@id\":\"https:\\\/\\\/www.feinsinn-zahngesundheit.ch\\\/#website\",\"url\":\"https:\\\/\\\/www.feinsinn-zahngesundheit.ch\\\/\",\"name\":\"Feinsinn\",\"description\":\"\",\"publisher\":{\"@id\":\"https:\\\/\\\/www.feinsinn-zahngesundheit.ch\\\/#organization\"},\"potentialAction\":[{\"@type\":\"SearchAction\",\"target\":{\"@type\":\"EntryPoint\",\"urlTemplate\":\"https:\\\/\\\/www.feinsinn-zahngesundheit.ch\\\/?s={search_term_string}\"},\"query-input\":{\"@type\":\"PropertyValueSpecification\",\"valueRequired\":true,\"valueName\":\"search_term_string\"}}],\"inLanguage\":\"fr-FR\"},{\"@type\":\"Organization\",\"@id\":\"https:\\\/\\\/www.feinsinn-zahngesundheit.ch\\\/#organization\",\"name\":\"Feinsinn\",\"url\":\"https:\\\/\\\/www.feinsinn-zahngesundheit.ch\\\/\",\"logo\":{\"@type\":\"ImageObject\",\"inLanguage\":\"fr-FR\",\"@id\":\"https:\\\/\\\/www.feinsinn-zahngesundheit.ch\\\/#\\\/schema\\\/logo\\\/image\\\/\",\"url\":\"https:\\\/\\\/www.feinsinn-zahngesundheit.ch\\\/wp-content\\\/uploads\\\/2023\\\/06\\\/logo_feinsinn_rvb.png\",\"contentUrl\":\"https:\\\/\\\/www.feinsinn-zahngesundheit.ch\\\/wp-content\\\/uploads\\\/2023\\\/06\\\/logo_feinsinn_rvb.png\",\"width\":1000,\"height\":335,\"caption\":\"Feinsinn\"},\"image\":{\"@id\":\"https:\\\/\\\/www.feinsinn-zahngesundheit.ch\\\/#\\\/schema\\\/logo\\\/image\\\/\"}}]}<\/script>\n<!-- \/ Yoast SEO plugin. -->","yoast_head_json":{"title":"Implantation imm\u00e9diate - Feinsinn","description":"L'implantation imm\u00e9diate d'implants s'effectue imm\u00e9diatement dans la foul\u00e9e d'une op\u00e9ration. D\u00e9couvrez pourquoi cette technique est appliqu\u00e9e aussi souvent.","robots":{"index":"index","follow":"follow","max-snippet":"max-snippet:-1","max-image-preview":"max-image-preview:large","max-video-preview":"max-video-preview:-1"},"canonical":"https:\/\/www.feinsinn-zahngesundheit.ch\/fr\/les-traitements\/les-implants\/implantation-immediate\/","og_locale":"fr_FR","og_type":"article","og_title":"Implantation imm\u00e9diate - Feinsinn","og_description":"L'implantation imm\u00e9diate d'implants s'effectue imm\u00e9diatement dans la foul\u00e9e d'une op\u00e9ration. D\u00e9couvrez pourquoi cette technique est appliqu\u00e9e aussi souvent.","og_url":"https:\/\/www.feinsinn-zahngesundheit.ch\/fr\/les-traitements\/les-implants\/implantation-immediate\/","og_site_name":"Feinsinn","article_modified_time":"2024-07-15T07:25:46+00:00","og_image":[{"width":1920,"height":300,"url":"https:\/\/www.feinsinn-zahngesundheit.ch\/wp-content\/uploads\/2023\/07\/bandeau-implants.jpg","type":"image\/jpeg"}],"twitter_card":"summary_large_image","twitter_misc":{"Dur\u00e9e de lecture estim\u00e9e":"2 minutes"},"schema":{"@context":"https:\/\/schema.org","@graph":[{"@type":"WebPage","@id":"https:\/\/www.feinsinn-zahngesundheit.ch\/les-traitements\/les-implants\/implantation-immediate\/","url":"https:\/\/www.feinsinn-zahngesundheit.ch\/les-traitements\/les-implants\/implantation-immediate\/","name":"Implantation imm\u00e9diate - Feinsinn","isPartOf":{"@id":"https:\/\/www.feinsinn-zahngesundheit.ch\/#website"},"primaryImageOfPage":{"@id":"https:\/\/www.feinsinn-zahngesundheit.ch\/les-traitements\/les-implants\/implantation-immediate\/#primaryimage"},"image":{"@id":"https:\/\/www.feinsinn-zahngesundheit.ch\/les-traitements\/les-implants\/implantation-immediate\/#primaryimage"},"thumbnailUrl":"https:\/\/www.feinsinn-zahngesundheit.ch\/wp-content\/uploads\/2023\/07\/bandeau-implants.jpg","datePublished":"2023-06-19T09:40:37+00:00","dateModified":"2024-07-15T07:25:46+00:00","description":"L'implantation imm\u00e9diate d'implants s'effectue imm\u00e9diatement dans la foul\u00e9e d'une op\u00e9ration. D\u00e9couvrez pourquoi cette technique est appliqu\u00e9e aussi souvent.","breadcrumb":{"@id":"https:\/\/www.feinsinn-zahngesundheit.ch\/les-traitements\/les-implants\/implantation-immediate\/#breadcrumb"},"inLanguage":"fr-FR","potentialAction":[{"@type":"ReadAction","target":["https:\/\/www.feinsinn-zahngesundheit.ch\/les-traitements\/les-implants\/implantation-immediate\/"]}]},{"@type":"ImageObject","inLanguage":"fr-FR","@id":"https:\/\/www.feinsinn-zahngesundheit.ch\/les-traitements\/les-implants\/implantation-immediate\/#primaryimage","url":"https:\/\/www.feinsinn-zahngesundheit.ch\/wp-content\/uploads\/2023\/07\/bandeau-implants.jpg","contentUrl":"https:\/\/www.feinsinn-zahngesundheit.ch\/wp-content\/uploads\/2023\/07\/bandeau-implants.jpg","width":1920,"height":300},{"@type":"BreadcrumbList","@id":"https:\/\/www.feinsinn-zahngesundheit.ch\/les-traitements\/les-implants\/implantation-immediate\/#breadcrumb","itemListElement":[{"@type":"ListItem","position":1,"name":"Home","item":"https:\/\/www.feinsinn-zahngesundheit.ch\/"},{"@type":"ListItem","position":2,"name":"Les traitements","item":"https:\/\/www.feinsinn-zahngesundheit.ch\/les-traitements\/"},{"@type":"ListItem","position":3,"name":"Les implants","item":"https:\/\/www.feinsinn-zahngesundheit.ch\/les-traitements\/les-implants\/"},{"@type":"ListItem","position":4,"name":"Implantation imm\u00e9diate"}]},{"@type":"WebSite","@id":"https:\/\/www.feinsinn-zahngesundheit.ch\/#website","url":"https:\/\/www.feinsinn-zahngesundheit.ch\/","name":"Feinsinn","description":"","publisher":{"@id":"https:\/\/www.feinsinn-zahngesundheit.ch\/#organization"},"potentialAction":[{"@type":"SearchAction","target":{"@type":"EntryPoint","urlTemplate":"https:\/\/www.feinsinn-zahngesundheit.ch\/?s={search_term_string}"},"query-input":{"@type":"PropertyValueSpecification","valueRequired":true,"valueName":"search_term_string"}}],"inLanguage":"fr-FR"},{"@type":"Organization","@id":"https:\/\/www.feinsinn-zahngesundheit.ch\/#organization","name":"Feinsinn","url":"https:\/\/www.feinsinn-zahngesundheit.ch\/","logo":{"@type":"ImageObject","inLanguage":"fr-FR","@id":"https:\/\/www.feinsinn-zahngesundheit.ch\/#\/schema\/logo\/image\/","url":"https:\/\/www.feinsinn-zahngesundheit.ch\/wp-content\/uploads\/2023\/06\/logo_feinsinn_rvb.png","contentUrl":"https:\/\/www.feinsinn-zahngesundheit.ch\/wp-content\/uploads\/2023\/06\/logo_feinsinn_rvb.png","width":1000,"height":335,"caption":"Feinsinn"},"image":{"@id":"https:\/\/www.feinsinn-zahngesundheit.ch\/#\/schema\/logo\/image\/"}}]}},"_links":{"self":[{"href":"https:\/\/www.feinsinn-zahngesundheit.ch\/fr\/wp-json\/wp\/v2\/pages\/2497","targetHints":{"allow":["GET"]}}],"collection":[{"href":"https:\/\/www.feinsinn-zahngesundheit.ch\/fr\/wp-json\/wp\/v2\/pages"}],"about":[{"href":"https:\/\/www.feinsinn-zahngesundheit.ch\/fr\/wp-json\/wp\/v2\/types\/page"}],"author":[{"embeddable":true,"href":"https:\/\/www.feinsinn-zahngesundheit.ch\/fr\/wp-json\/wp\/v2\/users\/1"}],"replies":[{"embeddable":true,"href":"https:\/\/www.feinsinn-zahngesundheit.ch\/fr\/wp-json\/wp\/v2\/comments?post=2497"}],"version-history":[{"count":27,"href":"https:\/\/www.feinsinn-zahngesundheit.ch\/fr\/wp-json\/wp\/v2\/pages\/2497\/revisions"}],"predecessor-version":[{"id":4297,"href":"https:\/\/www.feinsinn-zahngesundheit.ch\/fr\/wp-json\/wp\/v2\/pages\/2497\/revisions\/4297"}],"up":[{"embeddable":true,"href":"https:\/\/www.feinsinn-zahngesundheit.ch\/fr\/wp-json\/wp\/v2\/pages\/3452"}],"wp:featuredmedia":[{"embeddable":true,"href":"https:\/\/www.feinsinn-zahngesundheit.ch\/fr\/wp-json\/wp\/v2\/media\/3461"}],"wp:attachment":[{"href":"https:\/\/www.feinsinn-zahngesundheit.ch\/fr\/wp-json\/wp\/v2\/media?parent=2497"}],"curies":[{"name":"wp","href":"https:\/\/api.w.org\/{rel}","templated":true}]}}