{"id":2503,"date":"2023-06-19T11:42:40","date_gmt":"2023-06-19T09:42:40","guid":{"rendered":"https:\/\/feinsinn.ukoo.hosting\/?page_id=2503"},"modified":"2024-07-15T09:25:29","modified_gmt":"2024-07-15T07:25:29","slug":"implant-en-zircone","status":"publish","type":"page","link":"https:\/\/www.feinsinn-zahngesundheit.ch\/fr\/les-traitements\/les-implants\/implant-en-zircone\/","title":{"rendered":"Implant en zircone"},"content":{"rendered":"\t\t<div data-elementor-type=\"wp-page\" data-elementor-id=\"2503\" class=\"elementor elementor-2503\" data-elementor-post-type=\"page\">\n\t\t\t\t\t\t<section class=\"elementor-section elementor-top-section elementor-element elementor-element-62a3c718 elementor-section-height-min-height elementor-section-boxed elementor-section-height-default elementor-section-items-middle\" data-id=\"62a3c718\" data-element_type=\"section\" data-e-type=\"section\" data-settings=\"{&quot;background_background&quot;:&quot;classic&quot;,&quot;jet_parallax_layout_list&quot;:[]}\">\n\t\t\t\t\t\t<div class=\"elementor-container elementor-column-gap-default\">\n\t\t\t\t\t<div class=\"elementor-column elementor-col-100 elementor-top-column elementor-element elementor-element-67c36a85\" data-id=\"67c36a85\" data-element_type=\"column\" data-e-type=\"column\">\n\t\t\t<div class=\"elementor-widget-wrap elementor-element-populated\">\n\t\t\t\t\t\t<div class=\"elementor-element elementor-element-7cda67b2 elementor-widget elementor-widget-breadcrumbs\" data-id=\"7cda67b2\" data-element_type=\"widget\" data-e-type=\"widget\" data-widget_type=\"breadcrumbs.default\">\n\t\t\t\t<div class=\"elementor-widget-container\">\n\t\t\t\t\t<p id=\"breadcrumbs\"><span><span><a href=\"https:\/\/www.feinsinn-zahngesundheit.ch\/\">Home<\/a><\/span><\/span><\/p>\t\t\t\t<\/div>\n\t\t\t\t<\/div>\n\t\t\t\t\t<\/div>\n\t\t<\/div>\n\t\t\t\t\t<\/div>\n\t\t<\/section>\n\t\t\t\t<section class=\"elementor-section elementor-top-section elementor-element elementor-element-dd6315f elementor-section-boxed elementor-section-height-default elementor-section-height-default\" data-id=\"dd6315f\" data-element_type=\"section\" data-e-type=\"section\" data-settings=\"{&quot;jet_parallax_layout_list&quot;:[]}\">\n\t\t\t\t\t\t<div class=\"elementor-container elementor-column-gap-default\">\n\t\t\t\t\t<div class=\"elementor-column elementor-col-100 elementor-top-column elementor-element elementor-element-54c2eea\" data-id=\"54c2eea\" data-element_type=\"column\" data-e-type=\"column\">\n\t\t\t<div class=\"elementor-widget-wrap elementor-element-populated\">\n\t\t\t\t\t\t<div class=\"elementor-element elementor-element-96a101a elementor-widget elementor-widget-text-editor\" data-id=\"96a101a\" data-element_type=\"widget\" data-e-type=\"widget\" data-widget_type=\"text-editor.default\">\n\t\t\t\t<div class=\"elementor-widget-container\">\n\t\t\t\t\t\t\t\t\t<p style=\"font-family: var(--headingFontfamily);\n    font-weight: bold;font-size: 1.5rem;margin-top: 0;\n    margin-bottom: 0.5rem;\n    font-weight: 500;\n    line-height: 1.2;\"><span style=\"font-weight: 400;\">Depuis les ann\u00e9es 90, les nouvelles proc\u00e9dures chirurgicales, les nouveaux \u00e9tats de surface implantaires ont permis de poser des centaines de milliers d\u2019implants en titane dans des os de qualit\u00e9 tr\u00e8s moyenne et d\u2019obtenir des r\u00e9sultats cliniques tr\u00e8s satisfaisants en rendant donc un de grand services aux patients.<\/span><\/p>\n<span style=\"font-weight: 400;\">Par leurs \u00e9tats de surface, leurs formes, les implants en titane s\u2019accrochent dans des os de tr\u00e8s faible densit\u00e9 qui sont consid\u00e9r\u00e9s en Dentisterie Biologique comme des NICOs.<\/span>\t\t\t\t\t\t\t\t<\/div>\n\t\t\t\t<\/div>\n\t\t\t\t\t<\/div>\n\t\t<\/div>\n\t\t\t\t\t<\/div>\n\t\t<\/section>\n\t\t\t\t<section class=\"elementor-section elementor-top-section elementor-element elementor-element-cee68c4 elementor-section-boxed elementor-section-height-default elementor-section-height-default\" data-id=\"cee68c4\" data-element_type=\"section\" data-e-type=\"section\" data-settings=\"{&quot;jet_parallax_layout_list&quot;:[]}\">\n\t\t\t\t\t\t<div class=\"elementor-container elementor-column-gap-default\">\n\t\t\t\t\t<div class=\"elementor-column elementor-col-50 elementor-top-column elementor-element elementor-element-0db0354\" data-id=\"0db0354\" data-element_type=\"column\" data-e-type=\"column\">\n\t\t\t<div class=\"elementor-widget-wrap elementor-element-populated\">\n\t\t\t\t\t\t<div class=\"elementor-element elementor-element-31821de elementor-widget elementor-widget-image\" data-id=\"31821de\" data-element_type=\"widget\" data-e-type=\"widget\" data-widget_type=\"image.default\">\n\t\t\t\t<div class=\"elementor-widget-container\">\n\t\t\t\t\t\t\t\t\t\t\t\t\t\t\t<img fetchpriority=\"high\" decoding=\"async\" width=\"445\" height=\"490\" src=\"https:\/\/www.feinsinn-zahngesundheit.ch\/wp-content\/uploads\/2023\/07\/illus-zircone.jpg\" class=\"attachment-large size-large wp-image-3481\" alt=\"\" srcset=\"https:\/\/www.feinsinn-zahngesundheit.ch\/wp-content\/uploads\/2023\/07\/illus-zircone.jpg 445w, https:\/\/www.feinsinn-zahngesundheit.ch\/wp-content\/uploads\/2023\/07\/illus-zircone-272x300.jpg 272w, https:\/\/www.feinsinn-zahngesundheit.ch\/wp-content\/uploads\/2023\/07\/illus-zircone-11x12.jpg 11w\" sizes=\"(max-width: 445px) 100vw, 445px\" \/>\t\t\t\t\t\t\t\t\t\t\t\t\t\t\t<\/div>\n\t\t\t\t<\/div>\n\t\t\t\t<div class=\"elementor-element elementor-element-a4a441c elementor-hidden-mobile elementor-widget elementor-widget-image\" data-id=\"a4a441c\" data-element_type=\"widget\" data-e-type=\"widget\" data-widget_type=\"image.default\">\n\t\t\t\t<div class=\"elementor-widget-container\">\n\t\t\t\t\t\t\t\t\t\t\t\t\t\t\t<img decoding=\"async\" width=\"640\" height=\"359\" src=\"https:\/\/www.feinsinn-zahngesundheit.ch\/wp-content\/uploads\/2023\/07\/implatz.jpg\" class=\"attachment-large size-large wp-image-3482\" alt=\"\" srcset=\"https:\/\/www.feinsinn-zahngesundheit.ch\/wp-content\/uploads\/2023\/07\/implatz.jpg 849w, https:\/\/www.feinsinn-zahngesundheit.ch\/wp-content\/uploads\/2023\/07\/implatz-300x168.jpg 300w, https:\/\/www.feinsinn-zahngesundheit.ch\/wp-content\/uploads\/2023\/07\/implatz-768x431.jpg 768w, https:\/\/www.feinsinn-zahngesundheit.ch\/wp-content\/uploads\/2023\/07\/implatz-18x10.jpg 18w\" sizes=\"(max-width: 640px) 100vw, 640px\" \/>\t\t\t\t\t\t\t\t\t\t\t\t\t\t\t<\/div>\n\t\t\t\t<\/div>\n\t\t\t\t\t<\/div>\n\t\t<\/div>\n\t\t\t\t<div class=\"elementor-column elementor-col-50 elementor-top-column elementor-element elementor-element-d5060bd\" data-id=\"d5060bd\" data-element_type=\"column\" data-e-type=\"column\">\n\t\t\t<div class=\"elementor-widget-wrap elementor-element-populated\">\n\t\t\t\t\t\t<div class=\"elementor-element elementor-element-7f0e8d3 elementor-widget elementor-widget-heading\" data-id=\"7f0e8d3\" data-element_type=\"widget\" data-e-type=\"widget\" data-widget_type=\"heading.default\">\n\t\t\t\t<div class=\"elementor-widget-container\">\n\t\t\t\t\t<h2 class=\"elementor-heading-title elementor-size-xl\">Pourquoi se tourner vers des implants en zircone ? <\/h2>\t\t\t\t<\/div>\n\t\t\t\t<\/div>\n\t\t\t\t<div class=\"elementor-element elementor-element-558fa9f elementor-widget-divider--view-line elementor-widget elementor-widget-divider\" data-id=\"558fa9f\" data-element_type=\"widget\" data-e-type=\"widget\" data-widget_type=\"divider.default\">\n\t\t\t\t<div class=\"elementor-widget-container\">\n\t\t\t\t\t\t\t<div class=\"elementor-divider\">\n\t\t\t<span class=\"elementor-divider-separator\">\n\t\t\t\t\t\t<\/span>\n\t\t<\/div>\n\t\t\t\t\t\t<\/div>\n\t\t\t\t<\/div>\n\t\t\t\t<div class=\"elementor-element elementor-element-7cbef0a elementor-widget elementor-widget-text-editor\" data-id=\"7cbef0a\" data-element_type=\"widget\" data-e-type=\"widget\" data-widget_type=\"text-editor.default\">\n\t\t\t\t<div class=\"elementor-widget-container\">\n\t\t\t\t\t\t\t\t\t<p><span style=\"font-weight: 400;\">Lors de mise en place d\u2019implants en titane, il semble que de l\u2019oxyde de titane s\u2019\u00e9chappe et peut se retrouver fix\u00e9 dans l\u2019os autour de la zone implant\u00e9e et provoquer une alt\u00e9ration de nos cellules de d\u00e9fense.<\/span><\/p><p><span style=\"font-weight: 400;\">Dans notre vie quotidienne, nous retrouvons de l\u2019oxyde de titane dans \u00e9norm\u00e9ment de domaines qui nous touchent comme l\u2019alimentation, les v\u00eatements, etc&#8230;<\/span><\/p><p><span style=\"font-weight: 400;\">A l\u2019image du gluten, il pourrait exister un seuil d\u2019intol\u00e9rance \u00e0 l\u2019oxyde de titane ce qui pourrait expliquer certains \u00e9checs actuels avec les implants en titane. Quant \u00e0 la l\u2019osteointegration, il s\u2019agit en r\u00e9alit\u00e9 d\u2019un ph\u00e9nom\u00e8ne d\u2019isolement de l\u2019implant, consid\u00e9r\u00e9 comme un corps \u00e9tranger par le syst\u00e8me immunitaire.<\/span><\/p><p><span style=\"font-weight: 400;\">L\u2019implant en Zircone lui ne cicatrisera que dans un os devenu parfaitement sain, ce qui est le but de nos traitements int\u00e9gratifs et, \u00e0 priori, le sens de votre d\u00e9marche en venant chez nous.<\/span><\/p><p><span style=\"font-weight: 400;\">Gr\u00e2ce aux \u00e9volutions technologiques et \u00e0 sa mise en \u0153uvre, la zircone en implantologie est devenu un mat\u00e9riau de choix. Sa couleur blanche est un plus esth\u00e9tique et nous constatons une qualit\u00e9 d\u2019adaptation de la gencive sur la Zircone extr\u00eamement satisfaisante. Sa neutralit\u00e9 est particuli\u00e8rement int\u00e9ressante pour les personnes \u00e9lectrosensibles. Le d\u00e9veloppement des r\u00e9seaux 3 G, puis 4 G et maintenant 5 G est une raison, en dentisterie biologique, pour \u00e9viter tout m\u00e9tal en bouche.<\/span><\/p><p><span style=\"font-weight: 400;\">L\u2019objectivit\u00e9 nous oblige \u00e0 \u00e9crire que le titane par son utilisation depuis les ann\u00e9es 1980 poss\u00e8de un recul clinique avec lequel la zircone implantaire ne peut pas encore aujourd\u2019hui rivaliser.<\/span><\/p><p><span style=\"font-weight: 400;\">Il est particuli\u00e8rement important dans le cadre de l\u2019utilisation de ces implants de ma\u00eetriser des param\u00e8tres biologiques comme le taux de Vit D3 (70 \u00e0 100mg\/l), le LDL cholest\u00e9rol (inf\u00e9rieur \u00e0 1.40).<\/span><\/p><p><span style=\"font-weight: 400;\">Nous nous sommes sp\u00e9cialis\u00e9s dans la mise en \u0153uvre des implants en Zircone qui demande une approche diff\u00e9rente de celle des implants en titane.<\/span><\/p>\t\t\t\t\t\t\t\t<\/div>\n\t\t\t\t<\/div>\n\t\t\t\t\t<\/div>\n\t\t<\/div>\n\t\t\t\t\t<\/div>\n\t\t<\/section>\n\t\t\t\t<\/div>\n\t\t","protected":false},"excerpt":{"rendered":"<p>Depuis les ann\u00e9es 90, les nouvelles proc\u00e9dures chirurgicales, les nouveaux \u00e9tats de surface implantaires ont permis de poser des centaines de milliers d\u2019implants en titane dans des os de qualit\u00e9 tr\u00e8s moyenne et d\u2019obtenir des r\u00e9sultats cliniques tr\u00e8s satisfaisants en rendant donc un de grand services aux patients. Par leurs \u00e9tats de surface, leurs formes, <\/p>\n","protected":false},"author":1,"featured_media":3461,"parent":3452,"menu_order":0,"comment_status":"closed","ping_status":"closed","template":"elementor_header_footer","meta":{"footnotes":""},"class_list":["post-2503","page","type-page","status-publish","has-post-thumbnail","hentry"],"acf":[],"yoast_head":"<!-- This site is optimized with the Yoast SEO plugin v27.3 - https:\/\/yoast.com\/product\/yoast-seo-wordpress\/ -->\n<title>Implant en zircone - Feinsinn<\/title>\n<meta name=\"description\" content=\"L&#039;implant en zircone est un implant qui compte remplacer le titane. D\u00e9couvrez tout ses avantages et ses bienfaits pour les dents environnantes.\" \/>\n<meta name=\"robots\" content=\"index, follow, max-snippet:-1, max-image-preview:large, max-video-preview:-1\" \/>\n<link rel=\"canonical\" href=\"https:\/\/www.feinsinn-zahngesundheit.ch\/fr\/les-traitements\/les-implants\/implant-en-zircone\/\" \/>\n<meta property=\"og:locale\" content=\"fr_FR\" \/>\n<meta property=\"og:type\" content=\"article\" \/>\n<meta property=\"og:title\" content=\"Implant en zircone - Feinsinn\" \/>\n<meta property=\"og:description\" content=\"L&#039;implant en zircone est un implant qui compte remplacer le titane. D\u00e9couvrez tout ses avantages et ses bienfaits pour les dents environnantes.\" \/>\n<meta property=\"og:url\" content=\"https:\/\/www.feinsinn-zahngesundheit.ch\/fr\/les-traitements\/les-implants\/implant-en-zircone\/\" \/>\n<meta property=\"og:site_name\" content=\"Feinsinn\" \/>\n<meta property=\"article:modified_time\" content=\"2024-07-15T07:25:29+00:00\" \/>\n<meta property=\"og:image\" content=\"https:\/\/www.feinsinn-zahngesundheit.ch\/wp-content\/uploads\/2023\/07\/bandeau-implants.jpg\" \/>\n\t<meta property=\"og:image:width\" content=\"1920\" \/>\n\t<meta property=\"og:image:height\" content=\"300\" \/>\n\t<meta property=\"og:image:type\" content=\"image\/jpeg\" \/>\n<meta name=\"twitter:card\" content=\"summary_large_image\" \/>\n<meta name=\"twitter:label1\" content=\"Dur\u00e9e de lecture estim\u00e9e\" \/>\n\t<meta name=\"twitter:data1\" content=\"3 minutes\" \/>\n<script type=\"application\/ld+json\" class=\"yoast-schema-graph\">{\"@context\":\"https:\\\/\\\/schema.org\",\"@graph\":[{\"@type\":\"WebPage\",\"@id\":\"https:\\\/\\\/www.feinsinn-zahngesundheit.ch\\\/les-traitements\\\/les-implants\\\/implant-en-zircone\\\/\",\"url\":\"https:\\\/\\\/www.feinsinn-zahngesundheit.ch\\\/les-traitements\\\/les-implants\\\/implant-en-zircone\\\/\",\"name\":\"Implant en zircone - Feinsinn\",\"isPartOf\":{\"@id\":\"https:\\\/\\\/www.feinsinn-zahngesundheit.ch\\\/#website\"},\"primaryImageOfPage\":{\"@id\":\"https:\\\/\\\/www.feinsinn-zahngesundheit.ch\\\/les-traitements\\\/les-implants\\\/implant-en-zircone\\\/#primaryimage\"},\"image\":{\"@id\":\"https:\\\/\\\/www.feinsinn-zahngesundheit.ch\\\/les-traitements\\\/les-implants\\\/implant-en-zircone\\\/#primaryimage\"},\"thumbnailUrl\":\"https:\\\/\\\/www.feinsinn-zahngesundheit.ch\\\/wp-content\\\/uploads\\\/2023\\\/07\\\/bandeau-implants.jpg\",\"datePublished\":\"2023-06-19T09:42:40+00:00\",\"dateModified\":\"2024-07-15T07:25:29+00:00\",\"description\":\"L'implant en zircone est un implant qui compte remplacer le titane. D\u00e9couvrez tout ses avantages et ses bienfaits pour les dents environnantes.\",\"breadcrumb\":{\"@id\":\"https:\\\/\\\/www.feinsinn-zahngesundheit.ch\\\/les-traitements\\\/les-implants\\\/implant-en-zircone\\\/#breadcrumb\"},\"inLanguage\":\"fr-FR\",\"potentialAction\":[{\"@type\":\"ReadAction\",\"target\":[\"https:\\\/\\\/www.feinsinn-zahngesundheit.ch\\\/les-traitements\\\/les-implants\\\/implant-en-zircone\\\/\"]}]},{\"@type\":\"ImageObject\",\"inLanguage\":\"fr-FR\",\"@id\":\"https:\\\/\\\/www.feinsinn-zahngesundheit.ch\\\/les-traitements\\\/les-implants\\\/implant-en-zircone\\\/#primaryimage\",\"url\":\"https:\\\/\\\/www.feinsinn-zahngesundheit.ch\\\/wp-content\\\/uploads\\\/2023\\\/07\\\/bandeau-implants.jpg\",\"contentUrl\":\"https:\\\/\\\/www.feinsinn-zahngesundheit.ch\\\/wp-content\\\/uploads\\\/2023\\\/07\\\/bandeau-implants.jpg\",\"width\":1920,\"height\":300},{\"@type\":\"BreadcrumbList\",\"@id\":\"https:\\\/\\\/www.feinsinn-zahngesundheit.ch\\\/les-traitements\\\/les-implants\\\/implant-en-zircone\\\/#breadcrumb\",\"itemListElement\":[{\"@type\":\"ListItem\",\"position\":1,\"name\":\"Home\",\"item\":\"https:\\\/\\\/www.feinsinn-zahngesundheit.ch\\\/\"},{\"@type\":\"ListItem\",\"position\":2,\"name\":\"Les traitements\",\"item\":\"https:\\\/\\\/www.feinsinn-zahngesundheit.ch\\\/les-traitements\\\/\"},{\"@type\":\"ListItem\",\"position\":3,\"name\":\"Les implants\",\"item\":\"https:\\\/\\\/www.feinsinn-zahngesundheit.ch\\\/les-traitements\\\/les-implants\\\/\"},{\"@type\":\"ListItem\",\"position\":4,\"name\":\"Implant en zircone\"}]},{\"@type\":\"WebSite\",\"@id\":\"https:\\\/\\\/www.feinsinn-zahngesundheit.ch\\\/#website\",\"url\":\"https:\\\/\\\/www.feinsinn-zahngesundheit.ch\\\/\",\"name\":\"Feinsinn\",\"description\":\"\",\"publisher\":{\"@id\":\"https:\\\/\\\/www.feinsinn-zahngesundheit.ch\\\/#organization\"},\"potentialAction\":[{\"@type\":\"SearchAction\",\"target\":{\"@type\":\"EntryPoint\",\"urlTemplate\":\"https:\\\/\\\/www.feinsinn-zahngesundheit.ch\\\/?s={search_term_string}\"},\"query-input\":{\"@type\":\"PropertyValueSpecification\",\"valueRequired\":true,\"valueName\":\"search_term_string\"}}],\"inLanguage\":\"fr-FR\"},{\"@type\":\"Organization\",\"@id\":\"https:\\\/\\\/www.feinsinn-zahngesundheit.ch\\\/#organization\",\"name\":\"Feinsinn\",\"url\":\"https:\\\/\\\/www.feinsinn-zahngesundheit.ch\\\/\",\"logo\":{\"@type\":\"ImageObject\",\"inLanguage\":\"fr-FR\",\"@id\":\"https:\\\/\\\/www.feinsinn-zahngesundheit.ch\\\/#\\\/schema\\\/logo\\\/image\\\/\",\"url\":\"https:\\\/\\\/www.feinsinn-zahngesundheit.ch\\\/wp-content\\\/uploads\\\/2023\\\/06\\\/logo_feinsinn_rvb.png\",\"contentUrl\":\"https:\\\/\\\/www.feinsinn-zahngesundheit.ch\\\/wp-content\\\/uploads\\\/2023\\\/06\\\/logo_feinsinn_rvb.png\",\"width\":1000,\"height\":335,\"caption\":\"Feinsinn\"},\"image\":{\"@id\":\"https:\\\/\\\/www.feinsinn-zahngesundheit.ch\\\/#\\\/schema\\\/logo\\\/image\\\/\"}}]}<\/script>\n<!-- \/ Yoast SEO plugin. -->","yoast_head_json":{"title":"Implant en zircone - Feinsinn","description":"L'implant en zircone est un implant qui compte remplacer le titane. D\u00e9couvrez tout ses avantages et ses bienfaits pour les dents environnantes.","robots":{"index":"index","follow":"follow","max-snippet":"max-snippet:-1","max-image-preview":"max-image-preview:large","max-video-preview":"max-video-preview:-1"},"canonical":"https:\/\/www.feinsinn-zahngesundheit.ch\/fr\/les-traitements\/les-implants\/implant-en-zircone\/","og_locale":"fr_FR","og_type":"article","og_title":"Implant en zircone - Feinsinn","og_description":"L'implant en zircone est un implant qui compte remplacer le titane. D\u00e9couvrez tout ses avantages et ses bienfaits pour les dents environnantes.","og_url":"https:\/\/www.feinsinn-zahngesundheit.ch\/fr\/les-traitements\/les-implants\/implant-en-zircone\/","og_site_name":"Feinsinn","article_modified_time":"2024-07-15T07:25:29+00:00","og_image":[{"width":1920,"height":300,"url":"https:\/\/www.feinsinn-zahngesundheit.ch\/wp-content\/uploads\/2023\/07\/bandeau-implants.jpg","type":"image\/jpeg"}],"twitter_card":"summary_large_image","twitter_misc":{"Dur\u00e9e de lecture estim\u00e9e":"3 minutes"},"schema":{"@context":"https:\/\/schema.org","@graph":[{"@type":"WebPage","@id":"https:\/\/www.feinsinn-zahngesundheit.ch\/les-traitements\/les-implants\/implant-en-zircone\/","url":"https:\/\/www.feinsinn-zahngesundheit.ch\/les-traitements\/les-implants\/implant-en-zircone\/","name":"Implant en zircone - Feinsinn","isPartOf":{"@id":"https:\/\/www.feinsinn-zahngesundheit.ch\/#website"},"primaryImageOfPage":{"@id":"https:\/\/www.feinsinn-zahngesundheit.ch\/les-traitements\/les-implants\/implant-en-zircone\/#primaryimage"},"image":{"@id":"https:\/\/www.feinsinn-zahngesundheit.ch\/les-traitements\/les-implants\/implant-en-zircone\/#primaryimage"},"thumbnailUrl":"https:\/\/www.feinsinn-zahngesundheit.ch\/wp-content\/uploads\/2023\/07\/bandeau-implants.jpg","datePublished":"2023-06-19T09:42:40+00:00","dateModified":"2024-07-15T07:25:29+00:00","description":"L'implant en zircone est un implant qui compte remplacer le titane. D\u00e9couvrez tout ses avantages et ses bienfaits pour les dents environnantes.","breadcrumb":{"@id":"https:\/\/www.feinsinn-zahngesundheit.ch\/les-traitements\/les-implants\/implant-en-zircone\/#breadcrumb"},"inLanguage":"fr-FR","potentialAction":[{"@type":"ReadAction","target":["https:\/\/www.feinsinn-zahngesundheit.ch\/les-traitements\/les-implants\/implant-en-zircone\/"]}]},{"@type":"ImageObject","inLanguage":"fr-FR","@id":"https:\/\/www.feinsinn-zahngesundheit.ch\/les-traitements\/les-implants\/implant-en-zircone\/#primaryimage","url":"https:\/\/www.feinsinn-zahngesundheit.ch\/wp-content\/uploads\/2023\/07\/bandeau-implants.jpg","contentUrl":"https:\/\/www.feinsinn-zahngesundheit.ch\/wp-content\/uploads\/2023\/07\/bandeau-implants.jpg","width":1920,"height":300},{"@type":"BreadcrumbList","@id":"https:\/\/www.feinsinn-zahngesundheit.ch\/les-traitements\/les-implants\/implant-en-zircone\/#breadcrumb","itemListElement":[{"@type":"ListItem","position":1,"name":"Home","item":"https:\/\/www.feinsinn-zahngesundheit.ch\/"},{"@type":"ListItem","position":2,"name":"Les traitements","item":"https:\/\/www.feinsinn-zahngesundheit.ch\/les-traitements\/"},{"@type":"ListItem","position":3,"name":"Les implants","item":"https:\/\/www.feinsinn-zahngesundheit.ch\/les-traitements\/les-implants\/"},{"@type":"ListItem","position":4,"name":"Implant en zircone"}]},{"@type":"WebSite","@id":"https:\/\/www.feinsinn-zahngesundheit.ch\/#website","url":"https:\/\/www.feinsinn-zahngesundheit.ch\/","name":"Feinsinn","description":"","publisher":{"@id":"https:\/\/www.feinsinn-zahngesundheit.ch\/#organization"},"potentialAction":[{"@type":"SearchAction","target":{"@type":"EntryPoint","urlTemplate":"https:\/\/www.feinsinn-zahngesundheit.ch\/?s={search_term_string}"},"query-input":{"@type":"PropertyValueSpecification","valueRequired":true,"valueName":"search_term_string"}}],"inLanguage":"fr-FR"},{"@type":"Organization","@id":"https:\/\/www.feinsinn-zahngesundheit.ch\/#organization","name":"Feinsinn","url":"https:\/\/www.feinsinn-zahngesundheit.ch\/","logo":{"@type":"ImageObject","inLanguage":"fr-FR","@id":"https:\/\/www.feinsinn-zahngesundheit.ch\/#\/schema\/logo\/image\/","url":"https:\/\/www.feinsinn-zahngesundheit.ch\/wp-content\/uploads\/2023\/06\/logo_feinsinn_rvb.png","contentUrl":"https:\/\/www.feinsinn-zahngesundheit.ch\/wp-content\/uploads\/2023\/06\/logo_feinsinn_rvb.png","width":1000,"height":335,"caption":"Feinsinn"},"image":{"@id":"https:\/\/www.feinsinn-zahngesundheit.ch\/#\/schema\/logo\/image\/"}}]}},"_links":{"self":[{"href":"https:\/\/www.feinsinn-zahngesundheit.ch\/fr\/wp-json\/wp\/v2\/pages\/2503","targetHints":{"allow":["GET"]}}],"collection":[{"href":"https:\/\/www.feinsinn-zahngesundheit.ch\/fr\/wp-json\/wp\/v2\/pages"}],"about":[{"href":"https:\/\/www.feinsinn-zahngesundheit.ch\/fr\/wp-json\/wp\/v2\/types\/page"}],"author":[{"embeddable":true,"href":"https:\/\/www.feinsinn-zahngesundheit.ch\/fr\/wp-json\/wp\/v2\/users\/1"}],"replies":[{"embeddable":true,"href":"https:\/\/www.feinsinn-zahngesundheit.ch\/fr\/wp-json\/wp\/v2\/comments?post=2503"}],"version-history":[{"count":20,"href":"https:\/\/www.feinsinn-zahngesundheit.ch\/fr\/wp-json\/wp\/v2\/pages\/2503\/revisions"}],"predecessor-version":[{"id":4293,"href":"https:\/\/www.feinsinn-zahngesundheit.ch\/fr\/wp-json\/wp\/v2\/pages\/2503\/revisions\/4293"}],"up":[{"embeddable":true,"href":"https:\/\/www.feinsinn-zahngesundheit.ch\/fr\/wp-json\/wp\/v2\/pages\/3452"}],"wp:featuredmedia":[{"embeddable":true,"href":"https:\/\/www.feinsinn-zahngesundheit.ch\/fr\/wp-json\/wp\/v2\/media\/3461"}],"wp:attachment":[{"href":"https:\/\/www.feinsinn-zahngesundheit.ch\/fr\/wp-json\/wp\/v2\/media?parent=2503"}],"curies":[{"name":"wp","href":"https:\/\/api.w.org\/{rel}","templated":true}]}}