{"id":2553,"date":"2023-06-19T11:56:33","date_gmt":"2023-06-19T09:56:33","guid":{"rendered":"https:\/\/feinsinn.ukoo.hosting\/?page_id=2553"},"modified":"2024-07-15T09:28:47","modified_gmt":"2024-07-15T07:28:47","slug":"neuro-musculaire","status":"publish","type":"page","link":"https:\/\/www.feinsinn-zahngesundheit.ch\/fr\/dentisterie-biologique\/autres-traitements\/neuro-musculaire\/","title":{"rendered":"Neuro-musculaire"},"content":{"rendered":"\t\t<div data-elementor-type=\"wp-page\" data-elementor-id=\"2553\" class=\"elementor elementor-2553\" data-elementor-post-type=\"page\">\n\t\t\t\t\t\t<section class=\"elementor-section elementor-top-section elementor-element elementor-element-bded614 elementor-section-height-min-height elementor-section-boxed elementor-section-height-default elementor-section-items-middle\" data-id=\"bded614\" data-element_type=\"section\" data-e-type=\"section\" data-settings=\"{&quot;background_background&quot;:&quot;classic&quot;,&quot;jet_parallax_layout_list&quot;:[]}\">\n\t\t\t\t\t\t<div class=\"elementor-container elementor-column-gap-default\">\n\t\t\t\t\t<div class=\"elementor-column elementor-col-100 elementor-top-column elementor-element elementor-element-6f99f79e\" data-id=\"6f99f79e\" data-element_type=\"column\" data-e-type=\"column\">\n\t\t\t<div class=\"elementor-widget-wrap elementor-element-populated\">\n\t\t\t\t\t\t<div class=\"elementor-element elementor-element-6f5e7ea2 elementor-widget elementor-widget-breadcrumbs\" data-id=\"6f5e7ea2\" data-element_type=\"widget\" data-e-type=\"widget\" data-widget_type=\"breadcrumbs.default\">\n\t\t\t\t<div class=\"elementor-widget-container\">\n\t\t\t\t\t<p id=\"breadcrumbs\"><span><span><a href=\"https:\/\/www.feinsinn-zahngesundheit.ch\/\">Home<\/a><\/span><\/span><\/p>\t\t\t\t<\/div>\n\t\t\t\t<\/div>\n\t\t\t\t\t<\/div>\n\t\t<\/div>\n\t\t\t\t\t<\/div>\n\t\t<\/section>\n\t\t\t\t<section class=\"elementor-section elementor-top-section elementor-element elementor-element-f8c65e1 elementor-section-boxed elementor-section-height-default elementor-section-height-default\" data-id=\"f8c65e1\" data-element_type=\"section\" data-e-type=\"section\" data-settings=\"{&quot;jet_parallax_layout_list&quot;:[]}\">\n\t\t\t\t\t\t<div class=\"elementor-container elementor-column-gap-default\">\n\t\t\t\t\t<div class=\"elementor-column elementor-col-100 elementor-top-column elementor-element elementor-element-5b895f6\" data-id=\"5b895f6\" data-element_type=\"column\" data-e-type=\"column\">\n\t\t\t<div class=\"elementor-widget-wrap elementor-element-populated\">\n\t\t\t\t\t\t\t<\/div>\n\t\t<\/div>\n\t\t\t\t\t<\/div>\n\t\t<\/section>\n\t\t\t\t<section class=\"elementor-section elementor-top-section elementor-element elementor-element-4feb3b5 elementor-reverse-tablet elementor-reverse-mobile elementor-section-boxed elementor-section-height-default elementor-section-height-default\" data-id=\"4feb3b5\" data-element_type=\"section\" data-e-type=\"section\" data-settings=\"{&quot;jet_parallax_layout_list&quot;:[]}\">\n\t\t\t\t\t\t<div class=\"elementor-container elementor-column-gap-default\">\n\t\t\t\t\t<div class=\"elementor-column elementor-col-50 elementor-top-column elementor-element elementor-element-15e070b\" data-id=\"15e070b\" data-element_type=\"column\" data-e-type=\"column\">\n\t\t\t<div class=\"elementor-widget-wrap elementor-element-populated\">\n\t\t\t\t\t\t<div class=\"elementor-element elementor-element-1603f12 elementor-widget elementor-widget-image\" data-id=\"1603f12\" data-element_type=\"widget\" data-e-type=\"widget\" data-widget_type=\"image.default\">\n\t\t\t\t<div class=\"elementor-widget-container\">\n\t\t\t\t\t\t\t\t\t\t\t\t\t\t\t<img fetchpriority=\"high\" decoding=\"async\" width=\"640\" height=\"356\" src=\"https:\/\/www.feinsinn-zahngesundheit.ch\/wp-content\/uploads\/2023\/07\/mal-de-dents-1.jpeg\" class=\"attachment-large size-large wp-image-3608\" alt=\"\" srcset=\"https:\/\/www.feinsinn-zahngesundheit.ch\/wp-content\/uploads\/2023\/07\/mal-de-dents-1.jpeg 640w, https:\/\/www.feinsinn-zahngesundheit.ch\/wp-content\/uploads\/2023\/07\/mal-de-dents-1-300x167.jpeg 300w, https:\/\/www.feinsinn-zahngesundheit.ch\/wp-content\/uploads\/2023\/07\/mal-de-dents-1-18x10.jpeg 18w\" sizes=\"(max-width: 640px) 100vw, 640px\" \/>\t\t\t\t\t\t\t\t\t\t\t\t\t\t\t<\/div>\n\t\t\t\t<\/div>\n\t\t\t\t\t<\/div>\n\t\t<\/div>\n\t\t\t\t<div class=\"elementor-column elementor-col-50 elementor-top-column elementor-element elementor-element-b196a67\" data-id=\"b196a67\" data-element_type=\"column\" data-e-type=\"column\">\n\t\t\t<div class=\"elementor-widget-wrap elementor-element-populated\">\n\t\t\t\t\t\t<div class=\"elementor-element elementor-element-b6ded22 elementor-widget elementor-widget-heading\" data-id=\"b6ded22\" data-element_type=\"widget\" data-e-type=\"widget\" data-widget_type=\"heading.default\">\n\t\t\t\t<div class=\"elementor-widget-container\">\n\t\t\t\t\t<h2 class=\"elementor-heading-title elementor-size-xl\">Le repos musculaire<\/h2>\t\t\t\t<\/div>\n\t\t\t\t<\/div>\n\t\t\t\t<div class=\"elementor-element elementor-element-a70da54 elementor-widget-divider--view-line elementor-widget elementor-widget-divider\" data-id=\"a70da54\" data-element_type=\"widget\" data-e-type=\"widget\" data-widget_type=\"divider.default\">\n\t\t\t\t<div class=\"elementor-widget-container\">\n\t\t\t\t\t\t\t<div class=\"elementor-divider\">\n\t\t\t<span class=\"elementor-divider-separator\">\n\t\t\t\t\t\t<\/span>\n\t\t<\/div>\n\t\t\t\t\t\t<\/div>\n\t\t\t\t<\/div>\n\t\t\t\t<div class=\"elementor-element elementor-element-d948e79 elementor-widget elementor-widget-text-editor\" data-id=\"d948e79\" data-element_type=\"widget\" data-e-type=\"widget\" data-widget_type=\"text-editor.default\">\n\t\t\t\t<div class=\"elementor-widget-container\">\n\t\t\t\t\t\t\t\t\t<p style=\"font-family: var(--headingFontfamily);\n    font-weight: bold;font-size: 1.5rem;margin-top: 0;\n    margin-bottom: 0.5rem;\n    font-weight: 500;\n    line-height: 1.2;\"><span style=\"font-weight: 400;\">Un mauvais positionnement de la m\u00e2choire inf\u00e9rieure par rapport \u00e0 la m\u00e2choire sup\u00e9rieure peut entra\u00eener une tension permanente des muscles masticateurs. Ceci se voit en particulier chez les patients avec de fortes usures dentaires.<\/span><\/p>\nCette absence de repos musculaire peut causer des migraines, des maux de t\u00eates, des acouph\u00e8nes, des vertiges, des douleurs \u00e0 la nuque, des douleurs cervicales, des sensations de fourmillement au niveau des bras ou des mains. Nous pouvons, par l\u2019utilisation de technologies informatiques avanc\u00e9es, retrouver, avec pr\u00e9cision, la position de repos musculaire qui permet \u00e0 vos muscles de se reposer. Le transfert de ces donn\u00e9es sur des mod\u00e8les permet, avec la collaboration du proth\u00e9siste, de visualiser quels ajouts cosm\u00e9tiques il est n\u00e9cessaire de poser sur vos dents pour maintenir dans le temps cette position relaxante et reposante pour vos muscles masticateur et donc pour votre corps entier.\t\t\t\t\t\t\t\t<\/div>\n\t\t\t\t<\/div>\n\t\t\t\t\t<\/div>\n\t\t<\/div>\n\t\t\t\t\t<\/div>\n\t\t<\/section>\n\t\t\t\t<\/div>\n\t\t","protected":false},"excerpt":{"rendered":"<p>Le repos musculaire Un mauvais positionnement de la m\u00e2choire inf\u00e9rieure par rapport \u00e0 la m\u00e2choire sup\u00e9rieure peut entra\u00eener une tension permanente des muscles masticateurs. Ceci se voit en particulier chez les patients avec de fortes usures dentaires. Cette absence de repos musculaire peut causer des migraines, des maux de t\u00eates, des acouph\u00e8nes, des vertiges, des <\/p>\n","protected":false},"author":1,"featured_media":3427,"parent":3454,"menu_order":0,"comment_status":"closed","ping_status":"closed","template":"elementor_header_footer","meta":{"footnotes":""},"class_list":["post-2553","page","type-page","status-publish","has-post-thumbnail","hentry"],"acf":[],"yoast_head":"<!-- This site is optimized with the Yoast SEO plugin v27.3 - https:\/\/yoast.com\/product\/yoast-seo-wordpress\/ -->\n<title>Neuro-musculaire - Feinsinn<\/title>\n<meta name=\"description\" content=\"Les probl\u00e8mes neuro-musculaire concerne le positionnement de la m\u00e2choire et la tension de ses muscles. Notre cabinet utilise une technologie pour les rep\u00e9rer.\" \/>\n<meta name=\"robots\" content=\"index, follow, max-snippet:-1, max-image-preview:large, max-video-preview:-1\" \/>\n<link rel=\"canonical\" href=\"https:\/\/www.feinsinn-zahngesundheit.ch\/fr\/dentisterie-biologique\/autres-traitements\/neuro-musculaire\/\" \/>\n<meta property=\"og:locale\" content=\"fr_FR\" \/>\n<meta property=\"og:type\" content=\"article\" \/>\n<meta property=\"og:title\" content=\"Neuro-musculaire - Feinsinn\" \/>\n<meta property=\"og:description\" content=\"Les probl\u00e8mes neuro-musculaire concerne le positionnement de la m\u00e2choire et la tension de ses muscles. Notre cabinet utilise une technologie pour les rep\u00e9rer.\" \/>\n<meta property=\"og:url\" content=\"https:\/\/www.feinsinn-zahngesundheit.ch\/fr\/dentisterie-biologique\/autres-traitements\/neuro-musculaire\/\" \/>\n<meta property=\"og:site_name\" content=\"Feinsinn\" \/>\n<meta property=\"article:modified_time\" content=\"2024-07-15T07:28:47+00:00\" \/>\n<meta property=\"og:image\" content=\"https:\/\/www.feinsinn-zahngesundheit.ch\/wp-content\/uploads\/2023\/07\/bandeau-traitements.jpg\" \/>\n\t<meta property=\"og:image:width\" content=\"1920\" \/>\n\t<meta property=\"og:image:height\" content=\"300\" \/>\n\t<meta property=\"og:image:type\" content=\"image\/jpeg\" \/>\n<meta name=\"twitter:card\" content=\"summary_large_image\" \/>\n<meta name=\"twitter:label1\" content=\"Dur\u00e9e de lecture estim\u00e9e\" \/>\n\t<meta name=\"twitter:data1\" content=\"1 minute\" \/>\n<script type=\"application\/ld+json\" class=\"yoast-schema-graph\">{\"@context\":\"https:\\\/\\\/schema.org\",\"@graph\":[{\"@type\":\"WebPage\",\"@id\":\"https:\\\/\\\/www.feinsinn-zahngesundheit.ch\\\/dentisterie-biologique\\\/autres-traitements\\\/neuro-musculaire\\\/\",\"url\":\"https:\\\/\\\/www.feinsinn-zahngesundheit.ch\\\/dentisterie-biologique\\\/autres-traitements\\\/neuro-musculaire\\\/\",\"name\":\"Neuro-musculaire - Feinsinn\",\"isPartOf\":{\"@id\":\"https:\\\/\\\/www.feinsinn-zahngesundheit.ch\\\/#website\"},\"primaryImageOfPage\":{\"@id\":\"https:\\\/\\\/www.feinsinn-zahngesundheit.ch\\\/dentisterie-biologique\\\/autres-traitements\\\/neuro-musculaire\\\/#primaryimage\"},\"image\":{\"@id\":\"https:\\\/\\\/www.feinsinn-zahngesundheit.ch\\\/dentisterie-biologique\\\/autres-traitements\\\/neuro-musculaire\\\/#primaryimage\"},\"thumbnailUrl\":\"https:\\\/\\\/www.feinsinn-zahngesundheit.ch\\\/wp-content\\\/uploads\\\/2023\\\/07\\\/bandeau-traitements.jpg\",\"datePublished\":\"2023-06-19T09:56:33+00:00\",\"dateModified\":\"2024-07-15T07:28:47+00:00\",\"description\":\"Les probl\u00e8mes neuro-musculaire concerne le positionnement de la m\u00e2choire et la tension de ses muscles. Notre cabinet utilise une technologie pour les rep\u00e9rer.\",\"breadcrumb\":{\"@id\":\"https:\\\/\\\/www.feinsinn-zahngesundheit.ch\\\/dentisterie-biologique\\\/autres-traitements\\\/neuro-musculaire\\\/#breadcrumb\"},\"inLanguage\":\"fr-FR\",\"potentialAction\":[{\"@type\":\"ReadAction\",\"target\":[\"https:\\\/\\\/www.feinsinn-zahngesundheit.ch\\\/dentisterie-biologique\\\/autres-traitements\\\/neuro-musculaire\\\/\"]}]},{\"@type\":\"ImageObject\",\"inLanguage\":\"fr-FR\",\"@id\":\"https:\\\/\\\/www.feinsinn-zahngesundheit.ch\\\/dentisterie-biologique\\\/autres-traitements\\\/neuro-musculaire\\\/#primaryimage\",\"url\":\"https:\\\/\\\/www.feinsinn-zahngesundheit.ch\\\/wp-content\\\/uploads\\\/2023\\\/07\\\/bandeau-traitements.jpg\",\"contentUrl\":\"https:\\\/\\\/www.feinsinn-zahngesundheit.ch\\\/wp-content\\\/uploads\\\/2023\\\/07\\\/bandeau-traitements.jpg\",\"width\":1920,\"height\":300},{\"@type\":\"BreadcrumbList\",\"@id\":\"https:\\\/\\\/www.feinsinn-zahngesundheit.ch\\\/dentisterie-biologique\\\/autres-traitements\\\/neuro-musculaire\\\/#breadcrumb\",\"itemListElement\":[{\"@type\":\"ListItem\",\"position\":1,\"name\":\"Home\",\"item\":\"https:\\\/\\\/www.feinsinn-zahngesundheit.ch\\\/\"},{\"@type\":\"ListItem\",\"position\":2,\"name\":\"Medecine dentaire biologique int\u00e9grative\",\"item\":\"https:\\\/\\\/www.feinsinn-zahngesundheit.ch\\\/dentisterie-biologique\\\/\"},{\"@type\":\"ListItem\",\"position\":3,\"name\":\"Autres traitements\",\"item\":\"https:\\\/\\\/www.feinsinn-zahngesundheit.ch\\\/dentisterie-biologique\\\/autres-traitements\\\/\"},{\"@type\":\"ListItem\",\"position\":4,\"name\":\"Neuro-musculaire\"}]},{\"@type\":\"WebSite\",\"@id\":\"https:\\\/\\\/www.feinsinn-zahngesundheit.ch\\\/#website\",\"url\":\"https:\\\/\\\/www.feinsinn-zahngesundheit.ch\\\/\",\"name\":\"Feinsinn\",\"description\":\"\",\"publisher\":{\"@id\":\"https:\\\/\\\/www.feinsinn-zahngesundheit.ch\\\/#organization\"},\"potentialAction\":[{\"@type\":\"SearchAction\",\"target\":{\"@type\":\"EntryPoint\",\"urlTemplate\":\"https:\\\/\\\/www.feinsinn-zahngesundheit.ch\\\/?s={search_term_string}\"},\"query-input\":{\"@type\":\"PropertyValueSpecification\",\"valueRequired\":true,\"valueName\":\"search_term_string\"}}],\"inLanguage\":\"fr-FR\"},{\"@type\":\"Organization\",\"@id\":\"https:\\\/\\\/www.feinsinn-zahngesundheit.ch\\\/#organization\",\"name\":\"Feinsinn\",\"url\":\"https:\\\/\\\/www.feinsinn-zahngesundheit.ch\\\/\",\"logo\":{\"@type\":\"ImageObject\",\"inLanguage\":\"fr-FR\",\"@id\":\"https:\\\/\\\/www.feinsinn-zahngesundheit.ch\\\/#\\\/schema\\\/logo\\\/image\\\/\",\"url\":\"https:\\\/\\\/www.feinsinn-zahngesundheit.ch\\\/wp-content\\\/uploads\\\/2023\\\/06\\\/logo_feinsinn_rvb.png\",\"contentUrl\":\"https:\\\/\\\/www.feinsinn-zahngesundheit.ch\\\/wp-content\\\/uploads\\\/2023\\\/06\\\/logo_feinsinn_rvb.png\",\"width\":1000,\"height\":335,\"caption\":\"Feinsinn\"},\"image\":{\"@id\":\"https:\\\/\\\/www.feinsinn-zahngesundheit.ch\\\/#\\\/schema\\\/logo\\\/image\\\/\"}}]}<\/script>\n<!-- \/ Yoast SEO plugin. -->","yoast_head_json":{"title":"Neuro-musculaire - Feinsinn","description":"Les probl\u00e8mes neuro-musculaire concerne le positionnement de la m\u00e2choire et la tension de ses muscles. Notre cabinet utilise une technologie pour les rep\u00e9rer.","robots":{"index":"index","follow":"follow","max-snippet":"max-snippet:-1","max-image-preview":"max-image-preview:large","max-video-preview":"max-video-preview:-1"},"canonical":"https:\/\/www.feinsinn-zahngesundheit.ch\/fr\/dentisterie-biologique\/autres-traitements\/neuro-musculaire\/","og_locale":"fr_FR","og_type":"article","og_title":"Neuro-musculaire - Feinsinn","og_description":"Les probl\u00e8mes neuro-musculaire concerne le positionnement de la m\u00e2choire et la tension de ses muscles. Notre cabinet utilise une technologie pour les rep\u00e9rer.","og_url":"https:\/\/www.feinsinn-zahngesundheit.ch\/fr\/dentisterie-biologique\/autres-traitements\/neuro-musculaire\/","og_site_name":"Feinsinn","article_modified_time":"2024-07-15T07:28:47+00:00","og_image":[{"width":1920,"height":300,"url":"https:\/\/www.feinsinn-zahngesundheit.ch\/wp-content\/uploads\/2023\/07\/bandeau-traitements.jpg","type":"image\/jpeg"}],"twitter_card":"summary_large_image","twitter_misc":{"Dur\u00e9e de lecture estim\u00e9e":"1 minute"},"schema":{"@context":"https:\/\/schema.org","@graph":[{"@type":"WebPage","@id":"https:\/\/www.feinsinn-zahngesundheit.ch\/dentisterie-biologique\/autres-traitements\/neuro-musculaire\/","url":"https:\/\/www.feinsinn-zahngesundheit.ch\/dentisterie-biologique\/autres-traitements\/neuro-musculaire\/","name":"Neuro-musculaire - Feinsinn","isPartOf":{"@id":"https:\/\/www.feinsinn-zahngesundheit.ch\/#website"},"primaryImageOfPage":{"@id":"https:\/\/www.feinsinn-zahngesundheit.ch\/dentisterie-biologique\/autres-traitements\/neuro-musculaire\/#primaryimage"},"image":{"@id":"https:\/\/www.feinsinn-zahngesundheit.ch\/dentisterie-biologique\/autres-traitements\/neuro-musculaire\/#primaryimage"},"thumbnailUrl":"https:\/\/www.feinsinn-zahngesundheit.ch\/wp-content\/uploads\/2023\/07\/bandeau-traitements.jpg","datePublished":"2023-06-19T09:56:33+00:00","dateModified":"2024-07-15T07:28:47+00:00","description":"Les probl\u00e8mes neuro-musculaire concerne le positionnement de la m\u00e2choire et la tension de ses muscles. Notre cabinet utilise une technologie pour les rep\u00e9rer.","breadcrumb":{"@id":"https:\/\/www.feinsinn-zahngesundheit.ch\/dentisterie-biologique\/autres-traitements\/neuro-musculaire\/#breadcrumb"},"inLanguage":"fr-FR","potentialAction":[{"@type":"ReadAction","target":["https:\/\/www.feinsinn-zahngesundheit.ch\/dentisterie-biologique\/autres-traitements\/neuro-musculaire\/"]}]},{"@type":"ImageObject","inLanguage":"fr-FR","@id":"https:\/\/www.feinsinn-zahngesundheit.ch\/dentisterie-biologique\/autres-traitements\/neuro-musculaire\/#primaryimage","url":"https:\/\/www.feinsinn-zahngesundheit.ch\/wp-content\/uploads\/2023\/07\/bandeau-traitements.jpg","contentUrl":"https:\/\/www.feinsinn-zahngesundheit.ch\/wp-content\/uploads\/2023\/07\/bandeau-traitements.jpg","width":1920,"height":300},{"@type":"BreadcrumbList","@id":"https:\/\/www.feinsinn-zahngesundheit.ch\/dentisterie-biologique\/autres-traitements\/neuro-musculaire\/#breadcrumb","itemListElement":[{"@type":"ListItem","position":1,"name":"Home","item":"https:\/\/www.feinsinn-zahngesundheit.ch\/"},{"@type":"ListItem","position":2,"name":"Medecine dentaire biologique int\u00e9grative","item":"https:\/\/www.feinsinn-zahngesundheit.ch\/dentisterie-biologique\/"},{"@type":"ListItem","position":3,"name":"Autres traitements","item":"https:\/\/www.feinsinn-zahngesundheit.ch\/dentisterie-biologique\/autres-traitements\/"},{"@type":"ListItem","position":4,"name":"Neuro-musculaire"}]},{"@type":"WebSite","@id":"https:\/\/www.feinsinn-zahngesundheit.ch\/#website","url":"https:\/\/www.feinsinn-zahngesundheit.ch\/","name":"Feinsinn","description":"","publisher":{"@id":"https:\/\/www.feinsinn-zahngesundheit.ch\/#organization"},"potentialAction":[{"@type":"SearchAction","target":{"@type":"EntryPoint","urlTemplate":"https:\/\/www.feinsinn-zahngesundheit.ch\/?s={search_term_string}"},"query-input":{"@type":"PropertyValueSpecification","valueRequired":true,"valueName":"search_term_string"}}],"inLanguage":"fr-FR"},{"@type":"Organization","@id":"https:\/\/www.feinsinn-zahngesundheit.ch\/#organization","name":"Feinsinn","url":"https:\/\/www.feinsinn-zahngesundheit.ch\/","logo":{"@type":"ImageObject","inLanguage":"fr-FR","@id":"https:\/\/www.feinsinn-zahngesundheit.ch\/#\/schema\/logo\/image\/","url":"https:\/\/www.feinsinn-zahngesundheit.ch\/wp-content\/uploads\/2023\/06\/logo_feinsinn_rvb.png","contentUrl":"https:\/\/www.feinsinn-zahngesundheit.ch\/wp-content\/uploads\/2023\/06\/logo_feinsinn_rvb.png","width":1000,"height":335,"caption":"Feinsinn"},"image":{"@id":"https:\/\/www.feinsinn-zahngesundheit.ch\/#\/schema\/logo\/image\/"}}]}},"_links":{"self":[{"href":"https:\/\/www.feinsinn-zahngesundheit.ch\/fr\/wp-json\/wp\/v2\/pages\/2553","targetHints":{"allow":["GET"]}}],"collection":[{"href":"https:\/\/www.feinsinn-zahngesundheit.ch\/fr\/wp-json\/wp\/v2\/pages"}],"about":[{"href":"https:\/\/www.feinsinn-zahngesundheit.ch\/fr\/wp-json\/wp\/v2\/types\/page"}],"author":[{"embeddable":true,"href":"https:\/\/www.feinsinn-zahngesundheit.ch\/fr\/wp-json\/wp\/v2\/users\/1"}],"replies":[{"embeddable":true,"href":"https:\/\/www.feinsinn-zahngesundheit.ch\/fr\/wp-json\/wp\/v2\/comments?post=2553"}],"version-history":[{"count":18,"href":"https:\/\/www.feinsinn-zahngesundheit.ch\/fr\/wp-json\/wp\/v2\/pages\/2553\/revisions"}],"predecessor-version":[{"id":4305,"href":"https:\/\/www.feinsinn-zahngesundheit.ch\/fr\/wp-json\/wp\/v2\/pages\/2553\/revisions\/4305"}],"up":[{"embeddable":true,"href":"https:\/\/www.feinsinn-zahngesundheit.ch\/fr\/wp-json\/wp\/v2\/pages\/3454"}],"wp:featuredmedia":[{"embeddable":true,"href":"https:\/\/www.feinsinn-zahngesundheit.ch\/fr\/wp-json\/wp\/v2\/media\/3427"}],"wp:attachment":[{"href":"https:\/\/www.feinsinn-zahngesundheit.ch\/fr\/wp-json\/wp\/v2\/media?parent=2553"}],"curies":[{"name":"wp","href":"https:\/\/api.w.org\/{rel}","templated":true}]}}