{"id":3674,"date":"2023-07-04T10:50:45","date_gmt":"2023-07-04T08:50:45","guid":{"rendered":"https:\/\/feinsinn.ukoo.hosting\/?page_id=3674"},"modified":"2024-07-15T09:19:59","modified_gmt":"2024-07-15T07:19:59","slug":"contactez-nous-confirmation","status":"publish","type":"page","link":"https:\/\/www.feinsinn-zahngesundheit.ch\/fr\/contactez-nous-confirmation\/","title":{"rendered":"Contactez-nous : confirmation"},"content":{"rendered":"\t\t<div data-elementor-type=\"wp-page\" data-elementor-id=\"3674\" class=\"elementor elementor-3674\" data-elementor-post-type=\"page\">\n\t\t\t\t\t\t<section class=\"elementor-section elementor-top-section elementor-element elementor-element-d161cd3 elementor-section-boxed elementor-section-height-default elementor-section-height-default\" data-id=\"d161cd3\" data-element_type=\"section\" data-e-type=\"section\" data-settings=\"{&quot;background_background&quot;:&quot;classic&quot;,&quot;jet_parallax_layout_list&quot;:[]}\">\n\t\t\t\t\t\t<div class=\"elementor-container elementor-column-gap-default\">\n\t\t\t\t\t<div class=\"elementor-column elementor-col-100 elementor-top-column elementor-element elementor-element-52bbd69\" data-id=\"52bbd69\" data-element_type=\"column\" data-e-type=\"column\">\n\t\t\t<div class=\"elementor-widget-wrap elementor-element-populated\">\n\t\t\t\t\t\t<div class=\"elementor-element elementor-element-5257c96 elementor-widget elementor-widget-heading\" data-id=\"5257c96\" data-element_type=\"widget\" data-e-type=\"widget\" data-widget_type=\"heading.default\">\n\t\t\t\t<div class=\"elementor-widget-container\">\n\t\t\t\t\t<h1 class=\"elementor-heading-title elementor-size-default\">Contactez-nous <\/h1>\t\t\t\t<\/div>\n\t\t\t\t<\/div>\n\t\t\t\t<div class=\"elementor-element elementor-element-ed2e61f elementor-widget elementor-widget-breadcrumbs\" data-id=\"ed2e61f\" data-element_type=\"widget\" data-e-type=\"widget\" data-widget_type=\"breadcrumbs.default\">\n\t\t\t\t<div class=\"elementor-widget-container\">\n\t\t\t\t\t<p id=\"breadcrumbs\"><span><span><a href=\"https:\/\/www.feinsinn-zahngesundheit.ch\/\">Home<\/a><\/span><\/span><\/p>\t\t\t\t<\/div>\n\t\t\t\t<\/div>\n\t\t\t\t\t<\/div>\n\t\t<\/div>\n\t\t\t\t\t<\/div>\n\t\t<\/section>\n\t\t\t\t<div class=\"elementor-section elementor-top-section elementor-element elementor-element-ff896d1 contact-info-area pt-100 pb-75 elementor-section-boxed elementor-section-height-default elementor-section-height-default\" data-id=\"ff896d1\" data-element_type=\"section\" data-e-type=\"section\" data-settings=\"{&quot;jet_parallax_layout_list&quot;:[]}\">\n\t\t\t\t\t\t<div class=\"elementor-container elementor-column-gap-no\">\n\t\t\t\t\t<div class=\"elementor-column elementor-col-100 elementor-top-column elementor-element elementor-element-0d49c8a\" data-id=\"0d49c8a\" data-element_type=\"column\" data-e-type=\"column\">\n\t\t\t<div class=\"elementor-widget-wrap elementor-element-populated\">\n\t\t\t\t\t\t<div class=\"elementor-element elementor-element-4d33fd8 elementor-widget elementor-widget-html\" data-id=\"4d33fd8\" data-element_type=\"widget\" data-e-type=\"widget\" data-widget_type=\"html.default\">\n\t\t\t\t<div class=\"elementor-widget-container\">\n\t\t\t\t\t<H3>Votre message a \u00e9t\u00e9 envoy\u00e9 avec succ\u00e8s. Nous reviendrons vers vous dans les plus brefs d\u00e9lais.<\/h3>\r\n <script type=\"text\/javascript\">\r\n               dataLayer.push({\r\n                    'event': 'confirmation-contact',\r\n                    'virtualDocumentPath': '\/confirmation-contact',\r\n                     'virtualDocumentTitle': 'Page de confirmation contact'\r\n                });\r\n        <\/script>\r\n\t\t\t\t<\/div>\n\t\t\t\t<\/div>\n\t\t\t\t\t<\/div>\n\t\t<\/div>\n\t\t\t\t\t<\/div>\n\t\t<\/div>\n\t\t\t\t<div class=\"elementor-section elementor-top-section elementor-element elementor-element-8ea6737 elementor-section-full_width contact-info-area  elementor-section-height-default elementor-section-height-default\" data-id=\"8ea6737\" data-element_type=\"section\" data-e-type=\"section\" data-settings=\"{&quot;jet_parallax_layout_list&quot;:[]}\">\n\t\t\t\t\t\t<div class=\"elementor-container elementor-column-gap-no\">\n\t\t\t\t\t<div class=\"elementor-column elementor-col-100 elementor-top-column elementor-element elementor-element-4b9ef8b\" data-id=\"4b9ef8b\" data-element_type=\"column\" data-e-type=\"column\">\n\t\t\t<div class=\"elementor-widget-wrap elementor-element-populated\">\n\t\t\t\t\t\t<div class=\"elementor-element elementor-element-5fb2608 elementor-widget elementor-widget-Rola_Section\" data-id=\"5fb2608\" data-element_type=\"widget\" data-e-type=\"widget\" data-widget_type=\"Rola_Section.default\">\n\t\t\t\t<div class=\"elementor-widget-container\">\n\t\t\t\t\t                    <div class=\"container\">\r\n                <div class=\"section-title\">\r\n                                            <span class=\"sub-title\">\r\n                                                        INFORMATIONS DE CONTACT                        <\/span>\r\n                                        <h2>Vous pouvez \u00e9galement nous joindre par <b>T\u00e9l\u00e9phone<\/b> ou <b> E-mail<\/b> au horaires d'ouverture :\n<\/h2>\r\n                    <p><\/p>\r\n                <\/div>\r\n            <\/div>\r\n        \r\n        \t\t\t\t<\/div>\n\t\t\t\t<\/div>\n\t\t\t\t<div class=\"elementor-element elementor-element-bc2552f infoscontact elementor-widget elementor-widget-rolacontactInfo\" data-id=\"bc2552f\" data-element_type=\"widget\" data-e-type=\"widget\" data-widget_type=\"rolacontactInfo.default\">\n\t\t\t\t<div class=\"elementor-widget-container\">\n\t\t\t\t\t\r\n        <div class=\"container\">\r\n            <div class=\"row justify-content-center\">\r\n                                    <div class=\"col-lg-4 col-md-4\">\r\n                        <div class=\"single-contact-info-card\">\r\n                                                            <div class=\"icon\">\r\n                                    <i class='bx bx-envelope'><\/i>\r\n                                <\/div>\r\n                            \r\n                            <h3>Adresse E-mail : <\/h3>\r\n\r\n                             <p><a href=\"mailto:info@feinsinn-zahngesundheit.ch\">info@feinsinn-zahngesundheit.ch<\/a><\/p>                                               <\/div>\r\n                    <\/div>\r\n                                    <div class=\"col-lg-4 col-md-4\">\r\n                        <div class=\"single-contact-info-card\">\r\n                                                            <div class=\"icon\">\r\n                                    <i class='bx bx-phone-call'><\/i>\r\n                                <\/div>\r\n                            \r\n                            <h3>T\u00e9l\u00e9phone :<\/h3>\r\n\r\n                              <p><a href=\"tel:0041412400288\">+41 (0)412 400 288<\/a><\/p>                        <\/div>\r\n                    <\/div>\r\n                                    <div class=\"col-lg-4 col-md-4\">\r\n                        <div class=\"single-contact-info-card\">\r\n                                                            <div class=\"icon\">\r\n                                    <i class='bx bx-time-five'><\/i>\r\n                                <\/div>\r\n                            \r\n                            <h3>Heures d&#039;ouverture :<\/h3>\r\n\r\n                            <span style=\"color:white\"><p><b>Lundi \/ Mardi :<\/b> 08:30 \u2013 17:30<\/p>\n<p><b>Mercredi \/ Jeudi :<\/b> 08:30 \u2013 16:00<\/p>\n<p><b>Vendredi :<\/b> 08:30 \u2013 12:00<\/p><\/span>\n                        <\/div>\r\n                    <\/div>\r\n                            <\/div>\r\n        <\/div>\r\n\r\n    \t\t\t\t<\/div>\n\t\t\t\t<\/div>\n\t\t\t\t\t<\/div>\n\t\t<\/div>\n\t\t\t\t\t<\/div>\n\t\t<\/div>\n\t\t\t\t<section class=\"elementor-section elementor-top-section elementor-element elementor-element-2b6d7f8 elementor-section-full_width elementor-section-height-default elementor-section-height-default\" data-id=\"2b6d7f8\" data-element_type=\"section\" data-e-type=\"section\" data-settings=\"{&quot;jet_parallax_layout_list&quot;:[]}\">\n\t\t\t\t\t\t<div class=\"elementor-container elementor-column-gap-default\">\n\t\t\t\t\t<div class=\"elementor-column elementor-col-100 elementor-top-column elementor-element elementor-element-5f64092\" data-id=\"5f64092\" data-element_type=\"column\" data-e-type=\"column\">\n\t\t\t<div class=\"elementor-widget-wrap elementor-element-populated\">\n\t\t\t\t\t\t<div class=\"elementor-element elementor-element-b5ba37a elementor-widget elementor-widget-google_maps\" data-id=\"b5ba37a\" data-element_type=\"widget\" data-e-type=\"widget\" data-widget_type=\"google_maps.default\">\n\t\t\t\t<div class=\"elementor-widget-container\">\n\t\t\t\t\t\t\t<div class=\"elementor-custom-embed\">\n\t\t\t<iframe loading=\"lazy\"\n\t\t\t\t\tsrc=\"https:\/\/maps.google.com\/maps?q=Feinsinn%20Zahngesundheit%20Pilatusstrasse%2060%206003%20Luzern&#038;t=m&#038;z=15&#038;output=embed&#038;iwloc=near\"\n\t\t\t\t\ttitle=\"Feinsinn Zahngesundheit Pilatusstrasse 60 6003 Luzern\"\n\t\t\t\t\taria-label=\"Feinsinn Zahngesundheit Pilatusstrasse 60 6003 Luzern\"\n\t\t\t><\/iframe>\n\t\t<\/div>\n\t\t\t\t\t\t<\/div>\n\t\t\t\t<\/div>\n\t\t\t\t\t<\/div>\n\t\t<\/div>\n\t\t\t\t\t<\/div>\n\t\t<\/section>\n\t\t\t\t<\/div>\n\t\t","protected":false},"excerpt":{"rendered":"<p>Contactez-nous Votre message a \u00e9t\u00e9 envoy\u00e9 avec succ\u00e8s. Nous reviendrons vers vous dans les plus brefs d\u00e9lais. INFORMATIONS DE CONTACT Vous pouvez \u00e9galement nous joindre par T\u00e9l\u00e9phone ou E-mail au horaires d&rsquo;ouverture : Adresse E-mail : info@feinsinn-zahngesundheit.ch T\u00e9l\u00e9phone : +41 (0)412 400 288 Heures d&#039;ouverture : Lundi \/ Mardi : 08:30 \u2013 17:30 Mercredi \/ <\/p>\n","protected":false},"author":1,"featured_media":2721,"parent":0,"menu_order":0,"comment_status":"closed","ping_status":"closed","template":"elementor_header_footer","meta":{"footnotes":""},"class_list":["post-3674","page","type-page","status-publish","has-post-thumbnail","hentry"],"acf":[],"yoast_head":"<!-- This site is optimized with the Yoast SEO plugin v27.3 - https:\/\/yoast.com\/product\/yoast-seo-wordpress\/ -->\n<title>Contactez-nous : confirmation - Feinsinn<\/title>\n<meta name=\"robots\" content=\"index, follow, max-snippet:-1, max-image-preview:large, max-video-preview:-1\" \/>\n<link rel=\"canonical\" href=\"https:\/\/www.feinsinn-zahngesundheit.ch\/fr\/contactez-nous-confirmation\/\" \/>\n<meta property=\"og:locale\" content=\"fr_FR\" \/>\n<meta property=\"og:type\" content=\"article\" \/>\n<meta property=\"og:title\" content=\"Contactez-nous : confirmation - Feinsinn\" \/>\n<meta property=\"og:description\" content=\"Contactez-nous Votre message a \u00e9t\u00e9 envoy\u00e9 avec succ\u00e8s. Nous reviendrons vers vous dans les plus brefs d\u00e9lais. INFORMATIONS DE CONTACT Vous pouvez \u00e9galement nous joindre par T\u00e9l\u00e9phone ou E-mail au horaires d&rsquo;ouverture : Adresse E-mail : info@feinsinn-zahngesundheit.ch T\u00e9l\u00e9phone : +41 (0)412 400 288 Heures d&#039;ouverture : Lundi \/ Mardi : 08:30 \u2013 17:30 Mercredi \/\" \/>\n<meta property=\"og:url\" content=\"https:\/\/www.feinsinn-zahngesundheit.ch\/fr\/contactez-nous-confirmation\/\" \/>\n<meta property=\"og:site_name\" content=\"Feinsinn\" \/>\n<meta property=\"article:modified_time\" content=\"2024-07-15T07:19:59+00:00\" \/>\n<meta property=\"og:image\" content=\"https:\/\/www.feinsinn-zahngesundheit.ch\/wp-content\/uploads\/2023\/06\/banner-home.jpg\" \/>\n\t<meta property=\"og:image:width\" content=\"2500\" \/>\n\t<meta property=\"og:image:height\" content=\"1866\" \/>\n\t<meta property=\"og:image:type\" content=\"image\/jpeg\" \/>\n<meta name=\"twitter:card\" content=\"summary_large_image\" \/>\n<meta name=\"twitter:label1\" content=\"Dur\u00e9e de lecture estim\u00e9e\" \/>\n\t<meta name=\"twitter:data1\" content=\"1 minute\" \/>\n<script type=\"application\/ld+json\" class=\"yoast-schema-graph\">{\"@context\":\"https:\\\/\\\/schema.org\",\"@graph\":[{\"@type\":\"WebPage\",\"@id\":\"https:\\\/\\\/www.feinsinn-zahngesundheit.ch\\\/contactez-nous-confirmation\\\/\",\"url\":\"https:\\\/\\\/www.feinsinn-zahngesundheit.ch\\\/contactez-nous-confirmation\\\/\",\"name\":\"Contactez-nous : confirmation - Feinsinn\",\"isPartOf\":{\"@id\":\"https:\\\/\\\/www.feinsinn-zahngesundheit.ch\\\/#website\"},\"primaryImageOfPage\":{\"@id\":\"https:\\\/\\\/www.feinsinn-zahngesundheit.ch\\\/contactez-nous-confirmation\\\/#primaryimage\"},\"image\":{\"@id\":\"https:\\\/\\\/www.feinsinn-zahngesundheit.ch\\\/contactez-nous-confirmation\\\/#primaryimage\"},\"thumbnailUrl\":\"https:\\\/\\\/www.feinsinn-zahngesundheit.ch\\\/wp-content\\\/uploads\\\/2023\\\/06\\\/banner-home.jpg\",\"datePublished\":\"2023-07-04T08:50:45+00:00\",\"dateModified\":\"2024-07-15T07:19:59+00:00\",\"breadcrumb\":{\"@id\":\"https:\\\/\\\/www.feinsinn-zahngesundheit.ch\\\/contactez-nous-confirmation\\\/#breadcrumb\"},\"inLanguage\":\"fr-FR\",\"potentialAction\":[{\"@type\":\"ReadAction\",\"target\":[\"https:\\\/\\\/www.feinsinn-zahngesundheit.ch\\\/contactez-nous-confirmation\\\/\"]}]},{\"@type\":\"ImageObject\",\"inLanguage\":\"fr-FR\",\"@id\":\"https:\\\/\\\/www.feinsinn-zahngesundheit.ch\\\/contactez-nous-confirmation\\\/#primaryimage\",\"url\":\"https:\\\/\\\/www.feinsinn-zahngesundheit.ch\\\/wp-content\\\/uploads\\\/2023\\\/06\\\/banner-home.jpg\",\"contentUrl\":\"https:\\\/\\\/www.feinsinn-zahngesundheit.ch\\\/wp-content\\\/uploads\\\/2023\\\/06\\\/banner-home.jpg\",\"width\":2500,\"height\":1866},{\"@type\":\"BreadcrumbList\",\"@id\":\"https:\\\/\\\/www.feinsinn-zahngesundheit.ch\\\/contactez-nous-confirmation\\\/#breadcrumb\",\"itemListElement\":[{\"@type\":\"ListItem\",\"position\":1,\"name\":\"Home\",\"item\":\"https:\\\/\\\/www.feinsinn-zahngesundheit.ch\\\/\"},{\"@type\":\"ListItem\",\"position\":2,\"name\":\"Contactez-nous : confirmation\"}]},{\"@type\":\"WebSite\",\"@id\":\"https:\\\/\\\/www.feinsinn-zahngesundheit.ch\\\/#website\",\"url\":\"https:\\\/\\\/www.feinsinn-zahngesundheit.ch\\\/\",\"name\":\"Feinsinn\",\"description\":\"\",\"publisher\":{\"@id\":\"https:\\\/\\\/www.feinsinn-zahngesundheit.ch\\\/#organization\"},\"potentialAction\":[{\"@type\":\"SearchAction\",\"target\":{\"@type\":\"EntryPoint\",\"urlTemplate\":\"https:\\\/\\\/www.feinsinn-zahngesundheit.ch\\\/?s={search_term_string}\"},\"query-input\":{\"@type\":\"PropertyValueSpecification\",\"valueRequired\":true,\"valueName\":\"search_term_string\"}}],\"inLanguage\":\"fr-FR\"},{\"@type\":\"Organization\",\"@id\":\"https:\\\/\\\/www.feinsinn-zahngesundheit.ch\\\/#organization\",\"name\":\"Feinsinn\",\"url\":\"https:\\\/\\\/www.feinsinn-zahngesundheit.ch\\\/\",\"logo\":{\"@type\":\"ImageObject\",\"inLanguage\":\"fr-FR\",\"@id\":\"https:\\\/\\\/www.feinsinn-zahngesundheit.ch\\\/#\\\/schema\\\/logo\\\/image\\\/\",\"url\":\"https:\\\/\\\/www.feinsinn-zahngesundheit.ch\\\/wp-content\\\/uploads\\\/2023\\\/06\\\/logo_feinsinn_rvb.png\",\"contentUrl\":\"https:\\\/\\\/www.feinsinn-zahngesundheit.ch\\\/wp-content\\\/uploads\\\/2023\\\/06\\\/logo_feinsinn_rvb.png\",\"width\":1000,\"height\":335,\"caption\":\"Feinsinn\"},\"image\":{\"@id\":\"https:\\\/\\\/www.feinsinn-zahngesundheit.ch\\\/#\\\/schema\\\/logo\\\/image\\\/\"}}]}<\/script>\n<!-- \/ Yoast SEO plugin. -->","yoast_head_json":{"title":"Contactez-nous : confirmation - Feinsinn","robots":{"index":"index","follow":"follow","max-snippet":"max-snippet:-1","max-image-preview":"max-image-preview:large","max-video-preview":"max-video-preview:-1"},"canonical":"https:\/\/www.feinsinn-zahngesundheit.ch\/fr\/contactez-nous-confirmation\/","og_locale":"fr_FR","og_type":"article","og_title":"Contactez-nous : confirmation - Feinsinn","og_description":"Contactez-nous Votre message a \u00e9t\u00e9 envoy\u00e9 avec succ\u00e8s. Nous reviendrons vers vous dans les plus brefs d\u00e9lais. INFORMATIONS DE CONTACT Vous pouvez \u00e9galement nous joindre par T\u00e9l\u00e9phone ou E-mail au horaires d&rsquo;ouverture : Adresse E-mail : info@feinsinn-zahngesundheit.ch T\u00e9l\u00e9phone : +41 (0)412 400 288 Heures d&#039;ouverture : Lundi \/ Mardi : 08:30 \u2013 17:30 Mercredi \/","og_url":"https:\/\/www.feinsinn-zahngesundheit.ch\/fr\/contactez-nous-confirmation\/","og_site_name":"Feinsinn","article_modified_time":"2024-07-15T07:19:59+00:00","og_image":[{"width":2500,"height":1866,"url":"https:\/\/www.feinsinn-zahngesundheit.ch\/wp-content\/uploads\/2023\/06\/banner-home.jpg","type":"image\/jpeg"}],"twitter_card":"summary_large_image","twitter_misc":{"Dur\u00e9e de lecture estim\u00e9e":"1 minute"},"schema":{"@context":"https:\/\/schema.org","@graph":[{"@type":"WebPage","@id":"https:\/\/www.feinsinn-zahngesundheit.ch\/contactez-nous-confirmation\/","url":"https:\/\/www.feinsinn-zahngesundheit.ch\/contactez-nous-confirmation\/","name":"Contactez-nous : confirmation - Feinsinn","isPartOf":{"@id":"https:\/\/www.feinsinn-zahngesundheit.ch\/#website"},"primaryImageOfPage":{"@id":"https:\/\/www.feinsinn-zahngesundheit.ch\/contactez-nous-confirmation\/#primaryimage"},"image":{"@id":"https:\/\/www.feinsinn-zahngesundheit.ch\/contactez-nous-confirmation\/#primaryimage"},"thumbnailUrl":"https:\/\/www.feinsinn-zahngesundheit.ch\/wp-content\/uploads\/2023\/06\/banner-home.jpg","datePublished":"2023-07-04T08:50:45+00:00","dateModified":"2024-07-15T07:19:59+00:00","breadcrumb":{"@id":"https:\/\/www.feinsinn-zahngesundheit.ch\/contactez-nous-confirmation\/#breadcrumb"},"inLanguage":"fr-FR","potentialAction":[{"@type":"ReadAction","target":["https:\/\/www.feinsinn-zahngesundheit.ch\/contactez-nous-confirmation\/"]}]},{"@type":"ImageObject","inLanguage":"fr-FR","@id":"https:\/\/www.feinsinn-zahngesundheit.ch\/contactez-nous-confirmation\/#primaryimage","url":"https:\/\/www.feinsinn-zahngesundheit.ch\/wp-content\/uploads\/2023\/06\/banner-home.jpg","contentUrl":"https:\/\/www.feinsinn-zahngesundheit.ch\/wp-content\/uploads\/2023\/06\/banner-home.jpg","width":2500,"height":1866},{"@type":"BreadcrumbList","@id":"https:\/\/www.feinsinn-zahngesundheit.ch\/contactez-nous-confirmation\/#breadcrumb","itemListElement":[{"@type":"ListItem","position":1,"name":"Home","item":"https:\/\/www.feinsinn-zahngesundheit.ch\/"},{"@type":"ListItem","position":2,"name":"Contactez-nous : confirmation"}]},{"@type":"WebSite","@id":"https:\/\/www.feinsinn-zahngesundheit.ch\/#website","url":"https:\/\/www.feinsinn-zahngesundheit.ch\/","name":"Feinsinn","description":"","publisher":{"@id":"https:\/\/www.feinsinn-zahngesundheit.ch\/#organization"},"potentialAction":[{"@type":"SearchAction","target":{"@type":"EntryPoint","urlTemplate":"https:\/\/www.feinsinn-zahngesundheit.ch\/?s={search_term_string}"},"query-input":{"@type":"PropertyValueSpecification","valueRequired":true,"valueName":"search_term_string"}}],"inLanguage":"fr-FR"},{"@type":"Organization","@id":"https:\/\/www.feinsinn-zahngesundheit.ch\/#organization","name":"Feinsinn","url":"https:\/\/www.feinsinn-zahngesundheit.ch\/","logo":{"@type":"ImageObject","inLanguage":"fr-FR","@id":"https:\/\/www.feinsinn-zahngesundheit.ch\/#\/schema\/logo\/image\/","url":"https:\/\/www.feinsinn-zahngesundheit.ch\/wp-content\/uploads\/2023\/06\/logo_feinsinn_rvb.png","contentUrl":"https:\/\/www.feinsinn-zahngesundheit.ch\/wp-content\/uploads\/2023\/06\/logo_feinsinn_rvb.png","width":1000,"height":335,"caption":"Feinsinn"},"image":{"@id":"https:\/\/www.feinsinn-zahngesundheit.ch\/#\/schema\/logo\/image\/"}}]}},"_links":{"self":[{"href":"https:\/\/www.feinsinn-zahngesundheit.ch\/fr\/wp-json\/wp\/v2\/pages\/3674","targetHints":{"allow":["GET"]}}],"collection":[{"href":"https:\/\/www.feinsinn-zahngesundheit.ch\/fr\/wp-json\/wp\/v2\/pages"}],"about":[{"href":"https:\/\/www.feinsinn-zahngesundheit.ch\/fr\/wp-json\/wp\/v2\/types\/page"}],"author":[{"embeddable":true,"href":"https:\/\/www.feinsinn-zahngesundheit.ch\/fr\/wp-json\/wp\/v2\/users\/1"}],"replies":[{"embeddable":true,"href":"https:\/\/www.feinsinn-zahngesundheit.ch\/fr\/wp-json\/wp\/v2\/comments?post=3674"}],"version-history":[{"count":16,"href":"https:\/\/www.feinsinn-zahngesundheit.ch\/fr\/wp-json\/wp\/v2\/pages\/3674\/revisions"}],"predecessor-version":[{"id":4269,"href":"https:\/\/www.feinsinn-zahngesundheit.ch\/fr\/wp-json\/wp\/v2\/pages\/3674\/revisions\/4269"}],"wp:featuredmedia":[{"embeddable":true,"href":"https:\/\/www.feinsinn-zahngesundheit.ch\/fr\/wp-json\/wp\/v2\/media\/2721"}],"wp:attachment":[{"href":"https:\/\/www.feinsinn-zahngesundheit.ch\/fr\/wp-json\/wp\/v2\/media?parent=3674"}],"curies":[{"name":"wp","href":"https:\/\/api.w.org\/{rel}","templated":true}]}}